{"id":4945,"date":"2025-12-17T09:04:35","date_gmt":"2025-12-17T08:04:35","guid":{"rendered":"https:\/\/www.plinarna-maribor.si\/help-and-support\/district-heating\/druge-kotlovnice\/"},"modified":"2025-12-17T14:01:20","modified_gmt":"2025-12-17T13:01:20","slug":"other-boiler-houses","status":"publish","type":"page","link":"https:\/\/www.plinarna-maribor.si\/en\/help-and-support\/district-heating\/other-boiler-houses\/","title":{"rendered":"Other boiler houses"},"content":{"rendered":"\n\t<section class=\"section\" id=\"section_1531508770\">\n\t\t<div class=\"section-bg fill\" >\n\t\t\t<img loading=\"lazy\" decoding=\"async\" width=\"2000\" height=\"1196\" src=\"https:\/\/www.plinarna-maribor.si\/wp-content\/uploads\/naslovnica-pogodbena-oskrba-z-energijo.jpg\" class=\"bg attachment-original size-original\" alt=\"\" title=\"\">\t\t\t\t\t\t<div class=\"section-bg-overlay absolute fill\"><\/div>\n\t\t\t\n\n\t\t<\/div>\n\n\t\t\n\n\t\t<div class=\"section-content relative\">\n\t\t\t\n<div class=\"row\"  id=\"row-1645999940\">\n\n\t<div id=\"col-2041096665\" class=\"col pb-0 mainsec-pl medium-12 small-12 large-7\"  >\n\t\t\t\t<div class=\"col-inner\"  >\n\t\t\t\n\t\t\t\n<div class=\"row\"  id=\"row-1785652623\">\n\n\t<div id=\"col-242861053\" class=\"col pb-0 col-mainsec small-12 large-12\"  >\n\t\t\t\t<div class=\"col-inner\"  >\n\t\t\t\n\t\t\t\n\t<div id=\"text-3447605692\" class=\"text\">\n\t\t\n<h1 class=\"main-tit\">Druge kotlovnice<\/h1>\n\t\t\n<style>\n#text-3447605692 {\n  color: rgb(255,255,255);\n}\n#text-3447605692 > * {\n  color: rgb(255,255,255);\n}\n<\/style>\n\t<\/div>\n\t\n\t\t<\/div>\n\t\t\t\t\t<\/div>\n\n\t\n<\/div>\n\t\t<\/div>\n\t\t\t\t\t<\/div>\n\n\t\n<\/div>\n\t\t<\/div>\n\n\t\t\n<style>\n#section_1531508770 {\n  padding-top: 65px;\n  padding-bottom: 65px;\n  min-height: 0vh;\n}\n#section_1531508770 .section-bg-overlay {\n  background-color: rgba(8, 63, 136, 0.575);\n}\n#section_1531508770 .section-bg img {\n  object-position: 48% 80%;\n}\n@media (min-width:550px) {\n  #section_1531508770 {\n    padding-top: 65px;\n    padding-bottom: 65px;\n  }\n}\n@media (min-width:850px) {\n  #section_1531508770 {\n    padding-top: 100px;\n    padding-bottom: 100px;\n    min-height: 71vh;\n  }\n}\n<\/style>\n\t<\/section>\n\t\n<div class=\"row align-middle breadcrump\"  id=\"row-248888094\">\n\n\t<div id=\"col-1969578478\" class=\"col pb-0 small-12 large-12\"  >\n\t\t\t\t<div class=\"col-inner\"  >\n\t\t\t\n\t\t\t\n\t\t<div class=\"pb-0\">\n\t\t\t\t\n<nav aria-label=\"breadcrumbs\" class=\"rank-math-breadcrumb\"><p><\/p><\/nav>\n\t\t<\/div>\n\t\n\t\t<\/div>\n\t\t\t\t\t<\/div>\n\n\t\n<\/div>\n\n\t<section class=\"section\" id=\"section_1096514586\">\n\t\t<div class=\"section-bg fill\" >\n\t\t\t\t\t\t\t\t\t\n\t\t\t\n\n\t\t<\/div>\n\n\t\t\n\n\t\t<div class=\"section-content relative\">\n\t\t\t\n<div class=\"row\"  id=\"row-834947016\">\n\n\t<div id=\"col-2019519157\" class=\"col pb-0 brd medium-12 small-12 large-9\"  >\n\t\t\t\t<div class=\"col-inner\"  >\n\t\t\t\n\t<div class=\"is-border\"\n\t\tstyle=\"border-width:0px 1px 0px 0px;margin:0px 1px 0px 0px;\">\n\t<\/div>\n\t\t\t\n<span class=\"scroll-to\" data-label=\"Scroll to: #kontakti\" data-bullet=\"false\" data-link=\"#kontakti\" data-title=\"Kontakti\"><a name=\"kontakti\"><\/a><\/span>\n<h2 class=\"s-tit bfr-blue\">Kontakti za odjemalce toplote<\/h2>\n<p><span style=\"text-decoration: underline;\">Za dodatne informacije, smo vam z veseljem na voljo: <\/span><\/p>\n<ul>\n<li>na telefonski \u0161tevilki za podporo odjemalcem: <strong><span style=\"text-decoration: underline;\"><a href=\"tel:+38622284300\">02 22 843 00<\/a><br \/>\n<\/span><\/strong>\u2013 <strong>v \u010dasu uradnih ur:<\/strong><br \/>\n<strong>PON, TOR in \u010cET:<\/strong> 9.00 &#8211; 11.00 in 12.00 &#8211; 14.30<br \/>\n<strong>SRE:<\/strong> 9.00 &#8211; 11.00 in 12.00 &#8211; 17.00<br \/>\n<strong>PET:<\/strong> 9.00 &#8211; 11.00<\/li>\n<li>na e-naslovu: <strong><a href=\"mailto:toplota@plinarna-maribor.si\"><span style=\"text-decoration: underline;\">toplota@plinarna-maribor.si<\/span><\/a><\/strong><\/li>\n<li>na po\u0161tnem naslovu:<br \/>\n<strong>PLINARNA MARIBOR d.o.o.<\/strong><br \/>\n<strong>Plinarni\u0161ka ulica 9 <\/strong><br \/>\n<strong>2000 Maribor<\/strong><\/li>\n<li><strong>osebno na sede\u017eu Plinarne Maribor<\/strong><br \/>\n(Plinarni\u0161ka ulica 9, 2000 Maribor) <strong>v \u010dasu uradnih ur<br \/>\n<\/strong><\/li>\n<\/ul>\n<h3 class=\"s-tit bfr-green\">Prijava motenj in okvar<\/h3>\n<p>V kolikor \u017eelite prijaviti okvaro ali motnjo v sistemu daljinskega ogrevanja, pokli\u010dite na\u0161o intervencijsko slu\u017ebo na telefonsko \u0161tevilko: <span style=\"text-decoration: underline;\"><strong><a href=\"tel:+38622284300\">02 22 843 00<\/a><\/strong><\/span>.<\/p>\n\t<div id=\"gap-2017951207\" class=\"gap-element clearfix\" style=\"display:block; height:auto;\">\n\t\t\n<style>\n#gap-2017951207 {\n  padding-top: 30px;\n}\n<\/style>\n\t<\/div>\n\t\n\t<div id=\"gap-1972104865\" class=\"gap-element clearfix\" style=\"display:block; height:auto;\">\n\t\t\n<style>\n#gap-1972104865 {\n  padding-top: 5px;\n}\n<\/style>\n\t<\/div>\n\t\n<span class=\"scroll-to\" data-label=\"Scroll to: #moznost-prejema-racunov\" data-bullet=\"false\" data-link=\"#moznost-prejema-racunov\" data-title=\"Mo\u017enost prejema ra\u010dunov\"><a name=\"moznost-prejema-racunov\"><\/a><\/span>\n<h2 class=\"s-tit bfr-blue\">Ra\u010duni<\/h2>\n<h3 class=\"s-tit bfr-green\">Mo\u017enost prejema ra\u010dunov<\/h3>\n<ul>\n<li style=\"font-weight: 400;\" aria-level=\"1\"><span style=\"font-weight: 400;\">V pisni obliki, <\/span>po po\u0161ti<span style=\"font-weight: 400;\"> v hi\u0161ni predal\u010dnik<\/span><\/li>\n<li style=\"font-weight: 400;\" aria-level=\"1\"><span style=\"font-weight: 400;\">V elektronski obliki, na va\u0161 sporo\u010den <\/span>e-naslov \u2013 <strong>naro\u010dite eRa\u010dun<\/strong><\/li>\n<\/ul>\n<h3 class=\"s-tit bfr-green\">Kako do eRa\u010duna Plinarne Maribor?<\/h3>\n<ul>\n<li>Z naro\u010dilom preko portala <strong><span style=\"text-decoration: underline;\"><a href=\"https:\/\/mojplin.plinarna-maribor.si\/\">MojPlin<\/a><\/span><\/strong><\/li>\n<li>Z izpolnitvjo <span style=\"text-decoration: underline;\"><strong><a href=\"\/wp-content\/uploads\/Kako-do-eRacuna-Plinarne-Maribor-za-odjemalce-ZP.pdf\">Zahtevka za prejemanje ra\u010dunov v elektronski obliki<\/a>,<\/strong><\/span> ki ga po\u0161ljite na e-naslov: <span style=\"text-decoration: underline;\"><strong><a href=\"mailto:e-racun@plinarna-maribor.si\">e-racun@plinarna-maribor.si<\/a><\/strong><\/span> ali po\u0161tni naslov: <strong>Plinarna Maribor d.o.o., Plinarni\u0161ka ulica 9, 2000 Maribor<\/strong><\/li>\n<li>S prijavo v va\u0161i izbrani <strong>spletni banki<\/strong><\/li>\n<li>Z vklopom v mobilni denarnici <strong>mBills<\/strong><\/li>\n<\/ul>\n<div class=\"row\"  id=\"row-1759111389\">\n\n\t<div id=\"col-68249827\" class=\"col medium-6 small-12 large-6\"  >\n\t\t\t\t<div class=\"col-inner\"  >\n\t\t\t\n\t\t\t\n\n\t<a class=\"plain\" href=\"\/wp-content\/uploads\/ZAHTEVEK-ZA-PREJEMANJE-RACUNOV-V-ELEKTRONSKI-OBLIKI-eRACUN.pdf\" target=\"_blank\" rel=\"noopener\" >\t<div class=\"icon-box featured-box pdf icon-box-left text-left\"  >\n\t\t\t\t\t<div class=\"icon-box-img has-icon-bg\" style=\"width: 48px\">\n\t\t\t\t<div class=\"icon\">\n\t\t\t\t\t<div class=\"icon-inner\" style=\"border-width:1px;\">\n\t\t\t\t\t\t<svg height=\"48\" viewBox=\"0 -960 960 960\" width=\"48\" xmlns=\"http:\/\/www.w3.org\/2000\/svg\"><path d=\"m331-431h37v-83h48q15.725 0 26.362-10.638 10.638-10.637 10.638-26.362v-48q0-15.725-10.638-26.362-10.637-10.638-26.362-10.638h-85zm37-120v-48h48v48zm129 120h84q15 0 26-10.638 11-10.637 11-26.362v-131q0-15.725-11-26.362-11-10.638-26-10.638h-84zm37-37v-131h47v131zm133 37h37v-83h50v-37h-50v-48h50v-37h-87zm-407 231q-24 0-42-18t-18-42v-560q0-24 18-42t42-18h560q24 0 42 18t18 42v560q0 24-18 42t-42 18zm0-60h560v-560h-560zm-120 180q-24 0-42-18t-18-42v-620h60v620h620v60zm120-740v560z\"\/><\/svg>\t\t\t\t\t<\/div>\n\t\t\t\t<\/div>\n\t\t\t<\/div>\n\t\t\t\t<div class=\"icon-box-text last-reset\">\n\t\t\t\t\t\t\t\t\t\n<p style=\"margin-bottom: 0px;\">ZAHTEVEK ZA PREJEMANJE RA\u010cUNOV V ELEKTRONSKI OBLIKI \u2013 eRA\u010cUN<\/p>\n\t\t<\/div>\n\t<\/div>\n\t<\/a>\n\t\n\t\t<\/div>\n\t\t\t\t\t<\/div>\n\n\t\n<\/div>\n<span class=\"scroll-to\" data-label=\"Scroll to: #reklamacija-racuna\" data-bullet=\"false\" data-link=\"#reklamacija-racuna\" data-title=\"Reklamacija ra\u010duna\"><a name=\"reklamacija-racuna\"><\/a><\/span>\n<h3 class=\"s-tit bfr-green\">Reklamacija ra\u010duna<\/h3>\n<p>Ra\u010dun lahko reklamirate do datuma njegove zapadlosti in reklamacijo posredujete na e-naslov: <span style=\"text-decoration: underline;\"><strong><a href=\"mailto:toplota@plinarna-maribor.si\">toplota@plinarna-maribor.si<\/a><\/strong><\/span>\u00a0ali po\u0161tni naslov Plinarna Maribor d.o.o., Plinarni\u0161ka ulica 9, 2000 Maribor<\/p>\n<h3 class=\"s-tit bfr-green\">Mo\u017enosti pla\u010dil ra\u010dunov<\/h3>\n<ul>\n<li>Pla\u010dila ra\u010dunov\u202fbrez provizije na Mestni blagajni\u202fMestne ob\u010dine Maribor \u2013 Glavna avtobusna postaja, Mlinska ulica 1 v Mariboru<br \/>\nNa\u010din pla\u010dila: samo z gotovino, do vrednosti 1.500 \u20ac<\/li>\n<li>Preko\u202fdirektne obremenitve<\/li>\n<li>Z univerzalnim pla\u010dilnim nalogom\u202fna bankah in po\u0161tah<\/li>\n<li>Preko elektronskega ban\u010dni\u0161tva<\/li>\n<\/ul>\n<div class=\"row\"  id=\"row-2084088240\">\n\n\t<div id=\"col-1775752179\" class=\"col medium-6 small-12 large-6\"  >\n\t\t\t\t<div class=\"col-inner\"  >\n\t\t\t\n\t\t\t\n\n\t<a class=\"plain\" href=\"\/wp-content\/uploads\/2024_07_PLMB_TOP_SEPA_Obrazec_final.pdf\" target=\"_blank\" rel=\"noopener\" >\t<div class=\"icon-box featured-box pdf icon-box-left text-left\"  >\n\t\t\t\t\t<div class=\"icon-box-img has-icon-bg\" style=\"width: 48px\">\n\t\t\t\t<div class=\"icon\">\n\t\t\t\t\t<div class=\"icon-inner\" style=\"border-width:1px;\">\n\t\t\t\t\t\t<svg height=\"48\" viewBox=\"0 -960 960 960\" width=\"48\" xmlns=\"http:\/\/www.w3.org\/2000\/svg\"><path d=\"m331-431h37v-83h48q15.725 0 26.362-10.638 10.638-10.637 10.638-26.362v-48q0-15.725-10.638-26.362-10.637-10.638-26.362-10.638h-85zm37-120v-48h48v48zm129 120h84q15 0 26-10.638 11-10.637 11-26.362v-131q0-15.725-11-26.362-11-10.638-26-10.638h-84zm37-37v-131h47v131zm133 37h37v-83h50v-37h-50v-48h50v-37h-87zm-407 231q-24 0-42-18t-18-42v-560q0-24 18-42t42-18h560q24 0 42 18t18 42v560q0 24-18 42t-42 18zm0-60h560v-560h-560zm-120 180q-24 0-42-18t-18-42v-620h60v620h620v60zm120-740v560z\"\/><\/svg>\t\t\t\t\t<\/div>\n\t\t\t\t<\/div>\n\t\t\t<\/div>\n\t\t\t\t<div class=\"icon-box-text last-reset\">\n\t\t\t\t\t\t\t\t\t\n<p style=\"margin-bottom: 0px;\">SOGLASJE ZA DIREKTNO OBREMENITEV SEPA (TRAJNIK) \u2013 za odjemalce toplote<\/p>\n\t\t<\/div>\n\t<\/div>\n\t<\/a>\n\t\n\t\t<\/div>\n\t\t\t\t\t<\/div>\n\n\t\n<\/div>\n\t\t<\/div>\n\t\t\t\t\n<style>\n#col-2019519157 > .col-inner {\n  padding: 0px 0px 0px 0px;\n}\n@media (min-width:550px) {\n  #col-2019519157 > .col-inner {\n    padding: 0px 0px 0px 0px;\n  }\n}\n@media (min-width:850px) {\n  #col-2019519157 > .col-inner {\n    padding: 0px 75px 0px 0px;\n  }\n}\n<\/style>\n\t<\/div>\n\n\t\n\n\t<div id=\"col-492371889\" class=\"col stck hide-for-medium medium-4 small-12 large-3 small-col-first\"  >\n\t\t<div class=\"is-sticky-column\"><div class=\"is-sticky-column__inner\">\t\t<div class=\"col-inner\"  >\n\t\t\t\n\t\t\t\n<ul class=\"page-menu\">\n<li><a href=\"#kontakti\">Kontakti za odjemalce toplote<\/a><\/li>\n<li><a href=\"#moznost-prejema-racunov\">Ra\u010duni<\/a><\/li>\n<li><a href=\"#reklamacija-racuna\">Reklamacija ra\u010duna<\/a><\/li>\n<\/ul>\n\t\t<\/div>\n\t\t<\/div><\/div>\t\t\t<\/div>\n\n\t\n<\/div>\n\t\t<\/div>\n\n\t\t\n<style>\n#section_1096514586 {\n  padding-top: 65px;\n  padding-bottom: 65px;\n}\n@media (min-width:550px) {\n  #section_1096514586 {\n    padding-top: 65px;\n    padding-bottom: 65px;\n  }\n}\n@media (min-width:850px) {\n  #section_1096514586 {\n    padding-top: 100px;\n    padding-bottom: 100px;\n  }\n}\n<\/style>\n\t<\/section>\n\t\n\n\t<section class=\"section\" id=\"section_1374022802\">\n\t\t<div class=\"section-bg fill\" >\n\t\t\t\t\t\t\t\t\t\n\t\t\t\n\n\t\t<\/div>\n\n\t\t\n\n\t\t<div class=\"section-content relative\">\n\t\t\t\n\n<div class=\"row\"  id=\"row-1886522390\">\n\n\n\t<div id=\"col-61661088\" class=\"col pb-0 medium-12 small-12 large-5\"  >\n\t\t\t\t<div class=\"col-inner\"  >\n\t\t\t\n\t\t\t\n\n<h2 class=\"s-tit\">Have you found everything you needed?<\/h2>\n\n\t\t<\/div>\n\t\t\t\t\t<\/div>\n\n\t\n\n\t<div id=\"col-1921265996\" class=\"col pb-0 medium-12 small-12 large-7\"  >\n\t\t\t\t<div class=\"col-inner\"  >\n\t\t\t\n\t\t\t\n\n<p class=\"cta-desc\">If you need any information and assistance on how to use our products, feel free to contact us<\/p>\n<a href=\"\/en\/contact\/ask-more\/\" class=\"button primary btn-green ask-us\" >\n\t\t<span>CONTACT US<\/span>\n\t<\/a>\n\n\n<a href=\"tel:+38622284300\" class=\"button primary btn-out cont\" >\n\t\t<span>+386 2 22 843 00<\/span>\n\t<\/a>\n\n\n\n\t\t<\/div>\n\t\t\t\t\t<\/div>\n\n\t\n\n<\/div>\n\t<div id=\"gap-1240813960\" class=\"gap-element clearfix\" style=\"display:block; height:auto;\">\n\t\t\n<style>\n#gap-1240813960 {\n  padding-top: 100px;\n}\n<\/style>\n\t<\/div>\n\t\n\n\n\t\t<\/div>\n\n\t\t\n<style>\n#section_1374022802 {\n  padding-top: 65px;\n  padding-bottom: 65px;\n  background-color: rgb(248, 248, 248);\n}\n@media (min-width:850px) {\n  #section_1374022802 {\n    padding-top: 100px;\n    padding-bottom: 100px;\n  }\n}\n<\/style>\n\t<\/section>\n\t\n","protected":false},"excerpt":{"rendered":"","protected":false},"author":1,"featured_media":0,"parent":2809,"menu_order":0,"comment_status":"closed","ping_status":"closed","template":"","meta":{"footnotes":""},"class_list":["post-4945","page","type-page","status-publish","hentry"],"_links":{"self":[{"href":"https:\/\/www.plinarna-maribor.si\/en\/wp-json\/wp\/v2\/pages\/4945","targetHints":{"allow":["GET"]}}],"collection":[{"href":"https:\/\/www.plinarna-maribor.si\/en\/wp-json\/wp\/v2\/pages"}],"about":[{"href":"https:\/\/www.plinarna-maribor.si\/en\/wp-json\/wp\/v2\/types\/page"}],"author":[{"embeddable":true,"href":"https:\/\/www.plinarna-maribor.si\/en\/wp-json\/wp\/v2\/users\/1"}],"replies":[{"embeddable":true,"href":"https:\/\/www.plinarna-maribor.si\/en\/wp-json\/wp\/v2\/comments?post=4945"}],"version-history":[{"count":0,"href":"https:\/\/www.plinarna-maribor.si\/en\/wp-json\/wp\/v2\/pages\/4945\/revisions"}],"up":[{"embeddable":true,"href":"https:\/\/www.plinarna-maribor.si\/en\/wp-json\/wp\/v2\/pages\/2809"}],"wp:attachment":[{"href":"https:\/\/www.plinarna-maribor.si\/en\/wp-json\/wp\/v2\/media?parent=4945"}],"curies":[{"name":"wp","href":"https:\/\/api.w.org\/{rel}","templated":true}]}}