{"id":4369,"date":"2024-04-24T21:04:56","date_gmt":"2024-04-24T19:04:56","guid":{"rendered":"https:\/\/plinarna-maribor.agencijapakt.si\/natural-gas-and-dso\/storitve-za-zemeljski-plin\/"},"modified":"2026-04-13T07:33:00","modified_gmt":"2026-04-13T05:33:00","slug":"natural-gas-services","status":"publish","type":"page","link":"https:\/\/www.plinarna-maribor.si\/en\/natural-gas-and-dso\/natural-gas-services\/","title":{"rendered":"Natural gas services"},"content":{"rendered":"\n\t<section class=\"section\" id=\"section_1429828503\">\n\t\t<div class=\"section-bg fill\" >\n\t\t\t<img loading=\"lazy\" decoding=\"async\" width=\"2000\" height=\"1196\" src=\"https:\/\/www.plinarna-maribor.si\/wp-content\/uploads\/2023\/11\/12-omrezje-ods.jpg\" class=\"bg attachment-original size-original\" alt=\"\" title=\"\">\t\t\t\t\t\t<div class=\"section-bg-overlay absolute fill\"><\/div>\n\t\t\t\n\n\t\t<\/div>\n\n\t\t\n\n\t\t<div class=\"section-content relative\">\n\t\t\t\n<div class=\"row\"  id=\"row-397849661\">\n\n\t<div id=\"col-2088140059\" class=\"col pb-0 mainsec-pl medium-12 small-12 large-7\"  >\n\t\t\t\t<div class=\"col-inner\"  >\n\t\t\t\n\t\t\t\n<div class=\"row\"  id=\"row-476534631\">\n\n\t<div id=\"col-697067572\" class=\"col pb-0 col-mainsec small-12 large-12\"  >\n\t\t\t\t<div class=\"col-inner\"  >\n\t\t\t\n\t\t\t\n\t<div id=\"text-1322233117\" class=\"text\">\n\t\t\n<h1 class=\"main-tit\">Storitve &#8211; zemeljski plin<\/h1>\n<p class=\"main-desc bigger\">Storitve izvajamo na <span style=\"text-decoration: underline; color: #ffff00;\"><a style=\"color: #fff; text-decoration: underline;\" href=\"https:\/\/www.plinarna-maribor.si\/en\/natural-gas-and-dso\/dso-network\/\">geografskih obmo\u010djih ob\u010din<\/a><\/span>, kjer delujemo kot Operater distribucijskega sistema zemeljskega plina.<\/p>\n\t\t\n<style>\n#text-1322233117 {\n  color: rgb(255,255,255);\n}\n#text-1322233117 > * {\n  color: rgb(255,255,255);\n}\n<\/style>\n\t<\/div>\n\t\n\t\t<\/div>\n\t\t\t\t\t<\/div>\n\n\t\n<\/div>\n\t\t<\/div>\n\t\t\t\t\t<\/div>\n\n\t\n<\/div>\n\t\t<\/div>\n\n\t\t\n<style>\n#section_1429828503 {\n  padding-top: 65px;\n  padding-bottom: 65px;\n  min-height: 0vh;\n}\n#section_1429828503 .section-bg-overlay {\n  background-color: rgba(8, 63, 136, 0.575);\n}\n#section_1429828503 .section-bg img {\n  object-position: 93% 83%;\n}\n@media (min-width:550px) {\n  #section_1429828503 {\n    padding-top: 65px;\n    padding-bottom: 65px;\n  }\n}\n@media (min-width:850px) {\n  #section_1429828503 {\n    padding-top: 100px;\n    padding-bottom: 100px;\n    min-height: 71vh;\n  }\n}\n<\/style>\n\t<\/section>\n\t\n<div class=\"row align-middle breadcrump\"  id=\"row-228376094\">\n\n\t<div id=\"col-885396141\" class=\"col pb-0 small-12 large-12\"  >\n\t\t\t\t<div class=\"col-inner\"  >\n\t\t\t\n\t\t\t\n\t\t<div class=\"pb-0\">\n\t\t\t\t\n<nav aria-label=\"breadcrumbs\" class=\"rank-math-breadcrumb\"><p><\/p><\/nav>\n\t\t<\/div>\n\t\n\t\t<\/div>\n\t\t\t\t\t<\/div>\n\n\t\n<\/div>\n<span class=\"scroll-to\" data-label=\"Scroll to: #pokritost-omrezja\" data-bullet=\"false\" data-link=\"#pokritost-omrezja\" data-title=\"Pokritost omre\u017eja\"><a name=\"pokritost-omrezja\"><\/a><\/span>\n\n\t<section class=\"section\" id=\"section_1218207340\">\n\t\t<div class=\"section-bg fill\" >\n\t\t\t\t\t\t\t\t\t\n\t\t\t\n\n\t\t<\/div>\n\n\t\t\n\n\t\t<div class=\"section-content relative\">\n\t\t\t\n<div class=\"row\"  id=\"row-1580554232\">\n\n\t<div id=\"col-1644539360\" class=\"col pb-0 brd medium-12 small-12 large-9\"  >\n\t\t\t\t<div class=\"col-inner\"  >\n\t\t\t\n\t<div class=\"is-border\"\n\t\tstyle=\"border-width:0px 1px 0px 0px;margin:0px 1px 0px 0px;\">\n\t<\/div>\n\t\t\t\n\t<div id=\"gap-458990965\" class=\"gap-element clearfix\" style=\"display:block; height:auto;\">\n\t\t\n<style>\n#gap-458990965 {\n  padding-top: 15px;\n}\n<\/style>\n\t<\/div>\n\t\n<span class=\"scroll-to\" data-label=\"Scroll to: #izdajanje-soglasij-mnenj-pogojev-ods\" data-bullet=\"false\" data-link=\"#izdajanje-soglasij-mnenj-pogojev-ods\" data-title=\"Izdajanje soglasij, mnenj, pogojev - ODS\"><a name=\"izdajanje-soglasij-mnenj-pogojev-ods\"><\/a><\/span>\n<h2 class=\"s-tit bfr-blue\">Izdajanje soglasij, mnenj, pogojev &#8211; ODS<\/h2>\n<p><span style=\"font-weight: 400;\">Pred izvedbo priklju\u010ditve je potrebno pridobiti <strong>Soglasje za priklju\u010ditev na distribucijski sistem<\/strong>. \u010ce boste plinski priklju\u010dek gradili v sklopu izgradnje objekta na osnovi gradbenega dovoljenja, potrebujete predhodno, s strani Operaterja distribucijskega sistema, <strong>mnenje k projektni dokumentaciji<\/strong>. Za izdelavo projektne dokumentacije lahko zahtevate tudi <strong>projektne pogoje<\/strong> &#8211; pri projektiranju je potrebno upo\u0161tevati <span style=\"text-decoration: underline;\"><strong><a href=\"\/wp-content\/uploads\/tehnicne-zahteve-2011.pdf\">Tehni\u010dne zahteve operaterja distribucijskega sistema<\/a><\/strong><\/span>. Podrobnej\u0161e informacije o postopkih najdete v <span style=\"text-decoration: underline;\"><strong><a href=\"\/wp-content\/uploads\/SON-Ur.l.RS-10_20-1.pdf\">Sistemskih obratovalnih navodilih<\/a><\/strong><\/span>. Za dodatne informacije nas pokli\u010dite na telefonsko \u0161tevilko: <strong><a href=\"tel:+38622284349\"><span style=\"text-decoration: underline;\">+386 2 22 843 49<\/span><\/a><\/strong>.<\/span><\/p>\n<div class=\"row\"  id=\"row-1677874503\">\n\n\t<div id=\"col-337396343\" class=\"col tab-ela small-12 large-12\"  >\n\t\t\t\t<div class=\"col-inner\"  >\n\t\t\t\n\t\t\t\n<h4>Povezane datoteke:<\/h4>\n<ul>\n<li><a href=\"\/wp-content\/uploads\/ZAHTEVA-ZA-IZDAJO-PROJEKTNIH-IN-DRUGIH-POGOJEV_Ur.l.RS36-2018_30.5.2018-2.pdf\">Zahteva za izdajo projektnih in drugih pogojev<\/a><\/li>\n<li><a href=\"\/wp-content\/uploads\/ZAHTEVA-ZA-IZDAJO-PROJEKTNIH-IN-DRUGIH-POGOJEV_Ur.l.RS36-2018_30.5.2018-2.pdf\">Zahteva za izdajo mnenja<\/a><\/li>\n<\/ul>\n\t<div id=\"gap-1065984620\" class=\"gap-element clearfix\" style=\"display:block; height:auto;\">\n\t\t\n<style>\n#gap-1065984620 {\n  padding-top: 30px;\n}\n<\/style>\n\t<\/div>\n\t\n<span class=\"scroll-to\" data-label=\"Scroll to: #nadzor-v-varovalnem-pasu-plinovoda-ods\" data-bullet=\"false\" data-link=\"#nadzor-v-varovalnem-pasu-plinovoda-ods\" data-title=\"Nadzor v varovalnem pasu plinovoda - ODS\"><a name=\"nadzor-v-varovalnem-pasu-plinovoda-ods\"><\/a><\/span>\n<h2 class=\"s-tit bfr-blue\">Nadzor v varovalnem pasu plinovoda &#8211; ODS<\/h2>\n<p>Varovalni pas je zemlji\u0161ki pas, ki v \u0161irini 5 m poteka na vsaki strani plinovoda, merjeno od njegove osi. V varovalnem pasu se smejo na\u010drtovati in graditi drugi objekti, naprave in napeljave ter izvajati dela, ki bi lahko vplivala na varnost obratovanja distribucijskega sistema, le ob dolo\u010denih pogojih in na dolo\u010deni oddaljenosti od plinovodov in objektov distribucijskega sistema glede na njihovo vrsto in namen.<\/p>\n<p>Za izvedbo kakr\u0161negakoli posega v obmo\u010dju varovalnega pasu distribucijskega sistema mora investitor ali izvajalec pridobiti pisno Soglasje Operaterja distribucijskega sistema. Pred za\u010detkom projektiranja ali izvajanja posega v prostor, je dol\u017ean projektant, izvajalec del oziroma investitor posega pridobiti potrebne podatke o legi plinovoda.<\/p>\n<p>Pred za\u010detkom izvajanja kakr\u0161nihkoli del, ki lahko vplivajo na varno obratovanje distribucijskega sistema, na obmo\u010dju varovalnega pasu distribucijskega sistema, mora investitor oziroma izvajalec del predlo\u017eiti Operaterju distribucijskega sistema:<\/p>\n<ul>\n<li>pisno prijavo za\u010detka del z navedbo datuma za\u010detka in predvidene \u010dasovne dinamike;<\/li>\n<li>pravnomo\u010dno gradbeno dovoljenje, \u010de je za izvedbo del le-to potrebno;<\/li>\n<li>naro\u010dilo za zakoli\u010dbo obstoje\u010dih plinovodov distribucijskega sistema;<\/li>\n<li>naro\u010dilo za nadzor Operaterja distribucijskega sistema oziroma njegove terenske slu\u017ebe in<\/li>\n<li>podatke o izvajalcu ter odgovornem vodji del.<\/li>\n<\/ul>\n<p>\u010ce Operater distribucijskega sistema ugotovi, da je pri\u0161lo do posega v varovalni pas v nasprotju s predpisi, ki urejajo posege v varovalni pas, lahko takoj neposredno prepove izvajanje del v zvezi s tem posegom osebam, ki jih izvajajo in o tem obvesti dr\u017eavne organe, pristojne za ukrepe v zvezi z nedovoljenimi posegi v prostor.<\/p>\n<p>Podrobnej\u0161e informacije o postopkih najdete v <span style=\"text-decoration: underline;\"><strong><a href=\"\/wp-content\/uploads\/SON-Ur.l.RS-10_20-1.pdf\">Sistemskih obratovalnih navodilih<\/a><\/strong><\/span>.<\/p>\n<p>Za naro\u010dilo nadzora in dodatne informacije nas pokli\u010dite na telefonsko \u0161tevilko: <span style=\"text-decoration: underline;\"><strong><a href=\"tel:+38622284365\">+386 2 22 843 65<\/a><\/strong><\/span> ali pi\u0161ite na <span style=\"text-decoration: underline;\"><strong><a href=\"mailto:ods.vzdrzevanje@plinarna-maribor.si\">ods.vzdrzevanje@plinarna-maribor.si<\/a><\/strong><\/span>.<\/p>\n<h4>Povezane datoteke:<\/h4>\n<ul>\n<li><a href=\"\/wp-content\/uploads\/Obrazec-Prijava-Del_04_OBJAVLJENO_PUBLIKMARKET-1.pdf\">PRIJAVA PRI\u010cETKA DEL V VAROVALNEM PASU DISTRIBUCIJSKEGA SISTEMA ZEMELJSKEGA PLINA<\/a><\/li>\n<li><a href=\"\/wp-content\/uploads\/CENIK-ostalih-storitev-ODS-z-DDV-1.1.2024.pdf\">Cenik ostalih storitev ODS<\/a><\/li>\n<\/ul>\n\t<div id=\"gap-1577852178\" class=\"gap-element clearfix\" style=\"display:block; height:auto;\">\n\t\t\n<style>\n#gap-1577852178 {\n  padding-top: 30px;\n}\n<\/style>\n\t<\/div>\n\t\n<span class=\"scroll-to\" data-label=\"Scroll to: #zakolicbe-trase-plinovoda-ods\" data-bullet=\"false\" data-link=\"#zakolicbe-trase-plinovoda-ods\" data-title=\"Zakoli\u010dbe trase plinovoda \u2013 ODS\"><a name=\"zakolicbe-trase-plinovoda-ods\"><\/a><\/span>\n<h2 class=\"s-tit bfr-blue\">Zakoli\u010dbe trase plinovoda \u2013 ODS<\/h2>\n<p>Pred za\u010detkom projektiranja ali izvajanja posega v prostor je dol\u017ean projektant, izvajalec del ali investitor posega pridobiti potrebne podatke o legi plinovoda iz Zbirnega katastra gospodarske javne infrastrukture ali iz evidence infrastrukture operaterja distribucijskega sistema.<\/p>\n<p>Za naro\u010dilo zakoli\u010dbe in dodatne informacije nas pokli\u010dite na telefonsko \u0161tevilko <span style=\"text-decoration: underline;\"><strong><a href=\"tel:+38622284365\">+386 2 22 843 65<\/a><\/strong><\/span> ali pi\u0161ite na <span style=\"text-decoration: underline;\"><strong><a href=\"mailto:ods.vzdrzevanje@plinarna-maribor.si\">ods.vzdrzevanje@plinarna-maribor.si<\/a><\/strong><\/span>.<\/p>\n<h4>Povezane datoteke:<\/h4>\n<ul>\n<li><a href=\"\/wp-content\/uploads\/CENIK-ostalih-storitev-ODS-z-DDV-1.1.2024.pdf\">CENIK OSTALIH STORITEV ODS<\/a><\/li>\n<\/ul>\n\t<div id=\"gap-713270343\" class=\"gap-element clearfix\" style=\"display:block; height:auto;\">\n\t\t\n<style>\n#gap-713270343 {\n  padding-top: 30px;\n}\n<\/style>\n\t<\/div>\n\t\n<span class=\"scroll-to\" data-label=\"Scroll to: #hisni-prikljucki-zemeljskega-plina-ods\" data-bullet=\"false\" data-link=\"#hisni-prikljucki-zemeljskega-plina-ods\" data-title=\"Hi\u0161ni priklju\u010dki zemeljskega plina \u2013 ODS\"><a name=\"hisni-prikljucki-zemeljskega-plina-ods\"><\/a><\/span>\n<h2 class=\"s-tit bfr-blue\">Hi\u0161ni priklju\u010dki zemeljskega plina \u2013 ODS<\/h2>\n<p>Hi\u0161ni priklju\u010dek pomeni del plinovoda, ki je namenjen povezavi distribucijskega plinovoda in odjemnega mesta. Za\u010dne se na priklju\u010dnem mestu na glavnem plinovodu in se kon\u010da s priklju\u010dnim mestom uporabnika neposredno za glavno plinsko zaporno (po\u017earno) pipo. Na <span style=\"text-decoration: underline;\"><strong><a href=\"https:\/\/www.plinarna-maribor.si\/en\/natural-gas-and-dso\/dso-network\/\">geografskih obmo\u010djih<\/a><\/strong><\/span> kjer izvaja Plinarna Maribor gospodarsko javno slu\u017ebo Operaterja distribucijskega sistema zemeljskega plina, je lastnik priklju\u010dka uporabnik sistema, kateremu je bilo izdano Soglasje za priklju\u010ditev na distribucijski sistem &#8211; lastnik objekta.<\/p>\n<p>Plinski priklju\u010dek vam bomo izgradili po sklenitvi <span style=\"text-decoration: underline;\"><strong><a href=\"\/wp-content\/uploads\/POGODBA-O-PRIKLJUCITVI_NOVI-SON-2020-VZOREC.pdf\">Pogodbe o priklju\u010ditvi<\/a><\/strong><\/span>, ki vam jo posredujemo na osnovi ogleda in z va\u0161e strani potrjene ponudbe za izvedbo. Za ogled in ponudbo nas pokli\u010dite na telefonsko \u0161tevilko: <span style=\"text-decoration: underline;\"><strong><a href=\"tel:+38622284310\">+386 2 22 843 10 (49)<\/a><\/strong><\/span> ali nam <span style=\"text-decoration: underline;\"><strong><a href=\"mailto:ods.prikljucitev@plinarna-maribor.si\">posredujte povpra\u0161evanje<\/a><\/strong><\/span>.<\/p>\n\t<div id=\"gap-424705401\" class=\"gap-element clearfix\" style=\"display:block; height:auto;\">\n\t\t\n<style>\n#gap-424705401 {\n  padding-top: 30px;\n}\n<\/style>\n\t<\/div>\n\t\n<span class=\"scroll-to\" data-label=\"Scroll to: #notranje-plinske-napeljave-in-trosila\" data-bullet=\"false\" data-link=\"#notranje-plinske-napeljave-in-trosila\" data-title=\"Notranje plinske napeljave in tro\u0161ila\"><a name=\"notranje-plinske-napeljave-in-trosila\"><\/a><\/span>\n<h2 class=\"s-tit bfr-blue\">Notranje plinske napeljave in tro\u0161ila<\/h2>\n<p>Notranja plinska napeljava je napeljava od glavne po\u017earne pipe do plinskih tro\u0161il in izstopa dimnih plinov.<\/p>\n<p>S svojo ekipo strokovnjakov vam v Plinarni Maribor izvedemo celotno notranjo plinsko napeljavo, vklju\u010dno z vgradnjo plinskih tro\u0161il. Na\u0161 strokovnjak vam bo svetoval glede tehni\u010dne izvedbe plinske napeljave, vgradnje plinskih tro\u0161il in potrebne dokumentacije. Za ogled objekta ter izdelavo ponudbe za izvedbo notranje plinske napeljave nas pokli\u010dite na telefonsko \u0161tevilko: <span style=\"text-decoration: underline;\"><strong><a href=\"tel:+38622284360\">+386 2 22 843 60<\/a><\/strong><\/span> ali nam <span style=\"text-decoration: underline;\"><strong><a href=\"mailto:energetske.resitve@plinarna-maribor.si\">posredujte povpra\u0161evanje<\/a><\/strong><\/span>.<\/p>\n<p>Varno in nemoteno uporabo plina zagotavljamo z ohranjanjem tesnosti plinske napeljave. Med uporabo lahko na netesnost vplivajo razli\u010dni dejavniki. V skladu s tehni\u010dnimi predpisi je potrebno napeljavo redno pregledovati. Uporabnikom svetujemo, da enkrat letno, ob uporabi navodil, sami pregledajo svojo plinsko napeljavo, in v primeru dvoma naro\u010dijo pregled in preskus s strani strokovnjaka &#8211; napeljavo strokovno pregledamo in po potrebi netesnost in druge napake odpravimo. Za naro\u010dilo pregleda in preskusa plinske napeljave pokli\u010dite na telefonsko \u0161tevilko: <span style=\"text-decoration: underline;\"><strong><a href=\"tel:+38622284360\">+386 2 22 843 60<\/a><\/strong><\/span> ali pa <span style=\"text-decoration: underline;\"><strong><a href=\"mailto:energetske.resitve@plinarna-maribor.si\">posredujte povpra\u0161evanje<\/a><\/strong><\/span>.<\/p>\n<h4>Povezane datoteke:<\/h4>\n<ul>\n<li><a href=\"\/wp-content\/uploads\/Varna-uporaba-ZP-v-gospodinjstvu-GIZ-DZP.pdf\">Varna uporaba ZP v gospodinjstvu \u2013 GIZ DZP<\/a><\/li>\n<li><a href=\"\/wp-content\/uploads\/Splosna-navodila-za-uporabo-in-vzdrzevanje-plinske-napeljave-ZP.pdf\">Splo\u0161na navodila za uporabo in vzdr\u017eevanje plinske napeljave ZP<\/a><\/li>\n<\/ul>\n\t<div id=\"gap-1523332892\" class=\"gap-element clearfix\" style=\"display:block; height:auto;\">\n\t\t\n<style>\n#gap-1523332892 {\n  padding-top: 30px;\n}\n<\/style>\n\t<\/div>\n\t\n<span class=\"scroll-to\" data-label=\"Scroll to: #plinska-trosila\" data-bullet=\"false\" data-link=\"#plinska-trosila\" data-title=\"Plinska tro\u0161ila\"><a name=\"plinska-trosila\"><\/a><\/span>\n<h2 class=\"s-tit bfr-blue\">Plinska tro\u0161ila<\/h2>\n<p>V sklopu\u202f<span style=\"text-decoration: underline;\"><strong><a href=\"https:\/\/www.plinarna-maribor.si\/en\/energy-solutions\/\">Energetskih re\u0161itev<\/a><\/strong><\/span>\u202fvam pomagamo izbrati var\u010dno in sodobno re\u0161itev za ogrevanje in hlajenje va\u0161ega doma ter pripravo tople sanitarne vode.<\/p>\n<p>Ste kupili nov \u0161tedilnik, plinski \u017ear ali drugo plinsko tro\u0161ilo, ter ga \u017eelite priklju\u010diti? Pri priklopu tro\u0161ila na plinsko napeljavo, vam le-tega priklju\u010dimo z ustreznimi certificiranimi materiali, celotno napeljavo, vklju\u010dno s tro\u0161ilom, pa tesnostno preizkusimo.<\/p>\n<p>Za priklop plinskega tro\u0161ila nas pokli\u010dite na telefonsko \u0161tevilko: <span style=\"text-decoration: underline;\"><strong><a href=\"tel:+38622284300\">+386 2 22 843 00<\/a><\/strong><\/span> ali nam <span style=\"text-decoration: underline;\"><strong><a href=\"mailto:energetske.resitve@plinarna-maribor.si\">posredujte povpra\u0161evanje<\/a><\/strong><\/span>.<\/p>\n<h4>Povezane datoteke:<\/h4>\n<ul>\n<li><a href=\"\/wp-content\/uploads\/2023\/08\/IBP_A4_Nasveti-za-Varcno-ogrevanje_okt22_final-1.pdf\">Nasveti za var\u010dno ogrevanje doma<\/a><\/li>\n<\/ul>\n\t\t<\/div>\n\t\t\t\t\t<\/div>\n\n\t\n<\/div>\n\t\t<\/div>\n\t\t\t\t\n<style>\n#col-1644539360 > .col-inner {\n  padding: 0px 0px 0px 0px;\n}\n@media (min-width:550px) {\n  #col-1644539360 > .col-inner {\n    padding: 0px 0px 0px 0px;\n  }\n}\n@media (min-width:850px) {\n  #col-1644539360 > .col-inner {\n    padding: 0px 75px 0px 0px;\n  }\n}\n<\/style>\n\t<\/div>\n\n\t\n\n\t<div id=\"col-1484618205\" class=\"col stck hide-for-medium medium-4 small-12 large-3 small-col-first\"  >\n\t\t<div class=\"is-sticky-column\"><div class=\"is-sticky-column__inner\">\t\t<div class=\"col-inner\"  >\n\t\t\t\n\t\t\t\n<ul class=\"page-menu\">\n<li><a href=\"#izdajanje-soglasij-mnenj-pogojev-ods\">Izdajanje soglasij, mnenj, pogojev &#8211; ODS<\/a><\/li>\n<li><a href=\"#nadzor-v-varovalnem-pasu-plinovoda-ods\">Nadzor v varovalnem pasu plinovoda &#8211; ODS<\/a><\/li>\n<li><a href=\"#zakolicbe-trase-plinovoda-ods\">Zakoli\u010dbe trase plinovoda \u2013 ODS<\/a><\/li>\n<li><a href=\"#hisni-prikljucki-zemeljskega-plina-ods\">Hi\u0161ni priklju\u010dki zemeljskega plina \u2013 ODS<\/a><\/li>\n<li><a href=\"#notranje-plinske-napeljave-in-trosila\">Notranje plinske napeljave in tro\u0161ila<\/a><\/li>\n<li><a href=\"#plinska-trosila\">Plinska tro\u0161ila<\/a><\/li>\n<\/ul>\n\t\t<\/div>\n\t\t<\/div><\/div>\t\t\t<\/div>\n\n\t\n<\/div>\n\t\t<\/div>\n\n\t\t\n<style>\n#section_1218207340 {\n  padding-top: 65px;\n  padding-bottom: 65px;\n}\n@media (min-width:550px) {\n  #section_1218207340 {\n    padding-top: 65px;\n    padding-bottom: 65px;\n  }\n}\n@media (min-width:850px) {\n  #section_1218207340 {\n    padding-top: 100px;\n    padding-bottom: 100px;\n  }\n}\n<\/style>\n\t<\/section>\n\t\n\n\t<section class=\"section\" id=\"section_1769555135\">\n\t\t<div class=\"section-bg fill\" >\n\t\t\t\t\t\t\t\t\t\n\t\t\t\n\n\t\t<\/div>\n\n\t\t\n\n\t\t<div class=\"section-content relative\">\n\t\t\t\n\n<div class=\"row\"  id=\"row-651711197\">\n\n\n\t<div id=\"col-1864059773\" class=\"col pb-0 medium-12 small-12 large-5\"  >\n\t\t\t\t<div class=\"col-inner\"  >\n\t\t\t\n\t\t\t\n\n<h2 class=\"s-tit\">Have you found everything you needed?<\/h2>\n\n\t\t<\/div>\n\t\t\t\t\t<\/div>\n\n\t\n\n\t<div id=\"col-1873938541\" class=\"col pb-0 medium-12 small-12 large-7\"  >\n\t\t\t\t<div class=\"col-inner\"  >\n\t\t\t\n\t\t\t\n\n<p class=\"cta-desc\">If you need any information and assistance on how to use our products, feel free to contact us<\/p>\n<a href=\"\/en\/contact\/ask-more\/\" class=\"button primary btn-green ask-us\" >\n\t\t<span>CONTACT US<\/span>\n\t<\/a>\n\n\n<a href=\"tel:+38622284300\" class=\"button primary btn-out cont\" >\n\t\t<span>+386 2 22 843 00<\/span>\n\t<\/a>\n\n\n\n\t\t<\/div>\n\t\t\t\t\t<\/div>\n\n\t\n\n<\/div>\n\t<div id=\"gap-1877232548\" class=\"gap-element clearfix\" style=\"display:block; height:auto;\">\n\t\t\n<style>\n#gap-1877232548 {\n  padding-top: 100px;\n}\n<\/style>\n\t<\/div>\n\t\n\n\n\t\t<\/div>\n\n\t\t\n<style>\n#section_1769555135 {\n  padding-top: 65px;\n  padding-bottom: 65px;\n  background-color: rgb(248, 248, 248);\n}\n@media (min-width:850px) {\n  #section_1769555135 {\n    padding-top: 100px;\n    padding-bottom: 100px;\n  }\n}\n<\/style>\n\t<\/section>\n\t\n","protected":false},"excerpt":{"rendered":"","protected":false},"author":1,"featured_media":0,"parent":2875,"menu_order":0,"comment_status":"closed","ping_status":"closed","template":"","meta":{"footnotes":""},"class_list":["post-4369","page","type-page","status-publish","hentry"],"_links":{"self":[{"href":"https:\/\/www.plinarna-maribor.si\/en\/wp-json\/wp\/v2\/pages\/4369","targetHints":{"allow":["GET"]}}],"collection":[{"href":"https:\/\/www.plinarna-maribor.si\/en\/wp-json\/wp\/v2\/pages"}],"about":[{"href":"https:\/\/www.plinarna-maribor.si\/en\/wp-json\/wp\/v2\/types\/page"}],"author":[{"embeddable":true,"href":"https:\/\/www.plinarna-maribor.si\/en\/wp-json\/wp\/v2\/users\/1"}],"replies":[{"embeddable":true,"href":"https:\/\/www.plinarna-maribor.si\/en\/wp-json\/wp\/v2\/comments?post=4369"}],"version-history":[{"count":0,"href":"https:\/\/www.plinarna-maribor.si\/en\/wp-json\/wp\/v2\/pages\/4369\/revisions"}],"up":[{"embeddable":true,"href":"https:\/\/www.plinarna-maribor.si\/en\/wp-json\/wp\/v2\/pages\/2875"}],"wp:attachment":[{"href":"https:\/\/www.plinarna-maribor.si\/en\/wp-json\/wp\/v2\/media?parent=4369"}],"curies":[{"name":"wp","href":"https:\/\/api.w.org\/{rel}","templated":true}]}}