{"id":4287,"date":"2024-04-13T14:41:02","date_gmt":"2024-04-13T12:41:02","guid":{"rendered":"https:\/\/plinarna-maribor.agencijapakt.si\/lpg-in-bulks\/storitve\/"},"modified":"2024-06-13T14:50:17","modified_gmt":"2024-06-13T12:50:17","slug":"services","status":"publish","type":"page","link":"https:\/\/www.plinarna-maribor.si\/en\/lpg-in-bulks\/services\/","title":{"rendered":"Storitve"},"content":{"rendered":"\n\t<section class=\"section\" id=\"section_1964002751\">\n\t\t<div class=\"section-bg fill\" >\n\t\t\t<img loading=\"lazy\" decoding=\"async\" width=\"2000\" height=\"1196\" src=\"https:\/\/www.plinarna-maribor.si\/wp-content\/uploads\/2023\/07\/Main-Header-Varnost-intervencija.jpg\" class=\"bg attachment-original size-original\" alt=\"\" title=\"\">\t\t\t\t\t\t<div class=\"section-bg-overlay absolute fill\"><\/div>\n\t\t\t\n\n\t\t<\/div>\n\n\t\t\n\n\t\t<div class=\"section-content relative\">\n\t\t\t\n<div class=\"row\"  id=\"row-767309842\">\n\n\t<div id=\"col-412393887\" class=\"col pb-0 mainsec-pl medium-12 small-12 large-7\"  >\n\t\t\t\t<div class=\"col-inner\"  >\n\t\t\t\n\t\t\t\n<div class=\"row\"  id=\"row-31418807\">\n\n\t<div id=\"col-980745018\" class=\"col pb-0 col-mainsec small-12 large-12\"  >\n\t\t\t\t<div class=\"col-inner\"  >\n\t\t\t\n\t\t\t\n\t<div id=\"text-620941188\" class=\"text\">\n\t\t\n<h1 class=\"main-tit\">Services &#8211; uteko\u010dinjen naftni plin<\/h1>\n<p class=\"main-desc bigger\">Plinarna Maribor, s svojo ekipo strokovnjakov in dolgoletnimi izku\u0161njami na podro\u010dju plinske tehnike, izvaja storitve na razli\u010dnih podro\u010djih.<\/p>\n\t\t\n<style>\n#text-620941188 {\n  color: rgb(255,255,255);\n}\n#text-620941188 > * {\n  color: rgb(255,255,255);\n}\n<\/style>\n\t<\/div>\n\t\n\t\t<\/div>\n\t\t\t\t\t<\/div>\n\n\t\n<\/div>\n\t\t<\/div>\n\t\t\t\t\t<\/div>\n\n\t\n<\/div>\n\t\t<\/div>\n\n\t\t\n<style>\n#section_1964002751 {\n  padding-top: 65px;\n  padding-bottom: 65px;\n  min-height: 0vh;\n}\n#section_1964002751 .section-bg-overlay {\n  background-color: rgba(8, 63, 136, 0.575);\n}\n#section_1964002751 .section-bg img {\n  object-position: 90% 72%;\n}\n@media (min-width:550px) {\n  #section_1964002751 {\n    padding-top: 65px;\n    padding-bottom: 65px;\n  }\n}\n@media (min-width:850px) {\n  #section_1964002751 {\n    padding-top: 100px;\n    padding-bottom: 100px;\n    min-height: 71vh;\n  }\n}\n<\/style>\n\t<\/section>\n\t\n<div class=\"row align-middle breadcrump\"  id=\"row-53951185\">\n\n\t<div id=\"col-1550317222\" class=\"col pb-0 small-12 large-12\"  >\n\t\t\t\t<div class=\"col-inner\"  >\n\t\t\t\n\t\t\t\n\t\t<div class=\"pb-0\">\n\t\t\t\t\n<nav aria-label=\"breadcrumbs\" class=\"rank-math-breadcrumb\"><p><\/p><\/nav>\n\t\t<\/div>\n\t\n\t\t<\/div>\n\t\t\t\t\t<\/div>\n\n\t\n<\/div>\n\n\t<section class=\"section\" id=\"section_617012875\">\n\t\t<div class=\"section-bg fill\" >\n\t\t\t\t\t\t\t\t\t\n\t\t\t\n\n\t\t<\/div>\n\n\t\t\n\n\t\t<div class=\"section-content relative\">\n\t\t\t\n<div class=\"row\"  id=\"row-1848386386\">\n\n\t<div id=\"col-576186687\" class=\"col pb-0 brd medium-12 small-12 large-9\"  >\n\t\t\t\t<div class=\"col-inner\"  >\n\t\t\t\n\t<div class=\"is-border\"\n\t\tstyle=\"border-width:0px 1px 0px 0px;margin:0px 1px 0px 0px;\">\n\t<\/div>\n\t\t\t\n\t<div id=\"gap-1170250150\" class=\"gap-element clearfix\" style=\"display:block; height:auto;\">\n\t\t\n<style>\n#gap-1170250150 {\n  padding-top: 5px;\n}\n<\/style>\n\t<\/div>\n\t\n<span class=\"scroll-to\" data-label=\"Scroll to: #omrezja-utekocinjenega-naftnega-plina\" data-bullet=\"false\" data-link=\"#omrezja-utekocinjenega-naftnega-plina\" data-title=\"Omre\u017eja uteko\u010dinjenega naftnega plina\"><a name=\"omrezja-utekocinjenega-naftnega-plina\"><\/a><\/span>\n<h2 class=\"s-tit bfr-blue\">Omre\u017eja uteko\u010dinjenega naftnega plina<\/h2>\n<p>Izvedba omre\u017eja uteko\u010dinjenega naftnega plina (UNP) zajema izvedbo razvoda plinske instalacije od plinohramov oziroma skladi\u0161\u010da UNP do odcepnih priklju\u010dnih vodov za hi\u0161ni priklju\u010dek -to so glavni plinovodi, ki so ve\u010dinoma speljani po skupnem zemlji\u0161\u010du. Omre\u017eja UNP se izvedejo v naseljih, kjer iz ene lokacije skladi\u0161\u010dnih plinohramov z UNP oskrbujemo ve\u010d uporabnikov. Na obmo\u010dju, kjer opravlja Plinarna Maribor dejavnost Operaterja distribucijskega sistema zemeljskega plina, omre\u017eje izgradimo in dimenzioniramo tako, da je morebitni kasnej\u0161i prehod na zemeljski plin preprost in enostaven. V kolikor je to izvedljivo, temu primerno predhodno izvedemo potrebno regulacijo in vgradimo merilne naprave. V sklopu izgradnje glavnega plinovoda izvedemo hi\u0161ne priklju\u010dke ter skladi\u0161\u010de s plinohrami z UNP.<\/p>\n<p>V kolikor \u017eelite preu\u010diti mo\u017enost izgradnje omre\u017eja UNP, ki bo vklju\u010devalo skladi\u0161\u010de UNP s plinohrami, plinovodom do odcepov za hi\u0161ne priklju\u010dne vode ter hi\u0161ne priklju\u010dne vode, ki se zaklju\u010dijo z glavnimi po\u017earnimi pipami na objektih, nas pokli\u010dite na telefonsko \u0161tevilko <span style=\"text-decoration: underline;\"><a href=\"tel:+38622284335\">+386 2 22 843 35<\/a><\/span>\u00a0ali <span style=\"text-decoration: underline;\"><a href=\"tel:+38622284366\">+386 2 22 843 66<\/a><\/span> &#8211; na\u0161i strokovnjaki vam bodo z veseljem svetovali.<\/p>\n\t<div id=\"gap-618891209\" class=\"gap-element clearfix\" style=\"display:block; height:auto;\">\n\t\t\n<style>\n#gap-618891209 {\n  padding-top: 30px;\n}\n<\/style>\n\t<\/div>\n\t\n<span class=\"scroll-to\" data-label=\"Scroll to: #hisni-prikljucki-utekocinjenega-naftnega-plina\" data-bullet=\"false\" data-link=\"#hisni-prikljucki-utekocinjenega-naftnega-plina\" data-title=\"Hi\u0161ni priklju\u010dki uteko\u010dinjenega naftnega plina\"><a name=\"hisni-prikljucki-utekocinjenega-naftnega-plina\"><\/a><\/span>\n<h2 class=\"s-tit bfr-blue\">Hi\u0161ni priklju\u010dki uteko\u010dinjenega naftnega plina<\/h2>\n<p>Hi\u0161ni priklju\u010dek uteko\u010dinjenega naftnega plina je plinski vod, ki poteka od odcepa glavnega (skupnega) plinovoda do glavne po\u017earne pipe na objektu uporabnika. Lahko se izvede v sklopu izgradnje glavnega plinovoda ali naknadno. Na\u010din izvedbe hi\u0161nega priklju\u010dka UNP je podoben kot pri hi\u0161nem priklju\u010dku zemeljskega plina. V kolikor se izvaja priklju\u010dek na obmo\u010dju, kjer opravlja Plinarna Maribor dejavnost Operaterja distribucijskega sistema zemeljskega plina, priklju\u010dek izgradimo na na\u010din, da je morebitni prehod na zemeljski plin za uporabnika preprost in enostaven, ter ve\u010dje kasnej\u0161e predelave instalacije niso potrebne.<\/p>\n<p>V kolikor se zanimate za izvedbo hi\u0161nega priklju\u010dka UNP, nas pokli\u010dite na telefonsko \u0161tevilko <span style=\"text-decoration: underline;\"><a href=\"tel:+38622284335\">+386 2 22 843 35<\/a><\/span>\u00a0ali <span style=\"text-decoration: underline;\"><a href=\"tel:+38622284366\">+386 2 22 843 66<\/a><\/span> &#8211; na\u0161i strokovnjaki vam bodo z veseljem svetovali.<\/p>\n\t<div id=\"gap-989854836\" class=\"gap-element clearfix\" style=\"display:block; height:auto;\">\n\t\t\n<style>\n#gap-989854836 {\n  padding-top: 30px;\n}\n<\/style>\n\t<\/div>\n\t\n<span class=\"scroll-to\" data-label=\"Scroll to: #notranja-instalacija-utekocinjenega-naftnega-plina\" data-bullet=\"false\" data-link=\"#notranja-instalacija-utekocinjenega-naftnega-plina\" data-title=\"Notranja instalacija uteko\u010dinjenega naftnega plina\"><a name=\"notranja-instalacija-utekocinjenega-naftnega-plina\"><\/a><\/span>\n<h2 class=\"s-tit bfr-blue\">Notranja instalacija uteko\u010dinjenega naftnega plina<\/h2>\n<p>Notranja plinska instalacija uteko\u010dinjenega naftnega plina je instalacija od glavne po\u017earne pipe do plinskih tro\u0161il in izstopa dimnih plinov.<\/p>\n<p>V Plinarni Maribor lahko s svojo lastno ekipo strokovnjakov ali preko pogodbenih izvajalcev za vas izvedemo celotno notranjo plinsko instalacijo, vklju\u010dno z vgradnjo plinskih tro\u0161il. Pri tem vam svetujemo na na\u010din, da bodo upo\u0161tevani vsi predpisi, predlagamo najsodobnej\u0161e re\u0161itve in upo\u0161tevamo va\u0161e \u017eelje. Na obmo\u010dju, kjer opravlja Plinarna Maribor dejavnost Operaterja distribucijskega sistema zemeljskega plina, instalacijo izvedemo na na\u010din, da je morebitni kasnej\u0161i prehod na zemeljski plin za vas preprost in enostaven.<\/p>\n<p>Za ogled objekta ter izdelavo ponudbe za izvedbo notranje plinske instalacije, nas pokli\u010dite na telefonsko \u0161tevilko <span style=\"text-decoration: underline;\"><a href=\"tel:+38622284335\">+386 2 22 843 35<\/a><\/span>, ali <span style=\"text-decoration: underline;\"><a href=\"tel:+38622284366\">+386 2 22 843 66<\/a><\/span>.<\/p>\n\t<div id=\"gap-2110068237\" class=\"gap-element clearfix\" style=\"display:block; height:auto;\">\n\t\t\n<style>\n#gap-2110068237 {\n  padding-top: 30px;\n}\n<\/style>\n\t<\/div>\n\t\n<span class=\"scroll-to\" data-label=\"Scroll to: #izparilne-postaje\" data-bullet=\"false\" data-link=\"#izparilne-postaje\" data-title=\"Izparilne postaje\"><a name=\"izparilne-postaje\"><\/a><\/span>\n<h2 class=\"s-tit bfr-blue\">Izparilne postaje uteko\u010dinjenega naftnega plina<\/h2>\n<p>V plinohrame polnimo uteko\u010dinjen naftni plin, ki je v teko\u010dem agregatnem stanju, za delovanje plinskih tro\u0161il pa potrebujemo plinasto stanje. Nad teko\u010do fazo UNP v plinohramu je prostor parne faze, ki jo po cevovodih vodimo do tro\u0161il. Za zadostno koli\u010dino uparjenega plina, ki bo zado\u0161\u010dal potrebam po porabi, mora iz teko\u010de faze v plinohramu izpareti dovolj plina. Uparjanje omogo\u010di toplota iz okolice. Koli\u010dina uparjenega plina je odvisna od temperaturne razlike, ki je na voljo, omo\u010dene povr\u0161ine v plinohramu in fizikalnih lastnosti plina. Propan izpareva do -42 \u00b0C, butan pa do -0,5 \u00b0C, zato je pomembno poznati razmere, v katerih se bo plin uporabljal in temu primerno izvesti deponijo UNP.<\/p>\n<p>Glede na navedeno, se lahko iz posameznega plinohrama, pod danimi pogoji, upari le dolo\u010dena koli\u010dina uparjenega plina. V kolikor se zazna potreba, glede na odjemno mo\u010d tro\u0161il, po ve\u010dji koli\u010dini uparjanja, je potrebno v sistem vgraditi uparjalni (izparilni) sistem.<\/p>\n<h3 class=\"s-tit bfr-green\">Kaj je izparilna postaja?<\/h3>\n<p>Izparilna postaja je sklop elementov, sestavljenih z namenom pove\u010danja koli\u010dine uparjanja plina iz plinohrama z UNP. Najpomembnej\u0161i element uparjalne postaje je posebej prirejen grelnik elektri\u010dne oziroma toplovodne izvedbe.<\/p>\n<p>V sklopu izparilne postaje je montirana tudi kompletna regulacijska proga ter vsi potrebni varnostni in zaporni ventili.<\/p>\n<h3 class=\"s-tit bfr-green\">Kdaj se odlo\u010dimo za izparilno postajo?<\/h3>\n<p>Za izparilno postajo se odlo\u010dimo predvsem pri odjemu ve\u010djih odjemnih mo\u010di, ko naravno uparjanje plina iz plinohrama ne zado\u0161\u010da ve\u010d.<\/p>\n<h3 class=\"s-tit bfr-green\">Ogled objekta in izdelava ponudbe<\/h3>\n<p>Za ogled objekta ter izdelavo ponudbe za izvedbo instalacije, vklju\u010dno z izparilno postajo, nas pokli\u010dite na telefonsko \u0161tevilko <span style=\"text-decoration: underline;\"><a href=\"tel:+38622284300\">+386 2 22 843 00<\/a><\/span>\u00a0ali <span style=\"text-decoration: underline;\"><a href=\"tel:+38622284366\">+386 2 22 843 66<\/a><\/span>\u00a0ali <span style=\"text-decoration: underline;\"><a href=\"tel:+38622284335\">+386 2 22 843 35<\/a><\/span>.<\/p>\n<h3 class=\"s-tit bfr-green\">Elektri\u010dna izparilna postaja<\/h3>\n<p><em>Na fotografijah sta prikazana dva primera izparilne postaje &#8211; glede na vir ogrevanja. Elektri\u010dna izparilna postaja (levo) in toplovodna izparilna postaja (desno).<\/em><\/p>\n\t<div class=\"img has-hover x md-x lg-x y md-y lg-y\" id=\"image_542469127\">\n\t\t\t\t\t\t\t\t<div class=\"img-inner dark\" >\n\t\t\t<img loading=\"lazy\" decoding=\"async\" width=\"1020\" height=\"371\" src=\"https:\/\/www.plinarna-maribor.si\/wp-content\/uploads\/izparilne-postaje-1024x372.png\" class=\"attachment-large size-large\" alt=\"Izparilne postaje\" srcset=\"https:\/\/www.plinarna-maribor.si\/wp-content\/uploads\/izparilne-postaje-1024x372.png 1024w, https:\/\/www.plinarna-maribor.si\/wp-content\/uploads\/izparilne-postaje-300x109.png 300w, https:\/\/www.plinarna-maribor.si\/wp-content\/uploads\/izparilne-postaje-768x279.png 768w, https:\/\/www.plinarna-maribor.si\/wp-content\/uploads\/izparilne-postaje.png 1100w\" sizes=\"auto, (max-width: 1020px) 100vw, 1020px\" title=\"\">\t\t\t\t\t\t\n\t\t\t\t\t<\/div>\n\t\t\t\t\t\t\t\t\n<style>\n#image_542469127 {\n  width: 100%;\n}\n<\/style>\n\t<\/div>\n\t\n\t<div id=\"gap-1923637901\" class=\"gap-element clearfix\" style=\"display:block; height:auto;\">\n\t\t\n<style>\n#gap-1923637901 {\n  padding-top: 30px;\n}\n<\/style>\n\t<\/div>\n\t\n<span class=\"scroll-to\" data-label=\"Scroll to: #napake-popravila\" data-bullet=\"false\" data-link=\"#napake-popravila\" data-title=\"Napake in popravila\"><a name=\"napake-popravila\"><\/a><\/span>\n<h2 class=\"s-tit bfr-blue\">Napake in popravila<\/h2>\n<p>V Plinarni Maribor, s svojo ekipo strokovnjakov, vzdr\u017eujemo in opravljamo razli\u010dna popravila na sistemih in omre\u017ejih, kjer kot dobavitelj dobavljamo in oskrbujemo uporabnike z uteko\u010dinjenim naftnim plinom.<\/p>\n<p>V kolikor zaznavate kak\u0161nekoli te\u017eave pri delovanju na\u0161ih produktov in storitev, nas pokli\u010dete na telefonsko \u0161tevilko <span style=\"text-decoration: underline;\"><a href=\"tel:+38622284300\">+386 2 22 843 00<\/a><\/span>\u00a0ali <span style=\"text-decoration: underline;\"><a href=\"tel:+38622284366\">+386 2 22 843 66<\/a><\/span>.<\/p>\n\t<div id=\"gap-96265033\" class=\"gap-element clearfix\" style=\"display:block; height:auto;\">\n\t\t\n<style>\n#gap-96265033 {\n  padding-top: 30px;\n}\n<\/style>\n\t<\/div>\n\t\n<span class=\"scroll-to\" data-label=\"Scroll to: #izgradnja\" data-bullet=\"false\" data-link=\"#izgradnja\" data-title=\"Izgradnja\"><a name=\"izgradnja\"><\/a><\/span>\n<h2 class=\"s-tit bfr-blue\">Izgradnja<\/h2>\n<h3>Tehni\u010dni predpisi pri izgradnji instalacije uteko\u010dinjenega naftnega plina<\/h3>\n<p>Plinske instalacije izvajamo s sodobnimi materiali in tehnologijami, pri tem pa najve\u010djo pozornost posve\u010damo varnosti in zanesljivosti. Instalacije izvajamo v skladu z veljavnimi tehni\u010dnimi smernicami distributerja ter drugimi veljavnimi predpisi.<\/p>\n<div class=\"row\"  id=\"row-318544185\">\n\n\t<div id=\"col-761265206\" class=\"col medium-6 small-12 large-6\"  >\n\t\t\t\t<div class=\"col-inner\"  >\n\t\t\t\n\t\t\t\n\n\t<a class=\"plain\" href=\"\/wp-content\/uploads\/Tehnicne-smernice-UNP.pdf\" target=\"_blank\" rel=\"noopener\" >\t<div class=\"icon-box featured-box icon-box-left text-left\"  >\n\t\t\t\t\t<div class=\"icon-box-img has-icon-bg\" style=\"width: 46px\">\n\t\t\t\t<div class=\"icon\">\n\t\t\t\t\t<div class=\"icon-inner\" style=\"border-width:1px;\">\n\t\t\t\t\t\t<svg height=\"48\" viewBox=\"0 -960 960 960\" width=\"48\" xmlns=\"http:\/\/www.w3.org\/2000\/svg\"><path d=\"m331-431h37v-83h48q15.725 0 26.362-10.638 10.638-10.637 10.638-26.362v-48q0-15.725-10.638-26.362-10.637-10.638-26.362-10.638h-85zm37-120v-48h48v48zm129 120h84q15 0 26-10.638 11-10.637 11-26.362v-131q0-15.725-11-26.362-11-10.638-26-10.638h-84zm37-37v-131h47v131zm133 37h37v-83h50v-37h-50v-48h50v-37h-87zm-407 231q-24 0-42-18t-18-42v-560q0-24 18-42t42-18h560q24 0 42 18t18 42v560q0 24-18 42t-42 18zm0-60h560v-560h-560zm-120 180q-24 0-42-18t-18-42v-620h60v620h620v60zm120-740v560z\"\/><\/svg>\t\t\t\t\t<\/div>\n\t\t\t\t<\/div>\n\t\t\t<\/div>\n\t\t\t\t<div class=\"icon-box-text last-reset\">\n\t\t\t\t\t\t\t\t\t\n<p>Tehni\u010dne smernice UNP<\/p>\n\t\t<\/div>\n\t<\/div>\n\t<\/a>\n\t\n\t\t<\/div>\n\t\t\t\t\t<\/div>\n\n\t\n<\/div>\n\t<div id=\"gap-1538953138\" class=\"gap-element clearfix\" style=\"display:block; height:auto;\">\n\t\t\n<style>\n#gap-1538953138 {\n  padding-top: 30px;\n}\n<\/style>\n\t<\/div>\n\t\n<span class=\"scroll-to\" data-label=\"Scroll to: #kontakti-storitve\" data-bullet=\"false\" data-link=\"#kontakti-storitve\" data-title=\"Kontakti \/ Storitve\"><a name=\"kontakti-storitve\"><\/a><\/span>\n<h2 class=\"s-tit bfr-blue\">Kontakti &#8211; Storitve \u2013 uteko\u010dinjen naftni plin<\/h2>\n<table class=\"tabela tabela-specs\">\n<tr>\n<td>INTERVENCIJSKA SLU\u017dBA \u2013 24\/7<\/td>\n<\/tr>\n<tr>\n<td>OMRE\u017dJA, HI\u0160NI PRIKLJU\u010cKI IN NOTRANJA INSTALACIJA \u2013 UTEKO\u010cINJEN NAFTNI PLIN<\/td>\n<\/tr>\n<tr>\n<td>IZPARILNE POSTAJE \u2013 UTEKO\u010cINJEN NAFTNI PLIN<\/td>\n<\/tr>\n<tr>\n<td>NAPAKE IN POPRAVILA \u2013 UTEKO\u010cINJEN NAFTNI PLIN<\/td>\n<\/tr>\n<\/table>\n\t\t<\/div>\n\t\t\t\t\n<style>\n#col-576186687 > .col-inner {\n  padding: 0px 0px 0px 0px;\n}\n@media (min-width:550px) {\n  #col-576186687 > .col-inner {\n    padding: 0px 0px 0px 0px;\n  }\n}\n@media (min-width:850px) {\n  #col-576186687 > .col-inner {\n    padding: 0px 75px 0px 0px;\n  }\n}\n<\/style>\n\t<\/div>\n\n\t\n\n\t<div id=\"col-952113271\" class=\"col stck hide-for-medium medium-4 small-12 large-3 small-col-first\"  >\n\t\t<div class=\"is-sticky-column\"><div class=\"is-sticky-column__inner\">\t\t<div class=\"col-inner\"  >\n\t\t\t\n\t\t\t\n<ul class=\"page-menu\">\n<li><a href=\"#omrezja-utekocinjenega-naftnega-plina\">Omre\u017eja uteko\u010dinjenega naftnega plina<\/a><\/li>\n<li><a href=\"#hisni-prikljucki-utekocinjenega-naftnega-plina\">Hi\u0161ni priklju\u010dki uteko\u010dinjenega naftnega plina<\/a><\/li>\n<li><a href=\"#notranja-instalacija-utekocinjenega-naftnega-plina\">Notranja instalacija uteko\u010dinjenega naftnega plina<\/a><\/li>\n<li><a href=\"#izparilne-postaje\">Izparilne postaje uteko\u010dinjenega naftnega plina<\/a><\/li>\n<li><a href=\"#napake-popravila\">Napake in popravila<\/a><\/li>\n<li><a href=\"#izparilne-postaje\">Izparilne postaje<\/a><\/li>\n<li><a href=\"#izgradnja\">Izgradnja<\/a><\/li>\n<li><a href=\"#kontakti-storitve\">Kontakti &#8211; Storitve<\/a><\/li>\n<\/ul>\n\t\t<\/div>\n\t\t<\/div><\/div>\t\t\t<\/div>\n\n\t\n<\/div>\n\t\t<\/div>\n\n\t\t\n<style>\n#section_617012875 {\n  padding-top: 65px;\n  padding-bottom: 65px;\n}\n@media (min-width:550px) {\n  #section_617012875 {\n    padding-top: 65px;\n    padding-bottom: 65px;\n  }\n}\n@media (min-width:850px) {\n  #section_617012875 {\n    padding-top: 100px;\n    padding-bottom: 100px;\n  }\n}\n<\/style>\n\t<\/section>\n\t\n\n\t<section class=\"section\" id=\"section_1094168830\">\n\t\t<div class=\"section-bg fill\" >\n\t\t\t\t\t\t\t\t\t\n\t\t\t\n\n\t\t<\/div>\n\n\t\t\n\n\t\t<div class=\"section-content relative\">\n\t\t\t\n\n<div class=\"row\"  id=\"row-496514521\">\n\n\n\t<div id=\"col-680893142\" class=\"col pb-0 medium-12 small-12 large-5\"  >\n\t\t\t\t<div class=\"col-inner\"  >\n\t\t\t\n\t\t\t\n\n<h2 class=\"s-tit\">Have you found everything you needed?<\/h2>\n\n\t\t<\/div>\n\t\t\t\t\t<\/div>\n\n\t\n\n\t<div id=\"col-908751187\" class=\"col pb-0 medium-12 small-12 large-7\"  >\n\t\t\t\t<div class=\"col-inner\"  >\n\t\t\t\n\t\t\t\n\n<p class=\"cta-desc\">If you need any information and assistance on how to use our products, feel free to contact us<\/p>\n<a href=\"\/en\/contact\/ask-more\/\" class=\"button primary btn-green ask-us\" >\n\t\t<span>CONTACT US<\/span>\n\t<\/a>\n\n\n<a href=\"tel:+38622284300\" class=\"button primary btn-out cont\" >\n\t\t<span>+386 2 22 843 00<\/span>\n\t<\/a>\n\n\n\n\t\t<\/div>\n\t\t\t\t\t<\/div>\n\n\t\n\n<\/div>\n\t<div id=\"gap-1657880413\" class=\"gap-element clearfix\" style=\"display:block; height:auto;\">\n\t\t\n<style>\n#gap-1657880413 {\n  padding-top: 100px;\n}\n<\/style>\n\t<\/div>\n\t\n\n\n\t\t<\/div>\n\n\t\t\n<style>\n#section_1094168830 {\n  padding-top: 65px;\n  padding-bottom: 65px;\n  background-color: rgb(248, 248, 248);\n}\n@media (min-width:850px) {\n  #section_1094168830 {\n    padding-top: 100px;\n    padding-bottom: 100px;\n  }\n}\n<\/style>\n\t<\/section>\n\t\n","protected":false},"excerpt":{"rendered":"","protected":false},"author":1,"featured_media":0,"parent":2856,"menu_order":0,"comment_status":"closed","ping_status":"closed","template":"","meta":{"footnotes":""},"class_list":["post-4287","page","type-page","status-publish","hentry"],"_links":{"self":[{"href":"https:\/\/www.plinarna-maribor.si\/en\/wp-json\/wp\/v2\/pages\/4287","targetHints":{"allow":["GET"]}}],"collection":[{"href":"https:\/\/www.plinarna-maribor.si\/en\/wp-json\/wp\/v2\/pages"}],"about":[{"href":"https:\/\/www.plinarna-maribor.si\/en\/wp-json\/wp\/v2\/types\/page"}],"author":[{"embeddable":true,"href":"https:\/\/www.plinarna-maribor.si\/en\/wp-json\/wp\/v2\/users\/1"}],"replies":[{"embeddable":true,"href":"https:\/\/www.plinarna-maribor.si\/en\/wp-json\/wp\/v2\/comments?post=4287"}],"version-history":[{"count":0,"href":"https:\/\/www.plinarna-maribor.si\/en\/wp-json\/wp\/v2\/pages\/4287\/revisions"}],"up":[{"embeddable":true,"href":"https:\/\/www.plinarna-maribor.si\/en\/wp-json\/wp\/v2\/pages\/2856"}],"wp:attachment":[{"href":"https:\/\/www.plinarna-maribor.si\/en\/wp-json\/wp\/v2\/media?parent=4287"}],"curies":[{"name":"wp","href":"https:\/\/api.w.org\/{rel}","templated":true}]}}