{"id":2884,"date":"2023-04-19T11:42:40","date_gmt":"2023-04-19T09:42:40","guid":{"rendered":"https:\/\/istrabenzplini.pakt.si\/?page_id=2884"},"modified":"2025-12-11T16:22:09","modified_gmt":"2025-12-11T15:22:09","slug":"offers-for-small-business-customers","status":"publish","type":"page","link":"https:\/\/www.plinarna-maribor.si\/en\/natural-gas-and-dso\/for-companies\/offers-for-small-business-customers\/","title":{"rendered":"Offers for small business customers"},"content":{"rendered":"\n\t<section class=\"section\" id=\"section_1430316784\">\n\t\t<div class=\"section-bg fill\" >\n\t\t\t<img loading=\"lazy\" decoding=\"async\" width=\"2000\" height=\"1196\" src=\"https:\/\/www.plinarna-maribor.si\/wp-content\/uploads\/2023\/08\/main-header-za-podjetja.jpg\" class=\"bg attachment-original size-original\" alt=\"\" title=\"\">\t\t\t\t\t\t<div class=\"section-bg-overlay absolute fill\"><\/div>\n\t\t\t\n\n\t\t<\/div>\n\n\t\t\n\n\t\t<div class=\"section-content relative\">\n\t\t\t\n<div class=\"row\"  id=\"row-170920906\">\n\n\t<div id=\"col-739468402\" class=\"col pb-0 mainsec-pl medium-12 small-12 large-7\"  >\n\t\t\t\t<div class=\"col-inner\"  >\n\t\t\t\n\t\t\t\n<div class=\"row\"  id=\"row-1367727379\">\n\n\t<div id=\"col-462343067\" class=\"col pb-0 col-mainsec small-12 large-12\"  >\n\t\t\t\t<div class=\"col-inner\"  >\n\t\t\t\n\t\t\t\n\t<div id=\"text-4290349967\" class=\"text\">\n\t\t\n<h1 class=\"main-tit\">Ponudbe za male poslovne odjemalce<\/h1>\n<p class=\"main-desc bigger\">Pogodbe, Splo\u0161ni pogoji, postopek menjave dobavitelja, ceniki, dodatne storitve ter re\u0161evanje reklamacij in prito\u017eb &#8211; vse na enem mestu.<\/p>\n\t\t\n<style>\n#text-4290349967 {\n  color: rgb(255,255,255);\n}\n#text-4290349967 > * {\n  color: rgb(255,255,255);\n}\n<\/style>\n\t<\/div>\n\t\n\t\t<\/div>\n\t\t\t\t\t<\/div>\n\n\t\n<\/div>\n\t\t<\/div>\n\t\t\t\t\t<\/div>\n\n\t\n<\/div>\n\t\t<\/div>\n\n\t\t\n<style>\n#section_1430316784 {\n  padding-top: 65px;\n  padding-bottom: 65px;\n  min-height: 0vh;\n}\n#section_1430316784 .section-bg-overlay {\n  background-color: rgba(8, 63, 136, 0.75);\n}\n#section_1430316784 .section-bg img {\n  object-position: 63% 100%;\n}\n@media (min-width:850px) {\n  #section_1430316784 {\n    padding-top: 100px;\n    padding-bottom: 100px;\n    min-height: 71vh;\n  }\n}\n<\/style>\n\t<\/section>\n\t\n<div class=\"row align-middle breadcrump\"  id=\"row-1089512043\">\n\n\t<div id=\"col-1691469859\" class=\"col pb-0 small-12 large-12\"  >\n\t\t\t\t<div class=\"col-inner\"  >\n\t\t\t\n\t\t\t\n\t\t<div class=\"pb-0\">\n\t\t\t\t\n<nav aria-label=\"breadcrumbs\" class=\"rank-math-breadcrumb\"><p><\/p><\/nav>\n\t\t<\/div>\n\t\n\t\t<\/div>\n\t\t\t\t\t<\/div>\n\n\t\n<\/div>\n<span class=\"scroll-to\" data-label=\"Scroll to: #ceniki-ponudbe\" data-bullet=\"false\" data-link=\"#ceniki-ponudbe\" data-title=\"Ceniki\"><a name=\"ceniki-ponudbe\"><\/a><\/span>\n\n\t<section class=\"section\" id=\"section_121231100\">\n\t\t<div class=\"section-bg fill\" >\n\t\t\t\t\t\t\t\t\t\n\t\t\t\n\n\t\t<\/div>\n\n\t\t\n\n\t\t<div class=\"section-content relative\">\n\t\t\t\n<div class=\"row\"  id=\"row-19824734\">\n\n\t<div id=\"col-2033030962\" class=\"col pb-0 brd medium-12 small-12 large-9\"  >\n\t\t\t\t<div class=\"col-inner\"  >\n\t\t\t\n\t<div class=\"is-border\"\n\t\tstyle=\"border-width:0px 1px 0px 0px;margin:0px 1px 0px 0px;\">\n\t<\/div>\n\t\t\t\n<h2 class=\"s-tit bfr-blue\">Ceniki za dobavo zemeljskega plina<\/h2>\n<ul>\n<li style=\"font-weight: 400;\"><a href=\"\/wp-content\/uploads\/Cenik-zemeljskega-plina-Nadomestna-oskrba_-od-10.-9.-2024.pdf\"><span style=\"text-decoration: underline;\"><strong>Cenik<\/strong><\/span><\/a> nadomestne oskrbe \u00a0s plinom<\/li>\n<li style=\"font-weight: 400;\"><span style=\"text-decoration: underline;\"><strong><a href=\"\/wp-content\/uploads\/Cenik-zemeljskega-plina-Mali-poslovni-odjemalci-PLMB-od-10.-9.-2024.pdf\">Splo\u0161ni cenik<\/a><\/strong><\/span> za dobavo zemeljskega plina malim poslovnim odjemalcem s predvideno povpre\u010dno letno porabo do 100.000 kWh<\/li>\n<\/ul>\n\t<div id=\"gap-1405535200\" class=\"gap-element clearfix\" style=\"display:block; height:auto;\">\n\t\t\n<style>\n#gap-1405535200 {\n  padding-top: 30px;\n}\n<\/style>\n\t<\/div>\n\t\n<span class=\"scroll-to\" data-label=\"Scroll to: #dobava-zemeljskega-plina\" data-bullet=\"false\" data-link=\"#dobava-zemeljskega-plina\" data-title=\"Dobava zemeljskega plina\"><a name=\"dobava-zemeljskega-plina\"><\/a><\/span>\n\t<div class=\"img has-hover x md-x lg-x y md-y lg-y\" id=\"image_608960298\">\n\t\t\t\t\t\t\t\t<div class=\"img-inner dark\" >\n\t\t\t<img loading=\"lazy\" decoding=\"async\" width=\"1100\" height=\"400\" src=\"https:\/\/www.plinarna-maribor.si\/wp-content\/uploads\/2023\/08\/poslovni-odjemalci.png\" class=\"attachment-original size-original\" alt=\"\" srcset=\"https:\/\/www.plinarna-maribor.si\/wp-content\/uploads\/2023\/08\/poslovni-odjemalci.png 1100w, https:\/\/www.plinarna-maribor.si\/wp-content\/uploads\/2023\/08\/poslovni-odjemalci-800x291.png 800w, https:\/\/www.plinarna-maribor.si\/wp-content\/uploads\/2023\/08\/poslovni-odjemalci-768x279.png 768w\" sizes=\"auto, (max-width: 1100px) 100vw, 1100px\" title=\"\">\t\t\t\t\t\t\n\t\t\t\t\t<\/div>\n\t\t\t\t\t\t\t\t\n<style>\n#image_608960298 {\n  width: 100%;\n}\n<\/style>\n\t<\/div>\n\t\n\t<div id=\"gap-1807803798\" class=\"gap-element clearfix\" style=\"display:block; height:auto;\">\n\t\t\n<style>\n#gap-1807803798 {\n  padding-top: 15px;\n}\n<\/style>\n\t<\/div>\n\t\n<h2 class=\"s-tit bfr-blue\">Dobava zemeljskega plina<\/h2>\n<ul>\n<li>\n<p><strong><span style=\"text-decoration: underline;\"><a href=\"\/en\/natural-gas-and-dso\/for-households\/supply-of-natural-gas\/#pogodbe-in-splosni-pogodbeni-pogoji\">Pogodbe in Splo\u0161ni pogoji<\/a><\/span><\/strong><\/p>\n<\/li>\n<li>\n<p><strong><span style=\"text-decoration: underline;\"><a href=\"\/en\/natural-gas-and-dso\/for-households\/supply-of-natural-gas\/#zamenjava-dobavitelja\">Menjava dobavitelja<\/a><\/span><\/strong><\/p>\n<\/li>\n<li>\n<p><strong><span style=\"text-decoration: underline;\"><a href=\"\/en\/natural-gas-and-dso\/for-households\/supply-of-natural-gas\/#vrste-in-kakovost-storitev\">Vrste in kakovost dodatnih storitev<\/a><\/span><\/strong><\/p>\n<\/li>\n<\/ul>\n<span class=\"scroll-to\" data-label=\"Scroll to: #vas-zanima-vec\" data-bullet=\"false\" data-link=\"#vas-zanima-vec\" data-title=\"Vas zanima ve\u010d?\"><a name=\"vas-zanima-vec\"><\/a><\/span>\n<h2 class=\"s-tit bfr-blue\">Vas zanima ve\u010d?<\/h2>\n<a href=\"\/en\/contact\/ask-more\/\" class=\"button primary btn-green ask-us\" >\n\t\t<span>Po\u0161ljite povpra\u0161evanje<\/span>\n\t<\/a>\n\n<span class=\"scroll-to\" data-label=\"Scroll to: #pomoc-in-podpora\" data-bullet=\"false\" data-link=\"#pomoc-in-podpora\" data-title=\"Pomo\u010d in podpora\"><a name=\"pomoc-in-podpora\"><\/a><\/span>\n\t<div id=\"gap-1847207260\" class=\"gap-element clearfix\" style=\"display:block; height:auto;\">\n\t\t\n<style>\n#gap-1847207260 {\n  padding-top: 30px;\n}\n<\/style>\n\t<\/div>\n\t\n<h2 class=\"s-tit bfr-blue\">Pomo\u010d in podpora<\/h2>\n<p><span style=\"text-decoration: underline;\"><span style=\"font-weight: 400;\">Poi\u0161\u010dite ve\u010d informacij o zemeljskem plinu. Na enem mestu vas \u010dakajo:<\/span><\/span><\/p>\n<div class=\"row\"  id=\"row-1616851687\">\n\n\t<div id=\"col-1955955081\" class=\"col pb-0 medium-6 small-12 large-6\"  >\n\t\t\t\t<div class=\"col-inner\"  >\n\t\t\t\n\t\t\t\n<span class=\"scroll-to\" data-label=\"Scroll to: #splosni-pogoji-in-zakonodaja2\" data-bullet=\"false\" data-link=\"#splosni-pogoji-in-zakonodaja2\" data-title=\"Splo\u0161ni pogoji in zakonodaja\"><a name=\"splosni-pogoji-in-zakonodaja2\"><\/a><\/span>\n\n\t<a class=\"plain\" href=\"\/en\/help-and-support\/natural-gas\/#splosni-pogoji-in-zakonodaja\" >\t<div class=\"icon-box featured-box aligning cta-grey icon-box-left text-left\"  >\n\t\t\t\t\t<div class=\"icon-box-img\" style=\"width: 90px\">\n\t\t\t\t<div class=\"icon\">\n\t\t\t\t\t<div class=\"icon-inner\" >\n\t\t\t\t\t\t<img loading=\"lazy\" decoding=\"async\" width=\"150\" height=\"150\" src=\"https:\/\/www.plinarna-maribor.si\/wp-content\/uploads\/2023\/08\/zakonodaja.png\" class=\"attachment-medium size-medium\" alt=\"\" title=\"\">\t\t\t\t\t<\/div>\n\t\t\t\t<\/div>\n\t\t\t<\/div>\n\t\t\t\t<div class=\"icon-box-text last-reset\">\n\t\t\t\t\t\t\t\t\t\n\t<div id=\"text-803473277\" class=\"text\">\n\t\t\n<p class=\"mb-0\"><strong>Splo\u0161ni pogoji in zakonodaja<\/strong><\/p>\n\t\t\n<style>\n#text-803473277 {\n  font-size: 1.1rem;\n}\n<\/style>\n\t<\/div>\n\t\n\t\t<\/div>\n\t<\/div>\n\t<\/a>\n\t\n\t<div id=\"gap-1853182299\" class=\"gap-element clearfix\" style=\"display:block; height:auto;\">\n\t\t\n<style>\n#gap-1853182299 {\n  padding-top: 15px;\n}\n<\/style>\n\t<\/div>\n\t\n<span class=\"scroll-to\" data-label=\"Scroll to: #predpisi-varnost-in-vzdrzevanje2\" data-bullet=\"false\" data-link=\"#predpisi-varnost-in-vzdrzevanje2\" data-title=\"Predpisi, varnost in vzdr\u017eevanje\"><a name=\"predpisi-varnost-in-vzdrzevanje2\"><\/a><\/span>\n\n\t<a class=\"plain\" href=\"\/en\/help-and-support\/natural-gas\/#predpisi-varnost-in-vzdrzevanje\" >\t<div class=\"icon-box featured-box aligning cta-grey icon-box-left text-left\"  >\n\t\t\t\t\t<div class=\"icon-box-img\" style=\"width: 90px\">\n\t\t\t\t<div class=\"icon\">\n\t\t\t\t\t<div class=\"icon-inner\" >\n\t\t\t\t\t\t<img loading=\"lazy\" decoding=\"async\" width=\"150\" height=\"150\" src=\"https:\/\/www.plinarna-maribor.si\/wp-content\/uploads\/2023\/08\/vzdrzevanje-1.png\" class=\"attachment-medium size-medium\" alt=\"\" title=\"\">\t\t\t\t\t<\/div>\n\t\t\t\t<\/div>\n\t\t\t<\/div>\n\t\t\t\t<div class=\"icon-box-text last-reset\">\n\t\t\t\t\t\t\t\t\t\n\t<div id=\"text-2577459997\" class=\"text\">\n\t\t\n<p class=\"mb-0\"><strong>Predpisi, varnost in vzdr\u017eevanje<\/strong><\/p>\n\t\t\n<style>\n#text-2577459997 {\n  font-size: 1.1rem;\n}\n<\/style>\n\t<\/div>\n\t\n\t\t<\/div>\n\t<\/div>\n\t<\/a>\n\t\n\t<div id=\"gap-49814034\" class=\"gap-element clearfix\" style=\"display:block; height:auto;\">\n\t\t\n<style>\n#gap-49814034 {\n  padding-top: 15px;\n}\n<\/style>\n\t<\/div>\n\t\n<span class=\"scroll-to\" data-label=\"Scroll to: #nasveti-za-varcno-ogrevanje2\" data-bullet=\"false\" data-link=\"#nasveti-za-varcno-ogrevanje2\" data-title=\"Nasveti za var\u010dno ogrevanje\"><a name=\"nasveti-za-varcno-ogrevanje2\"><\/a><\/span>\n\n\t<a class=\"plain\" href=\"\/en\/help-and-support\/natural-gas\/#modri-prihranki\" >\t<div class=\"icon-box featured-box aligning cta-grey icon-box-left text-left\"  >\n\t\t\t\t\t<div class=\"icon-box-img\" style=\"width: 90px\">\n\t\t\t\t<div class=\"icon\">\n\t\t\t\t\t<div class=\"icon-inner\" >\n\t\t\t\t\t\t<img loading=\"lazy\" decoding=\"async\" width=\"150\" height=\"150\" src=\"https:\/\/www.plinarna-maribor.si\/wp-content\/uploads\/2023\/08\/modri-prihranki.png\" class=\"attachment-medium size-medium\" alt=\"\" title=\"\">\t\t\t\t\t<\/div>\n\t\t\t\t<\/div>\n\t\t\t<\/div>\n\t\t\t\t<div class=\"icon-box-text last-reset\">\n\t\t\t\t\t\t\t\t\t\n\t<div id=\"text-1681732214\" class=\"text\">\n\t\t\n<p class=\"mb-0\"><strong>Nasveti za var\u010dno ogrevanje<\/strong><\/p>\n\t\t\n<style>\n#text-1681732214 {\n  font-size: 1.1rem;\n}\n<\/style>\n\t<\/div>\n\t\n\t\t<\/div>\n\t<\/div>\n\t<\/a>\n\t\n\t<div id=\"gap-1690094360\" class=\"gap-element clearfix\" style=\"display:block; height:auto;\">\n\t\t\n<style>\n#gap-1690094360 {\n  padding-top: 15px;\n}\n<\/style>\n\t<\/div>\n\t\n<span class=\"scroll-to\" data-label=\"Scroll to: #sporocanje-odcitkov2\" data-bullet=\"false\" data-link=\"#sporocanje-odcitkov2\" data-title=\"Sporo\u010danje od\u010ditkov plinskega \u0161tevca\"><a name=\"sporocanje-odcitkov2\"><\/a><\/span>\n\n\t<a class=\"plain\" href=\"\/en\/help-and-support\/natural-gas\/#sporocanje-odcitkov\" >\t<div class=\"icon-box featured-box aligning cta-grey icon-box-left text-left\"  >\n\t\t\t\t\t<div class=\"icon-box-img\" style=\"width: 90px\">\n\t\t\t\t<div class=\"icon\">\n\t\t\t\t\t<div class=\"icon-inner\" >\n\t\t\t\t\t\t<img loading=\"lazy\" decoding=\"async\" width=\"150\" height=\"150\" src=\"https:\/\/www.plinarna-maribor.si\/wp-content\/uploads\/2023\/08\/stevec.png\" class=\"attachment-medium size-medium\" alt=\"\" title=\"\">\t\t\t\t\t<\/div>\n\t\t\t\t<\/div>\n\t\t\t<\/div>\n\t\t\t\t<div class=\"icon-box-text last-reset\">\n\t\t\t\t\t\t\t\t\t\n\t<div id=\"text-3946402206\" class=\"text\">\n\t\t\n<p class=\"mb-0\"><strong>Sporo\u010danje od\u010ditkov plinskega \u0161tevca<\/strong><\/p>\n\t\t\n<style>\n#text-3946402206 {\n  font-size: 1.1rem;\n}\n<\/style>\n\t<\/div>\n\t\n\t\t<\/div>\n\t<\/div>\n\t<\/a>\n\t\n\t\t<\/div>\n\t\t\t\t\t<\/div>\n\n\t\n\n\t<div id=\"col-279992288\" class=\"col pb-0 medium-6 small-12 large-6\"  >\n\t\t\t\t<div class=\"col-inner\"  >\n\t\t\t\n\t\t\t\n<span class=\"scroll-to\" data-label=\"Scroll to: #ceniki2\" data-bullet=\"false\" data-link=\"#ceniki2\" data-title=\"Ceniki\"><a name=\"ceniki2\"><\/a><\/span>\n\n\t<a class=\"plain\" href=\"\/en\/help-and-support\/natural-gas\/#ceniki\" >\t<div class=\"icon-box featured-box aligning cta-grey icon-box-left text-left\"  >\n\t\t\t\t\t<div class=\"icon-box-img\" style=\"width: 90px\">\n\t\t\t\t<div class=\"icon\">\n\t\t\t\t\t<div class=\"icon-inner\" >\n\t\t\t\t\t\t<img loading=\"lazy\" decoding=\"async\" width=\"150\" height=\"150\" src=\"https:\/\/www.plinarna-maribor.si\/wp-content\/uploads\/2023\/08\/ceniki.png\" class=\"attachment-medium size-medium\" alt=\"\" title=\"\">\t\t\t\t\t<\/div>\n\t\t\t\t<\/div>\n\t\t\t<\/div>\n\t\t\t\t<div class=\"icon-box-text last-reset\">\n\t\t\t\t\t\t\t\t\t\n\t<div id=\"text-2958837093\" class=\"text\">\n\t\t\n<p class=\"mb-0\"><strong>Ceniki<\/strong><\/p>\n\t\t\n<style>\n#text-2958837093 {\n  font-size: 1.1rem;\n}\n<\/style>\n\t<\/div>\n\t\n\t\t<\/div>\n\t<\/div>\n\t<\/a>\n\t\n\t<div id=\"gap-1862294483\" class=\"gap-element clearfix\" style=\"display:block; height:auto;\">\n\t\t\n<style>\n#gap-1862294483 {\n  padding-top: 15px;\n}\n<\/style>\n\t<\/div>\n\t\n<span class=\"scroll-to\" data-label=\"Scroll to: #racuni2\" data-bullet=\"false\" data-link=\"#racuni2\" data-title=\"Ra\u010duni\"><a name=\"racuni2\"><\/a><\/span>\n\n\t<a class=\"plain\" href=\"\/en\/help-and-support\/natural-gas\/#racuni\" >\t<div class=\"icon-box featured-box aligning cta-grey icon-box-left text-left\"  >\n\t\t\t\t\t<div class=\"icon-box-img\" style=\"width: 90px\">\n\t\t\t\t<div class=\"icon\">\n\t\t\t\t\t<div class=\"icon-inner\" >\n\t\t\t\t\t\t<img loading=\"lazy\" decoding=\"async\" width=\"150\" height=\"150\" src=\"https:\/\/www.plinarna-maribor.si\/wp-content\/uploads\/2023\/08\/racuni.png\" class=\"attachment-medium size-medium\" alt=\"\" title=\"\">\t\t\t\t\t<\/div>\n\t\t\t\t<\/div>\n\t\t\t<\/div>\n\t\t\t\t<div class=\"icon-box-text last-reset\">\n\t\t\t\t\t\t\t\t\t\n\t<div id=\"text-2836811171\" class=\"text\">\n\t\t\n<p class=\"mb-0\"><strong>Ra\u010duni<\/strong><\/p>\n\t\t\n<style>\n#text-2836811171 {\n  font-size: 1.1rem;\n}\n<\/style>\n\t<\/div>\n\t\n\t\t<\/div>\n\t<\/div>\n\t<\/a>\n\t\n\t<div id=\"gap-256459909\" class=\"gap-element clearfix\" style=\"display:block; height:auto;\">\n\t\t\n<style>\n#gap-256459909 {\n  padding-top: 15px;\n}\n<\/style>\n\t<\/div>\n\t\n<span class=\"scroll-to\" data-label=\"Scroll to: #kontakti-dobavitelja2\" data-bullet=\"false\" data-link=\"#kontakti-dobavitelja2\" data-title=\"Kontakti dobavitelja\"><a name=\"kontakti-dobavitelja2\"><\/a><\/span>\n\n\t<a class=\"plain\" href=\"\/en\/help-and-support\/natural-gas\/#kontakti-dobavitelja\" >\t<div class=\"icon-box featured-box aligning cta-grey icon-box-left text-left\"  >\n\t\t\t\t\t<div class=\"icon-box-img\" style=\"width: 90px\">\n\t\t\t\t<div class=\"icon\">\n\t\t\t\t\t<div class=\"icon-inner\" >\n\t\t\t\t\t\t<img loading=\"lazy\" decoding=\"async\" width=\"150\" height=\"150\" src=\"https:\/\/www.plinarna-maribor.si\/wp-content\/uploads\/2023\/08\/kontakt.png\" class=\"attachment-medium size-medium\" alt=\"\" title=\"\">\t\t\t\t\t<\/div>\n\t\t\t\t<\/div>\n\t\t\t<\/div>\n\t\t\t\t<div class=\"icon-box-text last-reset\">\n\t\t\t\t\t\t\t\t\t\n\t<div id=\"text-1901399549\" class=\"text\">\n\t\t\n<p class=\"mb-0\"><strong>Kontakti dobavitelja<\/strong><\/p>\n\t\t\n<style>\n#text-1901399549 {\n  font-size: 1.1rem;\n}\n<\/style>\n\t<\/div>\n\t\n\t\t<\/div>\n\t<\/div>\n\t<\/a>\n\t\n\t\t<\/div>\n\t\t\t\t\n<style>\n#col-279992288 > .col-inner {\n  margin: 15px 0px 0px 0px;\n}\n@media (min-width:550px) {\n  #col-279992288 > .col-inner {\n    margin: 0px 0px 0px 0px;\n  }\n}\n<\/style>\n\t<\/div>\n\n\t\n<\/div>\n\t\t<\/div>\n\t\t\t\t\n<style>\n#col-2033030962 > .col-inner {\n  padding: 0px 0px 0px 0px;\n}\n@media (min-width:550px) {\n  #col-2033030962 > .col-inner {\n    padding: 0px 0px 0px 0px;\n  }\n}\n@media (min-width:850px) {\n  #col-2033030962 > .col-inner {\n    padding: 0px 75px 0px 0px;\n  }\n}\n<\/style>\n\t<\/div>\n\n\t\n\n\t<div id=\"col-2146245838\" class=\"col stck hide-for-medium medium-4 small-12 large-3 small-col-first\"  >\n\t\t<div class=\"is-sticky-column\"><div class=\"is-sticky-column__inner\">\t\t<div class=\"col-inner\"  >\n\t\t\t\n\t\t\t\n<ul class=\"page-menu\">\n<li><a href=\"#ceniki-ponudbe\">Ceniki za dobavo zemeljskega plina<\/a><\/li>\n<li><a href=\"#dobava-zemeljskega-plina\">Dobava zemeljskega plina<\/a><\/li>\n<li><a href=\"#vas-zanima-vec\">Vas zanima ve\u010d?<\/a><\/li>\n<li><a href=\"#pomoc-in-podpora\">Pomo\u010d in podpora<\/a><\/li>\n<li><a href=\"#splosni-pogoji-in-zakonodaja2\">Splo\u0161ni pogoji in zakonodaja<\/a><\/li>\n<li><a href=\"#predpisi-varnost-in-vzdrzevanje2\">Predpisi, varnost in vzdr\u017eevanje<\/a><\/li>\n<li><a href=\"#nasveti-za-varcno-ogrevanje2\">Nasveti za var\u010dno ogrevanje<\/a><\/li>\n<li><a href=\"#ceniki2\">Ceniki<\/a><\/li>\n<li><a href=\"#racuni2\">Ra\u010duni<\/a><\/li>\n<li><a href=\"#kontakti-dobavitelja2\">Kontakti dobavitelja<\/a><\/li>\n<li><a href=\"#sporocanje-odcitkov2\">Sporo\u010danje od\u010ditkov plinskega \u0161tevca<\/a><\/li>\n<\/ul>\n\t\t<\/div>\n\t\t<\/div><\/div>\t\t\t<\/div>\n\n\t\n<\/div>\n\t\t<\/div>\n\n\t\t\n<style>\n#section_121231100 {\n  padding-top: 65px;\n  padding-bottom: 65px;\n}\n@media (min-width:550px) {\n  #section_121231100 {\n    padding-top: 65px;\n    padding-bottom: 65px;\n  }\n}\n@media (min-width:850px) {\n  #section_121231100 {\n    padding-top: 100px;\n    padding-bottom: 100px;\n  }\n}\n<\/style>\n\t<\/section>\n\t\n\n\t<section class=\"section\" id=\"section_473692410\">\n\t\t<div class=\"section-bg fill\" >\n\t\t\t\t\t\t\t\t\t\n\t\t\t\n\n\t\t<\/div>\n\n\t\t\n\n\t\t<div class=\"section-content relative\">\n\t\t\t\n\n<div class=\"row\"  id=\"row-773850672\">\n\n\n\t<div id=\"col-2075185235\" class=\"col pb-0 medium-12 small-12 large-5\"  >\n\t\t\t\t<div class=\"col-inner\"  >\n\t\t\t\n\t\t\t\n\n<h2 class=\"s-tit\">Have you found everything you needed?<\/h2>\n\n\t\t<\/div>\n\t\t\t\t\t<\/div>\n\n\t\n\n\t<div id=\"col-823995440\" class=\"col pb-0 medium-12 small-12 large-7\"  >\n\t\t\t\t<div class=\"col-inner\"  >\n\t\t\t\n\t\t\t\n\n<p class=\"cta-desc\">If you need any information and assistance on how to use our products, feel free to contact us<\/p>\n<a href=\"\/en\/contact\/ask-more\/\" class=\"button primary btn-green ask-us\" >\n\t\t<span>CONTACT US<\/span>\n\t<\/a>\n\n\n<a href=\"tel:+38622284300\" class=\"button primary btn-out cont\" >\n\t\t<span>+386 2 22 843 00<\/span>\n\t<\/a>\n\n\n\n\t\t<\/div>\n\t\t\t\t\t<\/div>\n\n\t\n\n<\/div>\n\t<div id=\"gap-1111252222\" class=\"gap-element clearfix\" style=\"display:block; height:auto;\">\n\t\t\n<style>\n#gap-1111252222 {\n  padding-top: 100px;\n}\n<\/style>\n\t<\/div>\n\t\n\n\n\t\t<\/div>\n\n\t\t\n<style>\n#section_473692410 {\n  padding-top: 65px;\n  padding-bottom: 65px;\n  background-color: rgb(248, 248, 248);\n}\n@media (min-width:850px) {\n  #section_473692410 {\n    padding-top: 100px;\n    padding-bottom: 100px;\n  }\n}\n<\/style>\n\t<\/section>\n\t\n","protected":false},"excerpt":{"rendered":"","protected":false},"author":1,"featured_media":0,"parent":2882,"menu_order":0,"comment_status":"closed","ping_status":"closed","template":"","meta":{"footnotes":""},"class_list":["post-2884","page","type-page","status-publish","hentry"],"_links":{"self":[{"href":"https:\/\/www.plinarna-maribor.si\/en\/wp-json\/wp\/v2\/pages\/2884","targetHints":{"allow":["GET"]}}],"collection":[{"href":"https:\/\/www.plinarna-maribor.si\/en\/wp-json\/wp\/v2\/pages"}],"about":[{"href":"https:\/\/www.plinarna-maribor.si\/en\/wp-json\/wp\/v2\/types\/page"}],"author":[{"embeddable":true,"href":"https:\/\/www.plinarna-maribor.si\/en\/wp-json\/wp\/v2\/users\/1"}],"replies":[{"embeddable":true,"href":"https:\/\/www.plinarna-maribor.si\/en\/wp-json\/wp\/v2\/comments?post=2884"}],"version-history":[{"count":0,"href":"https:\/\/www.plinarna-maribor.si\/en\/wp-json\/wp\/v2\/pages\/2884\/revisions"}],"up":[{"embeddable":true,"href":"https:\/\/www.plinarna-maribor.si\/en\/wp-json\/wp\/v2\/pages\/2882"}],"wp:attachment":[{"href":"https:\/\/www.plinarna-maribor.si\/en\/wp-json\/wp\/v2\/media?parent=2884"}],"curies":[{"name":"wp","href":"https:\/\/api.w.org\/{rel}","templated":true}]}}