{"id":2883,"date":"2023-04-19T11:42:48","date_gmt":"2023-04-19T09:42:48","guid":{"rendered":"https:\/\/istrabenzplini.pakt.si\/?page_id=2883"},"modified":"2024-06-04T22:31:42","modified_gmt":"2024-06-04T20:31:42","slug":"offers-to-other-business-and-industrial-customers","status":"publish","type":"page","link":"https:\/\/www.plinarna-maribor.si\/en\/natural-gas-and-dso\/for-companies\/offers-to-other-business-and-industrial-customers\/","title":{"rendered":"Offers to other business and industrial customers"},"content":{"rendered":"\n\t<section class=\"section\" id=\"section_544480393\">\n\t\t<div class=\"section-bg fill\" >\n\t\t\t<img loading=\"lazy\" decoding=\"async\" width=\"2000\" height=\"1196\" src=\"https:\/\/www.plinarna-maribor.si\/wp-content\/uploads\/2023\/08\/main-header-za-podjetja.jpg\" class=\"bg attachment-original size-original\" alt=\"\" title=\"\">\t\t\t\t\t\t<div class=\"section-bg-overlay absolute fill\"><\/div>\n\t\t\t\n\n\t\t<\/div>\n\n\t\t\n\n\t\t<div class=\"section-content relative\">\n\t\t\t\n<div class=\"row\"  id=\"row-459503736\">\n\n\t<div id=\"col-520222085\" class=\"col pb-0 mainsec-pl medium-12 small-12 large-7\"  >\n\t\t\t\t<div class=\"col-inner\"  >\n\t\t\t\n\t\t\t\n<div class=\"row\"  id=\"row-1415591634\">\n\n\t<div id=\"col-1089230848\" class=\"col pb-0 col-mainsec small-12 large-12\"  >\n\t\t\t\t<div class=\"col-inner\"  >\n\t\t\t\n\t\t\t\n\t<div id=\"text-2638361299\" class=\"text\">\n\t\t\n<h1 class=\"main-tit\">Ponudbe za druge poslovne in industrijske odjemalce<\/h1>\n<p class=\"main-desc bigger\">Kontaktirajte nas za prilagojeno ponudbo.<\/p>\n\t\t\n<style>\n#text-2638361299 {\n  color: rgb(255,255,255);\n}\n#text-2638361299 > * {\n  color: rgb(255,255,255);\n}\n<\/style>\n\t<\/div>\n\t\n\t\t<\/div>\n\t\t\t\t\t<\/div>\n\n\t\n<\/div>\n\t\t<\/div>\n\t\t\t\t\t<\/div>\n\n\t\n<\/div>\n\t\t<\/div>\n\n\t\t\n<style>\n#section_544480393 {\n  padding-top: 65px;\n  padding-bottom: 65px;\n  min-height: 0vh;\n}\n#section_544480393 .section-bg-overlay {\n  background-color: rgba(8, 63, 136, 0.75);\n}\n#section_544480393 .section-bg img {\n  object-position: 63% 100%;\n}\n@media (min-width:550px) {\n  #section_544480393 {\n    padding-top: 65px;\n    padding-bottom: 65px;\n  }\n}\n@media (min-width:850px) {\n  #section_544480393 {\n    padding-top: 100px;\n    padding-bottom: 100px;\n    min-height: 71vh;\n  }\n}\n<\/style>\n\t<\/section>\n\t\n<div class=\"row align-middle breadcrump\"  id=\"row-1463467208\">\n\n\t<div id=\"col-1821215756\" class=\"col pb-0 small-12 large-12\"  >\n\t\t\t\t<div class=\"col-inner\"  >\n\t\t\t\n\t\t\t\n\t\t<div class=\"pb-0\">\n\t\t\t\t\n<nav aria-label=\"breadcrumbs\" class=\"rank-math-breadcrumb\"><p><\/p><\/nav>\n\t\t<\/div>\n\t\n\t\t<\/div>\n\t\t\t\t\t<\/div>\n\n\t\n<\/div>\n\n\t<section class=\"section\" id=\"section_2031217763\">\n\t\t<div class=\"section-bg fill\" >\n\t\t\t\t\t\t\t\t\t\n\t\t\t\n\n\t\t<\/div>\n\n\t\t\n\n\t\t<div class=\"section-content relative\">\n\t\t\t\n<div class=\"row\"  id=\"row-1513498001\">\n\n\t<div id=\"col-65849265\" class=\"col pb-0 brd medium-12 small-12 large-12\"  >\n\t\t\t\t<div class=\"col-inner\"  >\n\t\t\t\n\t\t\t\n<h2 class=\"s-tit bfr-blue\">Prilagojena ponudba<\/h2>\n<p class=\"med\">V Plinarni Maribor vam omogo\u010damo prilagojeno ponudbo za potrebe va\u0161ega podjetja. Za ve\u010d informacij nam po\u0161ljite povpra\u0161evanje.<\/p>\n<a href=\"\/en\/contact\/ask-more\/\" class=\"button primary btn-green ask-us\" >\n\t\t<span>Po\u0161ljite povpra\u0161evanje<\/span>\n\t<\/a>\n\n\t<div id=\"gap-1483503646\" class=\"gap-element clearfix\" style=\"display:block; height:auto;\">\n\t\t\n<style>\n#gap-1483503646 {\n  padding-top: 15px;\n}\n<\/style>\n\t<\/div>\n\t\n<h2 class=\"s-tit bfr-blue\">Osredoto\u010dite se na svoj posel, energetsko oskrbo pa prepustite nam<\/h2>\n<p class=\"med\"><span style=\"font-weight: 400;\">Preverite na\u0161e celovite re\u0161itve za podjetja &#8211; ponujamo vam celovito energetsko oskrbo.<\/span><\/p>\n<a href=\"\/en\/lpg-in-cylinders\/for-companies\/\" class=\"button primary btn-green ask-us\" >\n\t\t<span>Energetske re\u0161itve<\/span>\n\t<\/a>\n\n\t\t<\/div>\n\t\t\t\t\n<style>\n#col-65849265 > .col-inner {\n  padding: 0px 0px 0px 0px;\n}\n<\/style>\n\t<\/div>\n\n\t\n<\/div>\n\t\t<\/div>\n\n\t\t\n<style>\n#section_2031217763 {\n  padding-top: 65px;\n  padding-bottom: 65px;\n}\n@media (min-width:550px) {\n  #section_2031217763 {\n    padding-top: 65px;\n    padding-bottom: 65px;\n  }\n}\n@media (min-width:850px) {\n  #section_2031217763 {\n    padding-top: 100px;\n    padding-bottom: 100px;\n  }\n}\n<\/style>\n\t<\/section>\n\t\n\n\t<section class=\"section\" id=\"section_1873325941\">\n\t\t<div class=\"section-bg fill\" >\n\t\t\t\t\t\t\t\t\t\n\t\t\t\n\n\t\t<\/div>\n\n\t\t\n\n\t\t<div class=\"section-content relative\">\n\t\t\t\n\n<div class=\"row\"  id=\"row-1981860686\">\n\n\n\t<div id=\"col-183541080\" class=\"col pb-0 medium-12 small-12 large-5\"  >\n\t\t\t\t<div class=\"col-inner\"  >\n\t\t\t\n\t\t\t\n\n<h2 class=\"s-tit\">Have you found everything you needed?<\/h2>\n\n\t\t<\/div>\n\t\t\t\t\t<\/div>\n\n\t\n\n\t<div id=\"col-1872792169\" class=\"col pb-0 medium-12 small-12 large-7\"  >\n\t\t\t\t<div class=\"col-inner\"  >\n\t\t\t\n\t\t\t\n\n<p class=\"cta-desc\">If you need any information and assistance on how to use our products, feel free to contact us<\/p>\n<a href=\"\/en\/contact\/ask-more\/\" class=\"button primary btn-green ask-us\" >\n\t\t<span>CONTACT US<\/span>\n\t<\/a>\n\n\n<a href=\"tel:+38622284300\" class=\"button primary btn-out cont\" >\n\t\t<span>+386 2 22 843 00<\/span>\n\t<\/a>\n\n\n\n\t\t<\/div>\n\t\t\t\t\t<\/div>\n\n\t\n\n<\/div>\n\t<div id=\"gap-1415210105\" class=\"gap-element clearfix\" style=\"display:block; height:auto;\">\n\t\t\n<style>\n#gap-1415210105 {\n  padding-top: 100px;\n}\n<\/style>\n\t<\/div>\n\t\n\n\n\t\t<\/div>\n\n\t\t\n<style>\n#section_1873325941 {\n  padding-top: 65px;\n  padding-bottom: 65px;\n  background-color: rgb(248, 248, 248);\n}\n@media (min-width:850px) {\n  #section_1873325941 {\n    padding-top: 100px;\n    padding-bottom: 100px;\n  }\n}\n<\/style>\n\t<\/section>\n\t\n","protected":false},"excerpt":{"rendered":"","protected":false},"author":1,"featured_media":0,"parent":2882,"menu_order":0,"comment_status":"closed","ping_status":"closed","template":"","meta":{"footnotes":""},"class_list":["post-2883","page","type-page","status-publish","hentry"],"_links":{"self":[{"href":"https:\/\/www.plinarna-maribor.si\/en\/wp-json\/wp\/v2\/pages\/2883","targetHints":{"allow":["GET"]}}],"collection":[{"href":"https:\/\/www.plinarna-maribor.si\/en\/wp-json\/wp\/v2\/pages"}],"about":[{"href":"https:\/\/www.plinarna-maribor.si\/en\/wp-json\/wp\/v2\/types\/page"}],"author":[{"embeddable":true,"href":"https:\/\/www.plinarna-maribor.si\/en\/wp-json\/wp\/v2\/users\/1"}],"replies":[{"embeddable":true,"href":"https:\/\/www.plinarna-maribor.si\/en\/wp-json\/wp\/v2\/comments?post=2883"}],"version-history":[{"count":0,"href":"https:\/\/www.plinarna-maribor.si\/en\/wp-json\/wp\/v2\/pages\/2883\/revisions"}],"up":[{"embeddable":true,"href":"https:\/\/www.plinarna-maribor.si\/en\/wp-json\/wp\/v2\/pages\/2882"}],"wp:attachment":[{"href":"https:\/\/www.plinarna-maribor.si\/en\/wp-json\/wp\/v2\/media?parent=2883"}],"curies":[{"name":"wp","href":"https:\/\/api.w.org\/{rel}","templated":true}]}}