{"id":2859,"date":"2023-04-19T11:26:35","date_gmt":"2023-04-19T09:26:35","guid":{"rendered":"https:\/\/istrabenzplini.pakt.si\/?page_id=2859"},"modified":"2024-06-13T21:51:39","modified_gmt":"2024-06-13T19:51:39","slug":"for-companies","status":"publish","type":"page","link":"https:\/\/www.plinarna-maribor.si\/en\/lpg-in-bulks\/for-companies\/","title":{"rendered":"For companies"},"content":{"rendered":"\n\t<section class=\"section\" id=\"section_2013905751\">\n\t\t<div class=\"section-bg fill\" >\n\t\t\t<img loading=\"lazy\" decoding=\"async\" width=\"2000\" height=\"1196\" src=\"https:\/\/www.plinarna-maribor.si\/wp-content\/uploads\/naslovnica-unp-v-plinohramih-za-podjetja.jpg\" class=\"bg attachment-original size-original\" alt=\"\" title=\"\">\t\t\t\t\t\t<div class=\"section-bg-overlay absolute fill\"><\/div>\n\t\t\t\n\n\t\t<\/div>\n\n\t\t\n\n\t\t<div class=\"section-content relative\">\n\t\t\t\n<div class=\"row\"  id=\"row-1642377156\">\n\n\t<div id=\"col-818420139\" class=\"col pb-0 mainsec-pl medium-12 small-12 large-7\"  >\n\t\t\t\t<div class=\"col-inner\"  >\n\t\t\t\n\t\t\t\n<div class=\"row\"  id=\"row-1626212828\">\n\n\t<div id=\"col-89353750\" class=\"col pb-0 col-mainsec small-12 large-12\"  >\n\t\t\t\t<div class=\"col-inner\"  >\n\t\t\t\n\t\t\t\n\t<div id=\"text-3184333217\" class=\"text\">\n\t\t\n<h1 class=\"main-tit\"><span>FOR COMPANIES<\/span><br \/>\nLPG in bulks for companies<\/h1>\n<p class=\"main-desc bigger\"><span style=\"font-weight: 400;\">LPG for business users is an efficient and versatile way to supply your company with energy. Depending on your specific needs, we can help you find a customised solution.<\/span><\/p>\n\t\t\n<style>\n#text-3184333217 {\n  color: rgb(255,255,255);\n}\n#text-3184333217 > * {\n  color: rgb(255,255,255);\n}\n<\/style>\n\t<\/div>\n\t\n\t\t<\/div>\n\t\t\t\t\t<\/div>\n\n\t\n<\/div>\n<div class=\"row\"  id=\"row-217534205\">\n\n\t<div id=\"col-224005759\" class=\"col pb-0 small-12 large-12\"  >\n\t\t\t\t<div class=\"col-inner\"  >\n\t\t\t\n\t\t\t\n<a href=\"\/en\/lpg-in-bulks\/for-companies\/areas-of-use\/\" class=\"button primary btn-w\" >\n\t\t<span>Areas of use<\/span>\n\t<\/a>\n\n\t\t<\/div>\n\t\t\t\t\t<\/div>\n\n\t\n<\/div>\n\t\t<\/div>\n\t\t\t\t\t<\/div>\n\n\t\n<\/div>\n\t\t<\/div>\n\n\t\t\n<style>\n#section_2013905751 {\n  padding-top: 65px;\n  padding-bottom: 65px;\n  min-height: 0vh;\n}\n#section_2013905751 .section-bg-overlay {\n  background-color: rgba(8, 63, 136, 0.575);\n}\n#section_2013905751 .section-bg img {\n  object-position: 93% 83%;\n}\n@media (min-width:550px) {\n  #section_2013905751 {\n    padding-top: 65px;\n    padding-bottom: 65px;\n  }\n}\n@media (min-width:850px) {\n  #section_2013905751 {\n    padding-top: 100px;\n    padding-bottom: 100px;\n    min-height: 71vh;\n  }\n}\n<\/style>\n\t<\/section>\n\t\n<div class=\"row align-middle breadcrump\"  id=\"row-2030120782\">\n\n\t<div id=\"col-244180901\" class=\"col pb-0 small-12 large-12\"  >\n\t\t\t\t<div class=\"col-inner\"  >\n\t\t\t\n\t\t\t\n\t\t<div class=\"pb-0\">\n\t\t\t\t\n<nav aria-label=\"breadcrumbs\" class=\"rank-math-breadcrumb\"><p><\/p><\/nav>\n\t\t<\/div>\n\t\n\t\t<\/div>\n\t\t\t\t\n<style>\n#col-244180901 > .col-inner {\n  margin: 0px 0px 30px 0px;\n}\n<\/style>\n\t<\/div>\n\n\t\n<\/div>\n\n\t<section class=\"section\" id=\"section_1638137184\">\n\t\t<div class=\"section-bg fill\" >\n\t\t\t\t\t\t\t\t\t\n\t\t\t\n\n\t\t<\/div>\n\n\t\t\n\n\t\t<div class=\"section-content relative\">\n\t\t\t\n<div class=\"row\"  id=\"row-153764576\">\n\n\t<div id=\"col-482153783\" class=\"col pb-0 small-12 large-12\"  >\n\t\t\t\t<div class=\"col-inner\"  >\n\t\t\t\n\t\t\t\n<h2 class=\"s-tit bfr-blue\">What are the benefits of liquefied petroleum gas?<\/h2>\n\t\t<\/div>\n\t\t\t\t\t<\/div>\n\n\t\n<\/div>\n<div class=\"row\"  id=\"row-214758049\">\n\n\t<div id=\"col-651158750\" class=\"col pb-0 medium-3 small-6 large-3\"  >\n\t\t\t\t<div class=\"col-inner\"  >\n\t\t\t\n\t\t\t\n\n\t\t<div class=\"icon-box featured-box ics icon-box-center text-center\"  >\n\t\t\t\t\t<div class=\"icon-box-img\" style=\"width: 115px\">\n\t\t\t\t<div class=\"icon\">\n\t\t\t\t\t<div class=\"icon-inner\" >\n\t\t\t\t\t\t<img loading=\"lazy\" decoding=\"async\" width=\"150\" height=\"150\" src=\"https:\/\/www.plinarna-maribor.si\/wp-content\/uploads\/2023\/07\/neodvisnost-od-omrezja.png\" class=\"attachment-medium size-medium\" alt=\"\" title=\"\">\t\t\t\t\t<\/div>\n\t\t\t\t<\/div>\n\t\t\t<\/div>\n\t\t\t\t<div class=\"icon-box-text last-reset\">\n\t\t\t\t\t\t\t\t\t\n<h3 class=\"ic-desc\">Independence from network<\/h3>\n\t\t<\/div>\n\t<\/div>\n\t\n\t\n\t\t<\/div>\n\t\t\t\t\n<style>\n#col-651158750 > .col-inner {\n  margin: 0px 0px 15px 0px;\n}\n<\/style>\n\t<\/div>\n\n\t\n\n\t<div id=\"col-2051220905\" class=\"col pb-0 medium-3 small-6 large-3\"  >\n\t\t\t\t<div class=\"col-inner\"  >\n\t\t\t\n\t\t\t\n\n\t\t<div class=\"icon-box featured-box ics icon-box-center text-center\"  >\n\t\t\t\t\t<div class=\"icon-box-img\" style=\"width: 115px\">\n\t\t\t\t<div class=\"icon\">\n\t\t\t\t\t<div class=\"icon-inner\" >\n\t\t\t\t\t\t<img loading=\"lazy\" decoding=\"async\" width=\"150\" height=\"150\" src=\"https:\/\/www.plinarna-maribor.si\/wp-content\/uploads\/2023\/07\/energetski-izkoristek.png\" class=\"attachment-medium size-medium\" alt=\"\" title=\"\">\t\t\t\t\t<\/div>\n\t\t\t\t<\/div>\n\t\t\t<\/div>\n\t\t\t\t<div class=\"icon-box-text last-reset\">\n\t\t\t\t\t\t\t\t\t\n<h3 class=\"ic-desc\">High energy efficiency<\/h3>\n\t\t<\/div>\n\t<\/div>\n\t\n\t\n\t\t<\/div>\n\t\t\t\t\n<style>\n#col-2051220905 > .col-inner {\n  margin: 0px 0px 15px 0px;\n}\n<\/style>\n\t<\/div>\n\n\t\n\n\t<div id=\"col-777541721\" class=\"col pb-0 medium-3 small-6 large-3\"  >\n\t\t\t\t<div class=\"col-inner\"  >\n\t\t\t\n\t\t\t\n\n\t\t<div class=\"icon-box featured-box ics icon-box-center text-center\"  >\n\t\t\t\t\t<div class=\"icon-box-img\" style=\"width: 115px\">\n\t\t\t\t<div class=\"icon\">\n\t\t\t\t\t<div class=\"icon-inner\" >\n\t\t\t\t\t\t<img loading=\"lazy\" decoding=\"async\" width=\"150\" height=\"150\" src=\"https:\/\/www.plinarna-maribor.si\/wp-content\/uploads\/2023\/07\/neskodljivo-okolju.png\" class=\"attachment-medium size-medium\" alt=\"\" title=\"\">\t\t\t\t\t<\/div>\n\t\t\t\t<\/div>\n\t\t\t<\/div>\n\t\t\t\t<div class=\"icon-box-text last-reset\">\n\t\t\t\t\t\t\t\t\t\n<h3 class=\"ic-desc\">Environmentally friendly<\/h3>\n\t\t<\/div>\n\t<\/div>\n\t\n\t\n\t\t<\/div>\n\t\t\t\t\t<\/div>\n\n\t\n\n\t<div id=\"col-29211363\" class=\"col pb-0 medium-3 small-6 large-3\"  >\n\t\t\t\t<div class=\"col-inner\"  >\n\t\t\t\n\t\t\t\n\n\t\t<div class=\"icon-box featured-box ics icon-box-center text-center\"  >\n\t\t\t\t\t<div class=\"icon-box-img\" style=\"width: 115px\">\n\t\t\t\t<div class=\"icon\">\n\t\t\t\t\t<div class=\"icon-inner\" >\n\t\t\t\t\t\t<img loading=\"lazy\" decoding=\"async\" width=\"150\" height=\"150\" src=\"https:\/\/www.plinarna-maribor.si\/wp-content\/uploads\/2023\/07\/vsestranska-uporaba.png\" class=\"attachment-medium size-medium\" alt=\"\" title=\"\">\t\t\t\t\t<\/div>\n\t\t\t\t<\/div>\n\t\t\t<\/div>\n\t\t\t\t<div class=\"icon-box-text last-reset\">\n\t\t\t\t\t\t\t\t\t\n<h3 class=\"ic-desc\">Versatile usability<\/h3>\n\t\t<\/div>\n\t<\/div>\n\t\n\t\n\t\t<\/div>\n\t\t\t\t\t<\/div>\n\n\t\n<\/div>\n\t\t<\/div>\n\n\t\t\n<style>\n#section_1638137184 {\n  padding-top: 65px;\n  padding-bottom: 65px;\n  background-color: rgb(248, 248, 248);\n}\n@media (min-width:550px) {\n  #section_1638137184 {\n    padding-top: 65px;\n    padding-bottom: 65px;\n  }\n}\n@media (min-width:850px) {\n  #section_1638137184 {\n    padding-top: 100px;\n    padding-bottom: 100px;\n  }\n}\n<\/style>\n\t<\/section>\n\t\n\n\t<section class=\"section pb-0\" id=\"section_76923435\">\n\t\t<div class=\"section-bg fill\" >\n\t\t\t\t\t\t\t\t\t\n\t\t\t\n\n\t\t<\/div>\n\n\t\t\n\n\t\t<div class=\"section-content relative\">\n\t\t\t\n<div class=\"row\"  id=\"row-1073551174\">\n\n\t<div id=\"col-1342814834\" class=\"col small-12 large-12\"  >\n\t\t\t\t<div class=\"col-inner\" style=\"background-color:#60bb46;\" >\n\t\t\t\n\t\t\t\n\t<div id=\"gap-1256092726\" class=\"gap-element clearfix\" style=\"display:block; height:auto;\">\n\t\t\n<style>\n#gap-1256092726 {\n  padding-top: 30px;\n}\n<\/style>\n\t<\/div>\n\t\n\t<div id=\"text-4130209034\" class=\"text\">\n\t\t\n<h2 class=\"s-tit bfr-blue \">Replace the energy source!<\/h2>\n\t\t\n<style>\n#text-4130209034 {\n  color: rgb(255,255,255);\n}\n#text-4130209034 > * {\n  color: rgb(255,255,255);\n}\n<\/style>\n\t<\/div>\n\t\n\t<div id=\"text-4027827558\" class=\"text\">\n\t\t\n<p><span style=\"font-weight: 400;\">Switch from heating oil or other energy sources to liquefied petroleum gas &#8211; simplify use and ensure your energy independence.<\/span><\/p>\n\t\t\n<style>\n#text-4027827558 {\n  color: rgb(255,255,255);\n}\n#text-4027827558 > * {\n  color: rgb(255,255,255);\n}\n<\/style>\n\t<\/div>\n\t\n<a href=\"\/en\/contact\/ask-more\/\" class=\"button primary btn-green ask-us blue-c\" >\n\t\t<span>SEND US AN INQUIRY<\/span>\n\t<\/a>\n\n\t\t<\/div>\n\t\t\t\t\n<style>\n#col-1342814834 > .col-inner {\n  padding: 0px 30px 15px 30px;\n  border-radius: 5px;\n}\n<\/style>\n\t<\/div>\n\n\t\n\n\t<div id=\"col-1904583158\" class=\"col small-12 large-12\"  >\n\t\t\t\t<div class=\"col-inner\" style=\"background-color:#083f88;\" >\n\t\t\t\n\t\t\t\n\t<div id=\"gap-1291699484\" class=\"gap-element clearfix\" style=\"display:block; height:auto;\">\n\t\t\n<style>\n#gap-1291699484 {\n  padding-top: 30px;\n}\n<\/style>\n\t<\/div>\n\t\n\t<div id=\"text-402267271\" class=\"text\">\n\t\t\n<h2 class=\"s-tit bfr-blue white-c\">Storitve<\/h2>\n<p><span style=\"font-weight: 400;\">Plinarna Maribor, s svojo ekipo strokovnjakov in dolgoletnimi izku\u0161njami na podro\u010dju plinske tehnike, izvaja storitve na razli\u010dnih podro\u010djih.<\/span><\/p>\n\t\t\n<style>\n#text-402267271 {\n  color: rgb(255,255,255);\n}\n#text-402267271 > * {\n  color: rgb(255,255,255);\n}\n<\/style>\n\t<\/div>\n\t\n<a href=\"\/en\/lpg-in-bulks\/services\/\" class=\"button primary btn-green ask-us\" >\n\t\t<span>Preverite storitve, ki jih ponujamo<\/span>\n\t<\/a>\n\n\t\t<\/div>\n\t\t\t\t\n<style>\n#col-1904583158 > .col-inner {\n  padding: 0px 30px 15px 30px;\n  border-radius: 5px;\n}\n<\/style>\n\t<\/div>\n\n\t\n<\/div>\n\t\t<\/div>\n\n\t\t\n<style>\n#section_76923435 {\n  padding-top: 65px;\n  padding-bottom: 65px;\n}\n@media (min-width:550px) {\n  #section_76923435 {\n    padding-top: 65px;\n    padding-bottom: 65px;\n  }\n}\n@media (min-width:850px) {\n  #section_76923435 {\n    padding-top: 100px;\n    padding-bottom: 100px;\n  }\n}\n<\/style>\n\t<\/section>\n\t\n\n\t<section class=\"section pb-0\" id=\"section_139873996\">\n\t\t<div class=\"section-bg fill\" >\n\t\t\t\t\t\t\t\t\t\n\t\t\t\n\n\t\t<\/div>\n\n\t\t\n\n\t\t<div class=\"section-content relative\">\n\t\t\t\n<div class=\"row\"  id=\"row-360826889\">\n\n\t<div id=\"col-2130320689\" class=\"col pb-0 small-12 large-12\"  >\n\t\t\t\t<div class=\"col-inner\"  >\n\t\t\t\n\t\t\t\n<div class=\"proces\">\n<div class=\"proces-start\">\n<div class=\"proces-pika-outline\">\u00a0<\/div>\n<\/div>\n<div class=\"proces-block\" style=\"margin-top: 0px;\">\n<div class=\"proces-pika\">\u00a0<\/div>\n<div class=\"proces-block-vsebina pad-right\">\n<h2 class=\"s-tit\">Application areas<\/h2>\n<p>Liquefied petroleum gas (LPG) has a wide range of economic uses. It is irreplaceable in transport, agriculture, horticulture, animal farming, catering and manufacturing processes. With established energy solutions, Plinarna Maribor is present in various sectors of the economy.<\/p>\n<p><a class=\"more-outline\" href=\"\/en\/lpg-in-bulks\/for-companies\/areas-of-use\/\">Learn more about the areas of use<\/a><\/p>\n<\/div>\n<div class=\"proces-block-vsebina vsebina-empty\" style=\"text-align: center;\"><img decoding=\"async\" style=\"margin-left: 45px;\" src=\"\/wp-content\/uploads\/2023\/08\/01-UPN-podjetja-1.png\" width=\"350px\" alt=\"\" title=\"\"><\/div>\n<\/div>\n<div class=\"proces-block\">\n<div class=\"proces-block-vsebina vsebina-empty\" style=\"text-align: center;\"><img decoding=\"async\" src=\"\/wp-content\/uploads\/2023\/08\/02-UPN-podjetja.png\" width=\"350px\" alt=\"\" title=\"\"><\/div>\n<div class=\"proces-block-vsebina pad-left\">\n<h2 class=\"s-tit\">Safety tips<\/h2>\n<p>Find out more about using LPG in companies and how to handle LPG safely.<\/p>\n<p><a class=\"more-outline\" href=\"\/en\/help-and-support\/lpg-in-bulks\/\">Safe use<\/a><\/p>\n<\/div>\n<div class=\"proces-pika\">\u00a0<\/div>\n<\/div>\n<div class=\"proces-block\">\n<div class=\"proces-pika\">\u00a0<\/div>\n<div class=\"proces-block-vsebina pad-right\">\n<h2 class=\"s-tit\">Don&#8217;t forget about your pressure equipment inspections<\/h2>\n<p>Istrabenz plini&#8217;s inspection body is a trusted provider of pressure equipment inspection services for both internal and external customers. It conduct its work with the highest level of professionalism, independence, and impartiality.<\/p>\n<p><a class=\"more-outline\" href=\"\/en\/help-and-support\/pressure-equipment-inspection\/\">Pressure equipment inspection<\/a><\/p>\n<\/div>\n<div class=\"proces-block-vsebina vsebina-empty\" style=\"text-align: center;\"><img decoding=\"async\" style=\"margin-left: 45px;\" src=\"\/wp-content\/uploads\/2023\/08\/03-UPN-podjetja.png\" width=\"350px\" alt=\"\" title=\"\"><\/div>\n<\/div>\n<div class=\"proces-end\">\n<div class=\"proces-pika-outline\">\u00a0<\/div>\n<\/div>\n<\/div>\n\t\t<\/div>\n\t\t\t\t\t<\/div>\n\n\t\n<\/div>\n\t\t<\/div>\n\n\t\t\n<style>\n#section_139873996 {\n  padding-top: 65px;\n  padding-bottom: 65px;\n}\n@media (min-width:550px) {\n  #section_139873996 {\n    padding-top: 65px;\n    padding-bottom: 65px;\n  }\n}\n@media (min-width:850px) {\n  #section_139873996 {\n    padding-top: 100px;\n    padding-bottom: 100px;\n  }\n}\n<\/style>\n\t<\/section>\n\t\n<span class=\"scroll-to\" data-label=\"Scroll to: #podrocja-uporabe\" data-bullet=\"false\" data-link=\"#podrocja-uporabe\" data-title=\"Podro\u010dja uporabe\"><a name=\"podrocja-uporabe\"><\/a><\/span>\n\n\t<section class=\"section\" id=\"section_56862141\">\n\t\t<div class=\"section-bg fill\" >\n\t\t\t\t\t\t\t\t\t\n\t\t\t\n\n\t\t<\/div>\n\n\t\t\n\n\t\t<div class=\"section-content relative\">\n\t\t\t\n<div class=\"row\"  id=\"row-631316606\">\n\n\t<div id=\"col-536814385\" class=\"col pb-0 small-12 large-12\"  >\n\t\t\t\t<div class=\"col-inner\" style=\"background-color:#083f88;\" >\n\t\t\t\n\t\t\t\n<span class=\"scroll-to\" data-label=\"Scroll to: #maloprodajna-mesta\" data-bullet=\"false\" data-link=\"#maloprodajna-mesta\" data-title=\"Maloprodajna mesta\"><a name=\"maloprodajna-mesta\"><\/a><\/span>\n\t<div id=\"gap-1243031473\" class=\"gap-element clearfix\" style=\"display:block; height:auto;\">\n\t\t\n<style>\n#gap-1243031473 {\n  padding-top: 30px;\n}\n<\/style>\n\t<\/div>\n\t\n\t<div id=\"text-898193888\" class=\"text\">\n\t\t\n<h2 class=\"s-tit bfr-blue white-c\">Let us take care of the energy supply, so you can focus on your business.<\/h2>\n<p><span style=\"font-weight: 400;\">Check out our other comprehensive business solutions. We offer you a comprehensive energy supply.<\/span><\/p>\n\t\t\n<style>\n#text-898193888 {\n  color: rgb(255,255,255);\n}\n#text-898193888 > * {\n  color: rgb(255,255,255);\n}\n<\/style>\n\t<\/div>\n\t\n<a href=\"\/en\/energy-solutions\/for-companies\/\" class=\"button primary btn-green ask-us\" >\n\t\t<span>ENERGY SOLUTIONS<\/span>\n\t<\/a>\n\n\t\t<\/div>\n\t\t\t\t\n<style>\n#col-536814385 > .col-inner {\n  padding: 0px 30px 15px 30px;\n  border-radius: 5px;\n}\n<\/style>\n\t<\/div>\n\n\t\n<\/div>\n\t\t<\/div>\n\n\t\t\n<style>\n#section_56862141 {\n  padding-top: 65px;\n  padding-bottom: 65px;\n}\n@media (min-width:550px) {\n  #section_56862141 {\n    padding-top: 65px;\n    padding-bottom: 65px;\n  }\n}\n@media (min-width:850px) {\n  #section_56862141 {\n    padding-top: 100px;\n    padding-bottom: 100px;\n  }\n}\n<\/style>\n\t<\/section>\n\t\n\n\t<section class=\"section\" id=\"section_1713010573\">\n\t\t<div class=\"section-bg fill\" >\n\t\t\t\t\t\t\t\t\t\n\t\t\t\n\n\t\t<\/div>\n\n\t\t\n\n\t\t<div class=\"section-content relative\">\n\t\t\t\n\n<div class=\"row\"  id=\"row-970843178\">\n\n\n\t<div id=\"col-760538789\" class=\"col pb-0 medium-12 small-12 large-5\"  >\n\t\t\t\t<div class=\"col-inner\"  >\n\t\t\t\n\t\t\t\n\n<h2 class=\"s-tit\">Have you found everything you needed?<\/h2>\n\n\t\t<\/div>\n\t\t\t\t\t<\/div>\n\n\t\n\n\t<div id=\"col-630475537\" class=\"col pb-0 medium-12 small-12 large-7\"  >\n\t\t\t\t<div class=\"col-inner\"  >\n\t\t\t\n\t\t\t\n\n<p class=\"cta-desc\">If you need any information and assistance on how to use our products, feel free to contact us<\/p>\n<a href=\"\/en\/contact\/ask-more\/\" class=\"button primary btn-green ask-us\" >\n\t\t<span>CONTACT US<\/span>\n\t<\/a>\n\n\n<a href=\"tel:+38622284300\" class=\"button primary btn-out cont\" >\n\t\t<span>+386 2 22 843 00<\/span>\n\t<\/a>\n\n\n\n\t\t<\/div>\n\t\t\t\t\t<\/div>\n\n\t\n\n<\/div>\n\t<div id=\"gap-518879606\" class=\"gap-element clearfix\" style=\"display:block; height:auto;\">\n\t\t\n<style>\n#gap-518879606 {\n  padding-top: 100px;\n}\n<\/style>\n\t<\/div>\n\t\n\n\n\t\t<\/div>\n\n\t\t\n<style>\n#section_1713010573 {\n  padding-top: 65px;\n  padding-bottom: 65px;\n  background-color: rgb(248, 248, 248);\n}\n@media (min-width:850px) {\n  #section_1713010573 {\n    padding-top: 100px;\n    padding-bottom: 100px;\n  }\n}\n<\/style>\n\t<\/section>\n\t\n","protected":false},"excerpt":{"rendered":"","protected":false},"author":1,"featured_media":0,"parent":2856,"menu_order":0,"comment_status":"closed","ping_status":"closed","template":"","meta":{"footnotes":""},"class_list":["post-2859","page","type-page","status-publish","hentry"],"_links":{"self":[{"href":"https:\/\/www.plinarna-maribor.si\/en\/wp-json\/wp\/v2\/pages\/2859","targetHints":{"allow":["GET"]}}],"collection":[{"href":"https:\/\/www.plinarna-maribor.si\/en\/wp-json\/wp\/v2\/pages"}],"about":[{"href":"https:\/\/www.plinarna-maribor.si\/en\/wp-json\/wp\/v2\/types\/page"}],"author":[{"embeddable":true,"href":"https:\/\/www.plinarna-maribor.si\/en\/wp-json\/wp\/v2\/users\/1"}],"replies":[{"embeddable":true,"href":"https:\/\/www.plinarna-maribor.si\/en\/wp-json\/wp\/v2\/comments?post=2859"}],"version-history":[{"count":0,"href":"https:\/\/www.plinarna-maribor.si\/en\/wp-json\/wp\/v2\/pages\/2859\/revisions"}],"up":[{"embeddable":true,"href":"https:\/\/www.plinarna-maribor.si\/en\/wp-json\/wp\/v2\/pages\/2856"}],"wp:attachment":[{"href":"https:\/\/www.plinarna-maribor.si\/en\/wp-json\/wp\/v2\/media?parent=2859"}],"curies":[{"name":"wp","href":"https:\/\/api.w.org\/{rel}","templated":true}]}}