{"id":2858,"date":"2023-04-19T11:29:23","date_gmt":"2023-04-19T09:29:23","guid":{"rendered":"https:\/\/istrabenzplini.pakt.si\/?page_id=2858"},"modified":"2024-06-14T00:02:53","modified_gmt":"2024-06-13T22:02:53","slug":"for-existing-users","status":"publish","type":"page","link":"https:\/\/www.plinarna-maribor.si\/en\/lpg-in-bulks\/for-households\/for-existing-users\/","title":{"rendered":"For existing users"},"content":{"rendered":"\n\t<section class=\"section\" id=\"section_1819047558\">\n\t\t<div class=\"section-bg fill\" >\n\t\t\t<img loading=\"lazy\" decoding=\"async\" width=\"2000\" height=\"1196\" src=\"https:\/\/www.plinarna-maribor.si\/wp-content\/uploads\/2023\/11\/07-unp-v-plinohramih-za-obstojece-uporabnike.jpg\" class=\"bg attachment-original size-original\" alt=\"\" title=\"\">\t\t\t\t\t\t<div class=\"section-bg-overlay absolute fill\"><\/div>\n\t\t\t\n\n\t\t<\/div>\n\n\t\t\n\n\t\t<div class=\"section-content relative\">\n\t\t\t\n<div class=\"row\"  id=\"row-2057882294\">\n\n\t<div id=\"col-727838668\" class=\"col pb-0 mainsec-pl medium-12 small-12 large-7\"  >\n\t\t\t\t<div class=\"col-inner\"  >\n\t\t\t\n\t\t\t\n<div class=\"row\"  id=\"row-704958645\">\n\n\t<div id=\"col-788932193\" class=\"col pb-0 col-mainsec small-12 large-12\"  >\n\t\t\t\t<div class=\"col-inner\"  >\n\t\t\t\n\t\t\t\n\t<div id=\"text-1025524920\" class=\"text\">\n\t\t\n<h1 class=\"main-tit\">Za obstoje\u010de uporabnike<\/h1>\n<p class=\"main-desc bigger\"><span style=\"font-weight: 400;\">Ste uporabnik uteko\u010dinjenega naftnega plina Plinarne Maribor? Tukaj najdete vse informacije, s katerimi boste plin uporabljali \u0161e bolj u\u010dinkovito in varno.<\/span><\/p>\n\t\t\n<style>\n#text-1025524920 {\n  color: rgb(255,255,255);\n}\n#text-1025524920 > * {\n  color: rgb(255,255,255);\n}\n<\/style>\n\t<\/div>\n\t\n\t\t<\/div>\n\t\t\t\t\t<\/div>\n\n\t\n<\/div>\n\t\t<\/div>\n\t\t\t\t\t<\/div>\n\n\t\n<\/div>\n\t\t<\/div>\n\n\t\t\n<style>\n#section_1819047558 {\n  padding-top: 65px;\n  padding-bottom: 65px;\n  min-height: 0vh;\n}\n#section_1819047558 .section-bg-overlay {\n  background-color: rgba(8, 63, 136, 0.575);\n}\n#section_1819047558 .section-bg img {\n  object-position: 75% 70%;\n}\n@media (min-width:850px) {\n  #section_1819047558 {\n    padding-top: 100px;\n    padding-bottom: 100px;\n    min-height: 71vh;\n  }\n}\n<\/style>\n\t<\/section>\n\t\n<div class=\"row align-middle breadcrump\"  id=\"row-1846932814\">\n\n\t<div id=\"col-1161102228\" class=\"col pb-0 small-12 large-12\"  >\n\t\t\t\t<div class=\"col-inner\"  >\n\t\t\t\n\t\t\t\n\t\t<div class=\"pb-0\">\n\t\t\t\t\n<nav aria-label=\"breadcrumbs\" class=\"rank-math-breadcrumb\"><p><\/p><\/nav>\n\t\t<\/div>\n\t\n\t\t<\/div>\n\t\t\t\t\t<\/div>\n\n\t\n<\/div>\n<span class=\"scroll-to\" data-label=\"Scroll to: #cas-za-novo-plinsko-pec\" data-bullet=\"false\" data-link=\"#cas-za-novo-plinsko-pec\" data-title=\"\u010cas za novo plinsko pe\u010d!\"><a name=\"cas-za-novo-plinsko-pec\"><\/a><\/span>\n\n\t<section class=\"section\" id=\"section_397263734\">\n\t\t<div class=\"section-bg fill\" >\n\t\t\t\t\t\t\t\t\t\n\t\t\t\n\n\t\t<\/div>\n\n\t\t\n\n\t\t<div class=\"section-content relative\">\n\t\t\t\n<div class=\"row\"  id=\"row-1079942383\">\n\n\t<div id=\"col-1453661497\" class=\"col pb-0 brd medium-12 small-12 large-9\"  >\n\t\t\t\t<div class=\"col-inner\"  >\n\t\t\t\n\t<div class=\"is-border\"\n\t\tstyle=\"border-width:0px 1px 0px 0px;margin:0px 1px 0px 0px;\">\n\t<\/div>\n\t\t\t\n<div class=\"row\"  id=\"row-2093421216\">\n\n\t<div id=\"col-1665674829\" class=\"col small-12 large-12\"  >\n\t\t\t\t<div class=\"col-inner\" style=\"background-color:#083f88;\" >\n\t\t\t\n\t\t\t\n\t<div id=\"gap-2004173924\" class=\"gap-element clearfix\" style=\"display:block; height:auto;\">\n\t\t\n<style>\n#gap-2004173924 {\n  padding-top: 30px;\n}\n<\/style>\n\t<\/div>\n\t\n\t<div id=\"text-1994089972\" class=\"text\">\n\t\t\n<h2 class=\"s-tit bfr-blue white-c\">\u010cas za novo plinsko pe\u010d!<\/h2>\n<p><span style=\"font-weight: 400;\">\u017delite brezhibne delovanje, varnej\u0161o in var\u010dnej\u0161o plinsko pe\u010d in prihranek pri stro\u0161kih ogrevanja v svojem domu? Potem je zamenjava va\u0161e plinske pe\u010di neizogibna.<\/span><\/p>\n\t\t\n<style>\n#text-1994089972 {\n  color: rgb(255,255,255);\n}\n#text-1994089972 > * {\n  color: rgb(255,255,255);\n}\n<\/style>\n\t<\/div>\n\t\n<a href=\"\/kontakt\/vprasajte-nas\/\" class=\"button primary btn-green ask-us\" >\n\t\t<span>Po\u0161ljite povpra\u0161evanje<\/span>\n\t<\/a>\n\n\t\t<\/div>\n\t\t\t\t\n<style>\n#col-1665674829 > .col-inner {\n  padding: 0px 30px 15px 30px;\n  border-radius: 5px;\n}\n<\/style>\n\t<\/div>\n\n\t\n<\/div>\n<div class=\"row\"  id=\"row-1194359264\">\n\n\t<div id=\"col-1485223951\" class=\"col small-12 large-12\"  >\n\t\t\t\t<div class=\"col-inner\" style=\"background-color:#60bb46;\" >\n\t\t\t\n\t\t\t\n<span class=\"scroll-to\" data-label=\"Scroll to: #ucinkovite-energetske-resitve\" data-bullet=\"false\" data-link=\"#ucinkovite-energetske-resitve\" data-title=\"U\u010dinkovite energetske re\u0161itve\"><a name=\"ucinkovite-energetske-resitve\"><\/a><\/span>\n\t<div id=\"gap-1001379345\" class=\"gap-element clearfix\" style=\"display:block; height:auto;\">\n\t\t\n<style>\n#gap-1001379345 {\n  padding-top: 30px;\n}\n<\/style>\n\t<\/div>\n\t\n\t<div id=\"text-3582306516\" class=\"text\">\n\t\t\n<h2 class=\"s-tit bfr-blue \">U\u010dinkovite energetske re\u0161itve za dom<\/h2>\n\t\t\n<style>\n#text-3582306516 {\n  color: rgb(255,255,255);\n}\n#text-3582306516 > * {\n  color: rgb(255,255,255);\n}\n<\/style>\n\t<\/div>\n\t\n\t<div id=\"text-2265406660\" class=\"text\">\n\t\t\n<p><span style=\"font-weight: 400;\">Razi\u0161\u010dite tudi celovite energetske re\u0161itve &#8220;na klju\u010d&#8221;. Toplotne \u010drpalke in plinske pe\u010di bodo poskrbele za u\u010dinkovito ogrevanje, pripravo tople sanitarne vode in tudi za hlajenje.<\/span><\/p>\n\t\t\n<style>\n#text-2265406660 {\n  color: rgb(255,255,255);\n}\n#text-2265406660 > * {\n  color: rgb(255,255,255);\n}\n<\/style>\n\t<\/div>\n\t\n<a href=\"\/energetske-resitve\/za-dom\/\" class=\"button primary btn-green ask-us blue-c\" >\n\t\t<span>Energetske re\u0161itve za dom<\/span>\n\t<\/a>\n\n\t\t<\/div>\n\t\t\t\t\n<style>\n#col-1485223951 > .col-inner {\n  padding: 0px 30px 15px 30px;\n  border-radius: 5px;\n}\n<\/style>\n\t<\/div>\n\n\t\n<\/div>\n<span class=\"scroll-to\" data-label=\"Scroll to: #vam-je-zmanjkalo-plina\" data-bullet=\"false\" data-link=\"#vam-je-zmanjkalo-plina\" data-title=\"Vam je zmanjkalo plina?\"><a name=\"vam-je-zmanjkalo-plina\"><\/a><\/span>\n<h2 class=\"s-tit bfr-blue\">Vam je zmanjkalo plina?<\/h2>\n\t<div id=\"gap-1299920738\" class=\"gap-element clearfix\" style=\"display:block; height:auto;\">\n\t\t\n<style>\n#gap-1299920738 {\n  padding-top: 15px;\n}\n<\/style>\n\t<\/div>\n\t\n<div class=\"row\"  id=\"row-2063371489\">\n\n\t<div id=\"col-957862486\" class=\"col medium-12 small-12 large-6\"  >\n\t\t\t\t<div class=\"col-inner\"  >\n\t\t\t\n\t\t\t\n\n\t<a class=\"plain\" href=\"\/kontakt\/narocite-utekocinjen-naftni-plin\/\" >\t<div class=\"icon-box featured-box aligning cta-grey icon-box-left text-left\"  >\n\t\t\t\t\t<div class=\"icon-box-img\" style=\"width: 90px\">\n\t\t\t\t<div class=\"icon\">\n\t\t\t\t\t<div class=\"icon-inner\" >\n\t\t\t\t\t\t<img loading=\"lazy\" decoding=\"async\" width=\"150\" height=\"150\" src=\"https:\/\/www.plinarna-maribor.si\/wp-content\/uploads\/2023\/07\/narocite.png\" class=\"attachment-medium size-medium\" alt=\"\" title=\"\">\t\t\t\t\t<\/div>\n\t\t\t\t<\/div>\n\t\t\t<\/div>\n\t\t\t\t<div class=\"icon-box-text last-reset\">\n\t\t\t\t\t\t\t\t\t\n\t<div id=\"text-4161785335\" class=\"text\">\n\t\t\n<p class=\"mb-0\"><strong>Naro\u010dite uteko\u010dinjeni naftni plin<\/strong><\/p>\n\t\t\n<style>\n#text-4161785335 {\n  font-size: 1.1rem;\n}\n<\/style>\n\t<\/div>\n\t\n\t\t<\/div>\n\t<\/div>\n\t<\/a>\n\t\n\t\t<\/div>\n\t\t\t\t\t<\/div>\n\n\t\n\n\t<div id=\"col-1829413457\" class=\"col medium-12 small-12 large-6\"  >\n\t\t\t\t<div class=\"col-inner\"  >\n\t\t\t\n\t\t\t\n\n\t<a class=\"plain\" href=\"\/kontakt\/vprasajte-nas\/\" >\t<div class=\"icon-box featured-box aligning cta-grey icon-box-left text-left\"  >\n\t\t\t\t\t<div class=\"icon-box-img\" style=\"width: 90px\">\n\t\t\t\t<div class=\"icon\">\n\t\t\t\t\t<div class=\"icon-inner\" >\n\t\t\t\t\t\t<img loading=\"lazy\" decoding=\"async\" width=\"150\" height=\"150\" src=\"https:\/\/www.plinarna-maribor.si\/wp-content\/uploads\/2023\/07\/kontaktirajte.png\" class=\"attachment-medium size-medium\" alt=\"\" title=\"\">\t\t\t\t\t<\/div>\n\t\t\t\t<\/div>\n\t\t\t<\/div>\n\t\t\t\t<div class=\"icon-box-text last-reset\">\n\t\t\t\t\t\t\t\t\t\n\t<div id=\"text-1696410378\" class=\"text\">\n\t\t\n<p class=\"mb-0\"><strong>Ve\u010d informacij<\/strong><\/p>\n\t\t\n<style>\n#text-1696410378 {\n  font-size: 1.1rem;\n}\n<\/style>\n\t<\/div>\n\t\n\t\t<\/div>\n\t<\/div>\n\t<\/a>\n\t\n\t\t<\/div>\n\t\t\t\t\t<\/div>\n\n\t\n<\/div>\n\t<div class=\"img has-hover x md-x lg-x y md-y lg-y\" id=\"image_466952953\">\n\t\t\t\t\t\t\t\t<div class=\"img-inner dark\" >\n\t\t\t<img loading=\"lazy\" decoding=\"async\" width=\"1020\" height=\"371\" src=\"https:\/\/www.plinarna-maribor.si\/wp-content\/uploads\/2023\/08\/prikljucitev-na-omrezje-02.jpg\" class=\"attachment-large size-large\" alt=\"\" srcset=\"https:\/\/www.plinarna-maribor.si\/wp-content\/uploads\/2023\/08\/prikljucitev-na-omrezje-02.jpg 1100w, https:\/\/www.plinarna-maribor.si\/wp-content\/uploads\/2023\/08\/prikljucitev-na-omrezje-02-800x291.jpg 800w, https:\/\/www.plinarna-maribor.si\/wp-content\/uploads\/2023\/08\/prikljucitev-na-omrezje-02-768x279.jpg 768w\" sizes=\"auto, (max-width: 1020px) 100vw, 1020px\" title=\"\">\t\t\t\t\t\t\n\t\t\t\t\t<\/div>\n\t\t\t\t\t\t\t\t\n<style>\n#image_466952953 {\n  width: 100%;\n}\n<\/style>\n\t<\/div>\n\t\n<span class=\"scroll-to\" data-label=\"Scroll to: #sporocite-odcitek\" data-bullet=\"false\" data-link=\"#sporocite-odcitek\" data-title=\"Sporo\u010dite od\u010ditek plinskega \u0161tevca\"><a name=\"sporocite-odcitek\"><\/a><\/span>\n\t<div id=\"gap-399288418\" class=\"gap-element clearfix\" style=\"display:block; height:auto;\">\n\t\t\n<style>\n#gap-399288418 {\n  padding-top: 15px;\n}\n<\/style>\n\t<\/div>\n\t\n<h2 class=\"s-tit bfr-blue\">Sporo\u010danje od\u010ditkov plinskega \u0161tevca<\/h2>\n<p>Vsi \u017eelimo ohranjati nadzor nad stro\u0161ki v gospodinjstvu. Za zmanj\u0161anje razlik med obra\u010dunano in dejansko porabo plina, predlagamo redno, mese\u010dno posredovanje od\u010ditkov plinskega \u0161tevca. Tako boste uskladili pla\u010dila z dejansko porabo in se izognili razkoraku pri letnem obra\u010dunu porabe plina.<\/p>\n<p>Od\u010ditek plinskega \u0161tevca sporo\u010dite v zadnjih petih dneh teko\u010dega meseca:<\/p>\n<ul>\n<li>preko portala <strong><span style=\"text-decoration: underline;\"><a href=\"https:\/\/mojplin.plinarna-maribor.si\/\" target=\"_blank\" rel=\"noopener\">MojPlin<\/a><\/span><\/strong><em> &#8211; uporabni\u0161ki portal MojPlin vam omogo\u010da hiter in enostaven vnos \u0161tev\u010dnega stanja, opomnik vnosa porabe, pregled od\u010ditkov in mese\u010dne porabe, pregled izstavljenih ra\u010dunov in prikaz stanja odprtih postavk.<\/em><\/li>\n<li><strong>na e-naslov:<\/strong> <span style=\"text-decoration: underline;\"><strong><a href=\"mailto:unp@plinarna-maribor.si\">unp@plinarna-maribor.si <\/a><\/strong><\/span><\/li>\n<li>po po\u0161ti z oddajo <strong>Obrazca za popis \u0161tevca<\/strong> porabe UNP iz plinohrama (s pla\u010dano po\u0161tnino).<\/li>\n<li>na po\u0161tni naslov: Plinarna Maribor d.o.o., Plinarni\u0161ka ulica 9, 2000 Maribor<\/li>\n<li>ali na telefonsko \u0161tevilko <strong><span style=\"text-decoration: underline;\"><a href=\"tel:+38622284355\">+3862 22 843 55<\/a><\/span><\/strong><\/li>\n<\/ul>\n<p><img loading=\"lazy\" decoding=\"async\" class=\"alignnone size-medium wp-image-4338\" src=\"\/wp-content\/uploads\/plinski-stevec-300x114.jpg\" alt=\"Sporo\u010danje od\u010ditkov plinskega \u0161tevca\" width=\"300\" height=\"114\" title=\"\" srcset=\"https:\/\/www.plinarna-maribor.si\/wp-content\/uploads\/plinski-stevec-300x114.jpg 300w, https:\/\/www.plinarna-maribor.si\/wp-content\/uploads\/plinski-stevec-768x291.jpg 768w, https:\/\/www.plinarna-maribor.si\/wp-content\/uploads\/plinski-stevec.jpg 940w\" sizes=\"auto, (max-width: 300px) 100vw, 300px\" \/><\/p>\n<p>Od\u010ditek mora biti resni\u010den in mora odra\u017eati dejansko stanje na plinskem \u0161tevcu. <em>V kolikor boste od\u010ditek sporo\u010dili pred zadnjim dnem v teko\u010dem mesecu, se bo za preostale dni do konca tega meseca obra\u010dunala ocenjena poraba.<\/em><\/p>\n<span class=\"scroll-to\" data-label=\"Scroll to: #pomoc-in-podpora\" data-bullet=\"false\" data-link=\"#pomoc-in-podpora\" data-title=\"Pomo\u010d in podpora\"><a name=\"pomoc-in-podpora\"><\/a><\/span>\n\t<div id=\"gap-2069692610\" class=\"gap-element clearfix\" style=\"display:block; height:auto;\">\n\t\t\n<style>\n#gap-2069692610 {\n  padding-top: 30px;\n}\n<\/style>\n\t<\/div>\n\t\n<h2 class=\"s-tit bfr-blue\">Pomo\u010d in podpora<\/h2>\n<p><span style=\"text-decoration: underline;\"><span style=\"font-weight: 400;\">Poi\u0161\u010dite ve\u010d informacij o UNP v plinohramih. Na enem mestu vas \u010dakajo:<\/span><\/span><\/p>\n<div class=\"row\"  id=\"row-394451780\">\n\n\t<div id=\"col-1512613466\" class=\"col pb-0 medium-6 small-12 large-6\"  >\n\t\t\t\t<div class=\"col-inner\"  >\n\t\t\t\n\t\t\t\n<span class=\"scroll-to\" data-label=\"Scroll to: #splosni-pogoji-in-zakonodaja2\" data-bullet=\"false\" data-link=\"#splosni-pogoji-in-zakonodaja2\" data-title=\"Splo\u0161ni pogoji in zakonodaja\"><a name=\"splosni-pogoji-in-zakonodaja2\"><\/a><\/span>\n\n\t<a class=\"plain\" href=\"\/en\/help-and-support\/lpg-in-bulks\/#splosni-pogoji-in-zakonodaja\" >\t<div class=\"icon-box featured-box aligning cta-grey icon-box-left text-left\"  >\n\t\t\t\t\t<div class=\"icon-box-img\" style=\"width: 90px\">\n\t\t\t\t<div class=\"icon\">\n\t\t\t\t\t<div class=\"icon-inner\" >\n\t\t\t\t\t\t<img loading=\"lazy\" decoding=\"async\" width=\"150\" height=\"150\" src=\"https:\/\/www.plinarna-maribor.si\/wp-content\/uploads\/2023\/08\/zakonodaja.png\" class=\"attachment-medium size-medium\" alt=\"\" title=\"\">\t\t\t\t\t<\/div>\n\t\t\t\t<\/div>\n\t\t\t<\/div>\n\t\t\t\t<div class=\"icon-box-text last-reset\">\n\t\t\t\t\t\t\t\t\t\n\t<div id=\"text-1190851144\" class=\"text\">\n\t\t\n<p class=\"mb-0\"><strong>Splo\u0161ni pogoji in zakonodaja<\/strong><\/p>\n\t\t\n<style>\n#text-1190851144 {\n  font-size: 1.1rem;\n}\n<\/style>\n\t<\/div>\n\t\n\t\t<\/div>\n\t<\/div>\n\t<\/a>\n\t\n\t<div id=\"gap-677977655\" class=\"gap-element clearfix\" style=\"display:block; height:auto;\">\n\t\t\n<style>\n#gap-677977655 {\n  padding-top: 15px;\n}\n<\/style>\n\t<\/div>\n\t\n<span class=\"scroll-to\" data-label=\"Scroll to: #predpisi-varnost-in-vzdrzevanje2\" data-bullet=\"false\" data-link=\"#predpisi-varnost-in-vzdrzevanje2\" data-title=\"Predpisi, varnost in vzdr\u017eevanje\"><a name=\"predpisi-varnost-in-vzdrzevanje2\"><\/a><\/span>\n\n\t<a class=\"plain\" href=\"\/en\/help-and-support\/lpg-in-bulks\/#predpisi-varnost-in-vzdrzevanje\" >\t<div class=\"icon-box featured-box aligning cta-grey icon-box-left text-left\"  >\n\t\t\t\t\t<div class=\"icon-box-img\" style=\"width: 90px\">\n\t\t\t\t<div class=\"icon\">\n\t\t\t\t\t<div class=\"icon-inner\" >\n\t\t\t\t\t\t<img loading=\"lazy\" decoding=\"async\" width=\"150\" height=\"150\" src=\"https:\/\/www.plinarna-maribor.si\/wp-content\/uploads\/2023\/08\/vzdrzevanje-1.png\" class=\"attachment-medium size-medium\" alt=\"\" title=\"\">\t\t\t\t\t<\/div>\n\t\t\t\t<\/div>\n\t\t\t<\/div>\n\t\t\t\t<div class=\"icon-box-text last-reset\">\n\t\t\t\t\t\t\t\t\t\n\t<div id=\"text-485161445\" class=\"text\">\n\t\t\n<p class=\"mb-0\"><strong>Predpisi, varnost in vzdr\u017eevanje<\/strong><\/p>\n\t\t\n<style>\n#text-485161445 {\n  font-size: 1.1rem;\n}\n<\/style>\n\t<\/div>\n\t\n\t\t<\/div>\n\t<\/div>\n\t<\/a>\n\t\n\t<div id=\"gap-196725813\" class=\"gap-element clearfix\" style=\"display:block; height:auto;\">\n\t\t\n<style>\n#gap-196725813 {\n  padding-top: 15px;\n}\n<\/style>\n\t<\/div>\n\t\n<span class=\"scroll-to\" data-label=\"Scroll to: #nasveti-za-varcno-ogrevanje2\" data-bullet=\"false\" data-link=\"#nasveti-za-varcno-ogrevanje2\" data-title=\"Nasveti za var\u010dno ogrevanje\"><a name=\"nasveti-za-varcno-ogrevanje2\"><\/a><\/span>\n\n\t<a class=\"plain\" href=\"\/en\/help-and-support\/lpg-in-bulks\/#modri-prihranki\" >\t<div class=\"icon-box featured-box aligning cta-grey icon-box-left text-left\"  >\n\t\t\t\t\t<div class=\"icon-box-img\" style=\"width: 90px\">\n\t\t\t\t<div class=\"icon\">\n\t\t\t\t\t<div class=\"icon-inner\" >\n\t\t\t\t\t\t<img loading=\"lazy\" decoding=\"async\" width=\"150\" height=\"150\" src=\"https:\/\/www.plinarna-maribor.si\/wp-content\/uploads\/2023\/08\/modri-prihranki.png\" class=\"attachment-medium size-medium\" alt=\"\" title=\"\">\t\t\t\t\t<\/div>\n\t\t\t\t<\/div>\n\t\t\t<\/div>\n\t\t\t\t<div class=\"icon-box-text last-reset\">\n\t\t\t\t\t\t\t\t\t\n\t<div id=\"text-4021620198\" class=\"text\">\n\t\t\n<p class=\"mb-0\"><strong>Nasveti za var\u010dno ogrevanje<\/strong><\/p>\n\t\t\n<style>\n#text-4021620198 {\n  font-size: 1.1rem;\n}\n<\/style>\n\t<\/div>\n\t\n\t\t<\/div>\n\t<\/div>\n\t<\/a>\n\t\n\t<div id=\"gap-773379520\" class=\"gap-element clearfix\" style=\"display:block; height:auto;\">\n\t\t\n<style>\n#gap-773379520 {\n  padding-top: 15px;\n}\n<\/style>\n\t<\/div>\n\t\n<span class=\"scroll-to\" data-label=\"Scroll to: #kontrola-tlacne-opreme2\" data-bullet=\"false\" data-link=\"#kontrola-tlacne-opreme2\" data-title=\"Kontrola tla\u010dne opreme\"><a name=\"kontrola-tlacne-opreme2\"><\/a><\/span>\n\n\t<a class=\"plain\" href=\"\/en\/help-and-support\/pressure-equipment-inspection\/\" >\t<div class=\"icon-box featured-box aligning cta-grey icon-box-left text-left\"  >\n\t\t\t\t\t<div class=\"icon-box-img\" style=\"width: 90px\">\n\t\t\t\t<div class=\"icon\">\n\t\t\t\t\t<div class=\"icon-inner\" >\n\t\t\t\t\t\t<img loading=\"lazy\" decoding=\"async\" width=\"150\" height=\"150\" src=\"https:\/\/www.plinarna-maribor.si\/wp-content\/uploads\/2023\/08\/obrazci.png\" class=\"attachment-medium size-medium\" alt=\"\" title=\"\">\t\t\t\t\t<\/div>\n\t\t\t\t<\/div>\n\t\t\t<\/div>\n\t\t\t\t<div class=\"icon-box-text last-reset\">\n\t\t\t\t\t\t\t\t\t\n\t<div id=\"text-288696169\" class=\"text\">\n\t\t\n<p class=\"mb-0\"><strong>Kontrola tla\u010dne opreme<\/strong><\/p>\n\t\t\n<style>\n#text-288696169 {\n  font-size: 1.1rem;\n}\n<\/style>\n\t<\/div>\n\t\n\t\t<\/div>\n\t<\/div>\n\t<\/a>\n\t\n\t\t<\/div>\n\t\t\t\t\t<\/div>\n\n\t\n\n\t<div id=\"col-2057591205\" class=\"col pb-0 medium-6 small-12 large-6\"  >\n\t\t\t\t<div class=\"col-inner\"  >\n\t\t\t\n\t\t\t\n<span class=\"scroll-to\" data-label=\"Scroll to: #ceniki2\" data-bullet=\"false\" data-link=\"#ceniki2\" data-title=\"Ceniki\"><a name=\"ceniki2\"><\/a><\/span>\n\n\t<a class=\"plain\" href=\"\/en\/help-and-support\/lpg-in-bulks\/#ceniki\" >\t<div class=\"icon-box featured-box aligning cta-grey icon-box-left text-left\"  >\n\t\t\t\t\t<div class=\"icon-box-img\" style=\"width: 90px\">\n\t\t\t\t<div class=\"icon\">\n\t\t\t\t\t<div class=\"icon-inner\" >\n\t\t\t\t\t\t<img loading=\"lazy\" decoding=\"async\" width=\"150\" height=\"150\" src=\"https:\/\/www.plinarna-maribor.si\/wp-content\/uploads\/2023\/08\/ceniki.png\" class=\"attachment-medium size-medium\" alt=\"\" title=\"\">\t\t\t\t\t<\/div>\n\t\t\t\t<\/div>\n\t\t\t<\/div>\n\t\t\t\t<div class=\"icon-box-text last-reset\">\n\t\t\t\t\t\t\t\t\t\n\t<div id=\"text-4044635467\" class=\"text\">\n\t\t\n<p class=\"mb-0\"><strong>Ceniki<\/strong><\/p>\n\t\t\n<style>\n#text-4044635467 {\n  font-size: 1.1rem;\n}\n<\/style>\n\t<\/div>\n\t\n\t\t<\/div>\n\t<\/div>\n\t<\/a>\n\t\n\t<div id=\"gap-94149296\" class=\"gap-element clearfix\" style=\"display:block; height:auto;\">\n\t\t\n<style>\n#gap-94149296 {\n  padding-top: 15px;\n}\n<\/style>\n\t<\/div>\n\t\n<span class=\"scroll-to\" data-label=\"Scroll to: #racuni2\" data-bullet=\"false\" data-link=\"#racuni2\" data-title=\"Ra\u010duni\"><a name=\"racuni2\"><\/a><\/span>\n\n\t<a class=\"plain\" href=\"\/en\/help-and-support\/lpg-in-bulks\/#racuni\" >\t<div class=\"icon-box featured-box aligning cta-grey icon-box-left text-left\"  >\n\t\t\t\t\t<div class=\"icon-box-img\" style=\"width: 90px\">\n\t\t\t\t<div class=\"icon\">\n\t\t\t\t\t<div class=\"icon-inner\" >\n\t\t\t\t\t\t<img loading=\"lazy\" decoding=\"async\" width=\"150\" height=\"150\" src=\"https:\/\/www.plinarna-maribor.si\/wp-content\/uploads\/2023\/08\/racuni.png\" class=\"attachment-medium size-medium\" alt=\"\" title=\"\">\t\t\t\t\t<\/div>\n\t\t\t\t<\/div>\n\t\t\t<\/div>\n\t\t\t\t<div class=\"icon-box-text last-reset\">\n\t\t\t\t\t\t\t\t\t\n\t<div id=\"text-3688929043\" class=\"text\">\n\t\t\n<p class=\"mb-0\"><strong>Ra\u010duni<\/strong><\/p>\n\t\t\n<style>\n#text-3688929043 {\n  font-size: 1.1rem;\n}\n<\/style>\n\t<\/div>\n\t\n\t\t<\/div>\n\t<\/div>\n\t<\/a>\n\t\n\t<div id=\"gap-1946897223\" class=\"gap-element clearfix\" style=\"display:block; height:auto;\">\n\t\t\n<style>\n#gap-1946897223 {\n  padding-top: 15px;\n}\n<\/style>\n\t<\/div>\n\t\n<span class=\"scroll-to\" data-label=\"Scroll to: #sporocanje-odcitkov2\" data-bullet=\"false\" data-link=\"#sporocanje-odcitkov2\" data-title=\"Sporo\u010danje od\u010ditkov plinskega \u0161tevca\"><a name=\"sporocanje-odcitkov2\"><\/a><\/span>\n\n\t<a class=\"plain\" href=\"\/en\/help-and-support\/lpg-in-bulks\/#sporocanje-odcitkov\" >\t<div class=\"icon-box featured-box aligning cta-grey icon-box-left text-left\"  >\n\t\t\t\t\t<div class=\"icon-box-img\" style=\"width: 90px\">\n\t\t\t\t<div class=\"icon\">\n\t\t\t\t\t<div class=\"icon-inner\" >\n\t\t\t\t\t\t<img loading=\"lazy\" decoding=\"async\" width=\"150\" height=\"150\" src=\"https:\/\/www.plinarna-maribor.si\/wp-content\/uploads\/2023\/08\/stevec.png\" class=\"attachment-medium size-medium\" alt=\"\" title=\"\">\t\t\t\t\t<\/div>\n\t\t\t\t<\/div>\n\t\t\t<\/div>\n\t\t\t\t<div class=\"icon-box-text last-reset\">\n\t\t\t\t\t\t\t\t\t\n\t<div id=\"text-48692500\" class=\"text\">\n\t\t\n<p class=\"mb-0\"><strong>Sporo\u010danje od\u010ditkov plinskega \u0161tevca<\/strong><\/p>\n\t\t\n<style>\n#text-48692500 {\n  font-size: 1.1rem;\n}\n<\/style>\n\t<\/div>\n\t\n\t\t<\/div>\n\t<\/div>\n\t<\/a>\n\t\n\t\t<\/div>\n\t\t\t\t\n<style>\n#col-2057591205 > .col-inner {\n  margin: 15px 0px 0px 0px;\n}\n@media (min-width:550px) {\n  #col-2057591205 > .col-inner {\n    margin: 0px 0px 0px 0px;\n  }\n}\n<\/style>\n\t<\/div>\n\n\t\n<\/div>\n\t\t<\/div>\n\t\t\t\t\n<style>\n#col-1453661497 > .col-inner {\n  padding: 0px 0px 0px 0px;\n}\n@media (min-width:550px) {\n  #col-1453661497 > .col-inner {\n    padding: 0px 0px 0px 0px;\n  }\n}\n@media (min-width:850px) {\n  #col-1453661497 > .col-inner {\n    padding: 0px 75px 0px 0px;\n  }\n}\n<\/style>\n\t<\/div>\n\n\t\n\n\t<div id=\"col-1204734984\" class=\"col stck hide-for-medium medium-4 small-12 large-3 small-col-first\"  >\n\t\t<div class=\"is-sticky-column\"><div class=\"is-sticky-column__inner\">\t\t<div class=\"col-inner\"  >\n\t\t\t\n\t\t\t\n<ul class=\"page-menu\">\n<li><a href=\"#cas-za-novo-plinsko-pec\">\u010cas za novo plinsko pe\u010d!<\/a><\/li>\n<li><a href=\"#ucinkovite-energetske-resitve\">U\u010dinkovite energetske re\u0161itve<\/a><\/li>\n<li><a href=\"#vam-je-zmanjkalo-plina\">Vam je zmanjkalo plina?<\/a><\/li>\n<li><a href=\"#sporocite-odcitek\">Sporo\u010danje od\u010ditkov plinskega \u0161tevca<\/a><\/li>\n<li><a href=\"#pomoc-in-podpora\">Pomo\u010d in podpora<\/a><\/li>\n<li><a href=\"#splosni-pogoji-in-zakonodaja2\">Splo\u0161ni pogoji in zakonodaja<\/a><\/li>\n<li><a href=\"#predpisi-varnost-in-vzdrzevanje2\">Predpisi, varnost in vzdr\u017eevanje<\/a><\/li>\n<li><a href=\"#nasveti-za-varcno-ogrevanje2\">Nasveti za var\u010dno ogrevanje<\/a><\/li>\n<li><a href=\"#ceniki2\">Ceniki<\/a><\/li>\n<li><a href=\"#racuni2\">Ra\u010duni<\/a><\/li>\n<li><a href=\"#kontakti-dobavitelja2\">Kontakti dobavitelja<\/a><\/li>\n<li><a href=\"#sporocanje-odcitkov2\">Sporo\u010danje od\u010ditkov plinskega \u0161tevca<\/a><\/li>\n<li><a href=\"#kontrola-tlacne-opreme2\">Kontrola tla\u010dne opreme<\/a><\/li>\n<\/ul>\n\t\t<\/div>\n\t\t<\/div><\/div>\t\t\t<\/div>\n\n\t\n<\/div>\n\t\t<\/div>\n\n\t\t\n<style>\n#section_397263734 {\n  padding-top: 65px;\n  padding-bottom: 65px;\n}\n@media (min-width:550px) {\n  #section_397263734 {\n    padding-top: 65px;\n    padding-bottom: 65px;\n  }\n}\n@media (min-width:850px) {\n  #section_397263734 {\n    padding-top: 100px;\n    padding-bottom: 100px;\n  }\n}\n<\/style>\n\t<\/section>\n\t\n\n\t<section class=\"section\" id=\"section_1882607015\">\n\t\t<div class=\"section-bg fill\" >\n\t\t\t\t\t\t\t\t\t\n\t\t\t\n\n\t\t<\/div>\n\n\t\t\n\n\t\t<div class=\"section-content relative\">\n\t\t\t\n\n<div class=\"row\"  id=\"row-835935348\">\n\n\n\t<div id=\"col-489855430\" class=\"col pb-0 medium-12 small-12 large-5\"  >\n\t\t\t\t<div class=\"col-inner\"  >\n\t\t\t\n\t\t\t\n\n<h2 class=\"s-tit\">Have you found everything you needed?<\/h2>\n\n\t\t<\/div>\n\t\t\t\t\t<\/div>\n\n\t\n\n\t<div id=\"col-2066467127\" class=\"col pb-0 medium-12 small-12 large-7\"  >\n\t\t\t\t<div class=\"col-inner\"  >\n\t\t\t\n\t\t\t\n\n<p class=\"cta-desc\">If you need any information and assistance on how to use our products, feel free to contact us<\/p>\n<a href=\"\/en\/contact\/ask-more\/\" class=\"button primary btn-green ask-us\" >\n\t\t<span>CONTACT US<\/span>\n\t<\/a>\n\n\n<a href=\"tel:+38622284300\" class=\"button primary btn-out cont\" >\n\t\t<span>+386 2 22 843 00<\/span>\n\t<\/a>\n\n\n\n\t\t<\/div>\n\t\t\t\t\t<\/div>\n\n\t\n\n<\/div>\n\t<div id=\"gap-1609376208\" class=\"gap-element clearfix\" style=\"display:block; height:auto;\">\n\t\t\n<style>\n#gap-1609376208 {\n  padding-top: 100px;\n}\n<\/style>\n\t<\/div>\n\t\n\n\n\t\t<\/div>\n\n\t\t\n<style>\n#section_1882607015 {\n  padding-top: 65px;\n  padding-bottom: 65px;\n  background-color: rgb(248, 248, 248);\n}\n@media (min-width:850px) {\n  #section_1882607015 {\n    padding-top: 100px;\n    padding-bottom: 100px;\n  }\n}\n<\/style>\n\t<\/section>\n\t\n","protected":false},"excerpt":{"rendered":"","protected":false},"author":1,"featured_media":0,"parent":2857,"menu_order":0,"comment_status":"closed","ping_status":"closed","template":"","meta":{"footnotes":""},"class_list":["post-2858","page","type-page","status-publish","hentry"],"_links":{"self":[{"href":"https:\/\/www.plinarna-maribor.si\/en\/wp-json\/wp\/v2\/pages\/2858","targetHints":{"allow":["GET"]}}],"collection":[{"href":"https:\/\/www.plinarna-maribor.si\/en\/wp-json\/wp\/v2\/pages"}],"about":[{"href":"https:\/\/www.plinarna-maribor.si\/en\/wp-json\/wp\/v2\/types\/page"}],"author":[{"embeddable":true,"href":"https:\/\/www.plinarna-maribor.si\/en\/wp-json\/wp\/v2\/users\/1"}],"replies":[{"embeddable":true,"href":"https:\/\/www.plinarna-maribor.si\/en\/wp-json\/wp\/v2\/comments?post=2858"}],"version-history":[{"count":0,"href":"https:\/\/www.plinarna-maribor.si\/en\/wp-json\/wp\/v2\/pages\/2858\/revisions"}],"up":[{"embeddable":true,"href":"https:\/\/www.plinarna-maribor.si\/en\/wp-json\/wp\/v2\/pages\/2857"}],"wp:attachment":[{"href":"https:\/\/www.plinarna-maribor.si\/en\/wp-json\/wp\/v2\/media?parent=2858"}],"curies":[{"name":"wp","href":"https:\/\/api.w.org\/{rel}","templated":true}]}}