{"id":2855,"date":"2023-04-19T11:24:07","date_gmt":"2023-04-19T09:24:07","guid":{"rendered":"https:\/\/istrabenzplini.pakt.si\/?page_id=2855"},"modified":"2024-04-11T21:43:13","modified_gmt":"2024-04-11T19:43:13","slug":"safe-use-of-gas-cylinders-and-gas-appliances","status":"publish","type":"page","link":"https:\/\/www.plinarna-maribor.si\/en\/lpg-in-cylinders\/for-companies\/safe-use-of-gas-cylinders-and-gas-appliances\/","title":{"rendered":"Safe Use of Gas Cylinders and Gas Appliances"},"content":{"rendered":"\n\t<section class=\"section\" id=\"section_301225005\">\n\t\t<div class=\"section-bg fill\" >\n\t\t\t<img loading=\"lazy\" decoding=\"async\" width=\"2000\" height=\"1196\" src=\"https:\/\/www.plinarna-maribor.si\/wp-content\/uploads\/2023\/06\/za-podjetja-1.jpg\" class=\"bg attachment-original size-original\" alt=\"\" title=\"\">\t\t\t\t\t\t<div class=\"section-bg-overlay absolute fill\"><\/div>\n\t\t\t\n\n\t\t<\/div>\n\n\t\t\n\n\t\t<div class=\"section-content relative\">\n\t\t\t\n<div class=\"row\"  id=\"row-1498187855\">\n\n\t<div id=\"col-62517083\" class=\"col pb-0 mainsec-pl medium-12 small-12 large-8\"  >\n\t\t\t\t<div class=\"col-inner\"  >\n\t\t\t\n\t\t\t\n<div class=\"row\"  id=\"row-1537894148\">\n\n\t<div id=\"col-448681434\" class=\"col pb-0 col-mainsec small-12 large-12\"  >\n\t\t\t\t<div class=\"col-inner\"  >\n\t\t\t\n\t\t\t\n\t<div id=\"text-2805845309\" class=\"text\">\n\t\t\n<h1 class=\"main-tit\">Varna uporaba plinskih jeklenk in plinskih naprav<\/h1>\n<p class=\"main-desc bigger\">Preverite nasvete za varno uporabo plinskih jeklenk in plinskih naprav.\n<\/p>\n\t\t\n<style>\n#text-2805845309 {\n  color: rgb(255,255,255);\n}\n#text-2805845309 > * {\n  color: rgb(255,255,255);\n}\n<\/style>\n\t<\/div>\n\t\n\t\t<\/div>\n\t\t\t\t\t<\/div>\n\n\t\n<\/div>\n\t\t<\/div>\n\t\t\t\t\t<\/div>\n\n\t\n<\/div>\n\t\t<\/div>\n\n\t\t\n<style>\n#section_301225005 {\n  padding-top: 65px;\n  padding-bottom: 65px;\n  min-height: 71vh;\n}\n#section_301225005 .section-bg-overlay {\n  background-color: rgba(8, 63, 136, 0.575);\n}\n#section_301225005 .section-bg img {\n  object-position: 91% 72%;\n}\n@media (min-width:550px) {\n  #section_301225005 {\n    padding-top: 100px;\n    padding-bottom: 100px;\n  }\n}\n@media (min-width:850px) {\n  #section_301225005 {\n    min-height: 71vh;\n  }\n}\n<\/style>\n\t<\/section>\n\t\n<div class=\"row align-middle breadcrump\"  id=\"row-518975718\">\n\n\t<div id=\"col-1025645557\" class=\"col pb-0 small-12 large-12\"  >\n\t\t\t\t<div class=\"col-inner\"  >\n\t\t\t\n\t\t\t\n\t\t<div class=\"pb-0\">\n\t\t\t\t\n<nav aria-label=\"breadcrumbs\" class=\"rank-math-breadcrumb\"><p><\/p><\/nav>\n\t\t<\/div>\n\t\n\t\t<\/div>\n\t\t\t\t\t<\/div>\n\n\t\n<\/div>\n<span class=\"scroll-to\" data-label=\"Scroll to: #varna-uporaba\" data-bullet=\"false\" data-link=\"#varna-uporaba\" data-title=\"Varna uporaba plina v jeklenkah\"><a name=\"varna-uporaba\"><\/a><\/span>\n\n\t<section class=\"section\" id=\"section_1894518389\">\n\t\t<div class=\"section-bg fill\" >\n\t\t\t\t\t\t\t\t\t\n\t\t\t\n\n\t\t<\/div>\n\n\t\t\n\n\t\t<div class=\"section-content relative\">\n\t\t\t\n<div class=\"row\"  id=\"row-828151886\">\n\n\t<div id=\"col-824487350\" class=\"col pb-0 brd medium-8 small-12 large-9\"  >\n\t\t\t\t<div class=\"col-inner\"  >\n\t\t\t\n\t<div class=\"is-border\"\n\t\tstyle=\"border-width:0px 1px 0px 0px;margin:0px 1px 0px 0px;\">\n\t<\/div>\n\t\t\t\n<h2 class=\"s-tit bfr-blue\">Varna uporaba plina v jeklenkah<\/h2>\n<p><span style=\"font-weight: 400;\">Za pravilno, racionalno in varno delo z me\u0161anico butan-propana ali s propanom mora uporabnik poznati osnovne zna\u010dilnosti plina v teko\u010dem ali plinastem stanju. Pri rokovanju s plinom mora uporabljati obvezna osebna za\u0161\u010ditna sredstva.<\/span><\/p>\n<p><span style=\"font-weight: 400;\">Zaposleni, ki delajo s plini, morajo biti ustrezno usposobljeni, skladno z zahtevami zakonskih predpisov.<\/span><\/p>\n<span class=\"scroll-to\" data-label=\"Scroll to: #varno-skladiscenje\" data-bullet=\"false\" data-link=\"#varno-skladiscenje\" data-title=\"Nasveti za varno skladi\u0161\u010denje in uporabo jeklenke\"><a name=\"varno-skladiscenje\"><\/a><\/span>\n\t<div id=\"gap-1698731752\" class=\"gap-element clearfix\" style=\"display:block; height:auto;\">\n\t\t\n<style>\n#gap-1698731752 {\n  padding-top: 30px;\n}\n<\/style>\n\t<\/div>\n\t\n\t<div class=\"img has-hover x md-x lg-x y md-y lg-y\" id=\"image_1455266792\">\n\t\t\t\t\t\t\t\t<div class=\"img-inner dark\" >\n\t\t\t<img loading=\"lazy\" decoding=\"async\" width=\"1064\" height=\"392\" src=\"https:\/\/www.plinarna-maribor.si\/wp-content\/uploads\/2023\/06\/varna-uporaba.png\" class=\"attachment-original size-original\" alt=\"\" srcset=\"https:\/\/www.plinarna-maribor.si\/wp-content\/uploads\/2023\/06\/varna-uporaba.png 1064w, https:\/\/www.plinarna-maribor.si\/wp-content\/uploads\/2023\/06\/varna-uporaba-800x295.png 800w, https:\/\/www.plinarna-maribor.si\/wp-content\/uploads\/2023\/06\/varna-uporaba-768x283.png 768w\" sizes=\"auto, (max-width: 1064px) 100vw, 1064px\" title=\"\">\t\t\t\t\t\t\n\t\t\t\t\t<\/div>\n\t\t\t\t\t\t\t\t\n<style>\n#image_1455266792 {\n  width: 100%;\n}\n<\/style>\n\t<\/div>\n\t\n<h2 class=\"s-tit bfr-blue\">Nasveti za varno skladi\u0161\u010denje in uporabo jeklenke<\/h2>\n<p><span style=\"font-weight: 400;\">Pri skladi\u0161\u010denju in varni uporabi jeklenk v gospodarskih dru\u017ebah morate upo\u0161tevati naslednje napotke.<\/span><\/p>\n<ul>\n<li style=\"font-weight: 400;\" aria-level=\"1\"><span style=\"font-weight: 400;\">Jeklenke skladi\u0161\u010dimo v pokon\u010dni legi, v ustreznem skladi\u0161\u010dnem prostoru skladno z veljavnimi predpisi. Skladi\u0161\u010dni prostor ne sme biti ni\u017eje od terena okolice.<\/span><\/li>\n<li style=\"font-weight: 400;\" aria-level=\"1\"><span style=\"font-weight: 400;\">Pri ureditvi skladi\u0161\u010dnega mesta je potrebno upo\u0161tevati tudi vse zahteve po\u017earne varnosti skladno z veljavno zakonodajo.<\/span><\/li>\n<li style=\"font-weight: 400;\" aria-level=\"1\"><span style=\"font-weight: 400;\">Skladi\u0161\u010dni prostor mora biti dobro prezra\u010devan ter z ustreznimi odmiki od virov v\u017eiga.<\/span><\/li>\n<li style=\"font-weight: 400;\" aria-level=\"1\"><span style=\"font-weight: 400;\">Pred zamenjavo jeklenke je potrebno zapreti ventile na plinski instalaciji ter na jeklenki.<\/span><\/li>\n<li style=\"font-weight: 400;\" aria-level=\"1\"><span style=\"font-weight: 400;\">Pri odvijanju za\u0161\u010ditne matice in pri odvijanju stare, prazne jeklenke ter privijanju nove, polne jeklenke na plinsko instalacijo upo\u0161tevajmo, da je na armaturi levi navoj (odvijamo v smeri urinega kazalca, privijamo v obratni smeri urinega kazalca).<\/span><\/li>\n<li style=\"font-weight: 400;\" aria-level=\"1\"><span style=\"font-weight: 400;\">Ob vsaki zamenjavi plinske jeklenke zamenjamo gumijasto tesnilo regulatorja ter kontroliramo tesnjenje s posebnim pr\u0161ilom ali milnico.<\/span><\/li>\n<li style=\"font-weight: 400;\" aria-level=\"1\"><span style=\"font-weight: 400;\">Vsa plinska tro\u0161ila za uporabo v zaprtih prostorih morajo biti opremljena s termo varovalom.<\/span><\/li>\n<\/ul>\n<span class=\"scroll-to\" data-label=\"Scroll to: #nasveti\" data-bullet=\"false\" data-link=\"#nasveti\" data-title=\"Nasveti za vzdr\u017eevanje plinskih napeljav\"><a name=\"nasveti\"><\/a><\/span>\n\t<div id=\"gap-81620107\" class=\"gap-element clearfix\" style=\"display:block; height:auto;\">\n\t\t\n<style>\n#gap-81620107 {\n  padding-top: 30px;\n}\n<\/style>\n\t<\/div>\n\t\n\t<div class=\"img has-hover bord-r x md-x lg-x y md-y lg-y\" id=\"image_1145391644\">\n\t\t\t\t\t\t\t\t<div class=\"img-inner dark\" >\n\t\t\t<img loading=\"lazy\" decoding=\"async\" width=\"1100\" height=\"400\" src=\"https:\/\/www.plinarna-maribor.si\/wp-content\/uploads\/2023\/07\/varna-uporaba-pisarna.jpg\" class=\"attachment-original size-original\" alt=\"\" srcset=\"https:\/\/www.plinarna-maribor.si\/wp-content\/uploads\/2023\/07\/varna-uporaba-pisarna.jpg 1100w, https:\/\/www.plinarna-maribor.si\/wp-content\/uploads\/2023\/07\/varna-uporaba-pisarna-800x291.jpg 800w, https:\/\/www.plinarna-maribor.si\/wp-content\/uploads\/2023\/07\/varna-uporaba-pisarna-768x279.jpg 768w\" sizes=\"auto, (max-width: 1100px) 100vw, 1100px\" title=\"\">\t\t\t\t\t\t\n\t\t\t\t\t<\/div>\n\t\t\t\t\t\t\t\t\n<style>\n#image_1145391644 {\n  width: 100%;\n}\n<\/style>\n\t<\/div>\n\t\n\t<div id=\"gap-1622985439\" class=\"gap-element clearfix\" style=\"display:block; height:auto;\">\n\t\t\n<style>\n#gap-1622985439 {\n  padding-top: 19px;\n}\n<\/style>\n\t<\/div>\n\t\n<h2 class=\"s-tit bfr-blue\">Nasveti za vzdr\u017eevanje plinskih napeljav<\/h2>\n<p><span style=\"font-weight: 400;\">Redno vzdr\u017eevanje plinske napeljave v gospodarskih dru\u017ebah vklju\u010duje:<\/span><\/p>\n<ul>\n<li style=\"font-weight: 400;\" aria-level=\"1\"><span style=\"font-weight: 400;\">zamenjavo gumijastega tesnila ob vsaki zamenjavi plinske jeklenke,<\/span><\/li>\n<li style=\"font-weight: 400;\" aria-level=\"1\"><span style=\"font-weight: 400;\">pregled in zamenjavo dovodne cevi (priporo\u010damo zamenjavo na vsaki 2 leti oz. po priporo\u010dilih proizvajalca),<\/span><\/li>\n<li style=\"font-weight: 400;\" aria-level=\"1\"><span style=\"font-weight: 400;\">pregled ustreznosti pritrditve dovodne cevi z objemkami,<\/span><\/li>\n<li style=\"font-weight: 400;\" aria-level=\"1\"><span style=\"font-weight: 400;\">pregled in zamenjavo regulatorjev tlaka plina na vsaki 2 leti oz. po priporo\u010dilih proizvajalca,<\/span><\/li>\n<li style=\"font-weight: 400;\" aria-level=\"1\"><span style=\"font-weight: 400;\">kontrolo delovanja plinskega tro\u0161ila, gorilnika ali pe\u010di po navodilih proizvajalca, ki jo izvede poobla\u0161\u010deni serviser,<\/span><\/li>\n<li style=\"font-weight: 400;\" aria-level=\"1\"><span style=\"font-weight: 400;\">pri fiksni plinski instalaciji je obvezen pregled plinske in\u0161talacije od po\u017earne pipe do plinskega tro\u0161ila enkrat letno skladno z veljavno zakonodajo.<\/span><\/li>\n<\/ul>\n\t\t<\/div>\n\t\t\t\t\n<style>\n#col-824487350 > .col-inner {\n  padding: 0px 0px 0px 0px;\n}\n@media (min-width:550px) {\n  #col-824487350 > .col-inner {\n    padding: 0px 75px 0px 0px;\n  }\n}\n<\/style>\n\t<\/div>\n\n\t\n\n\t<div id=\"col-636591896\" class=\"col stck hide-for-small medium-4 small-12 large-3 small-col-first\"  >\n\t\t<div class=\"is-sticky-column\"><div class=\"is-sticky-column__inner\">\t\t<div class=\"col-inner\"  >\n\t\t\t\n\t\t\t\n<ul class=\"page-menu\">\n<li><a href=\"#varna-uporaba\">Varna uporaba plina v jeklenkah<\/a><\/li>\n<li><a href=\"#varno-skladiscenje\">Nasveti za varno skladi\u0161\u010denje in uporabo jeklenke<\/a><\/li>\n<li><a href=\"#nasveti\">Nasveti za vzdr\u017eevanje plinskih napeljav<\/a><\/li>\n<\/ul>\n\t\t<\/div>\n\t\t<\/div><\/div>\t\t\t<\/div>\n\n\t\n<\/div>\n\t\t<\/div>\n\n\t\t\n<style>\n#section_1894518389 {\n  padding-top: 65px;\n  padding-bottom: 65px;\n}\n@media (min-width:550px) {\n  #section_1894518389 {\n    padding-top: 100px;\n    padding-bottom: 100px;\n  }\n}\n<\/style>\n\t<\/section>\n\t\n\n\t<section class=\"section\" id=\"section_1808721396\">\n\t\t<div class=\"section-bg fill\" >\n\t\t\t\t\t\t\t\t\t\n\t\t\t\n\n\t\t<\/div>\n\n\t\t\n\n\t\t<div class=\"section-content relative\">\n\t\t\t\n\n<div class=\"row\"  id=\"row-1269735356\">\n\n\n\t<div id=\"col-2126435761\" class=\"col pb-0 medium-12 small-12 large-5\"  >\n\t\t\t\t<div class=\"col-inner\"  >\n\t\t\t\n\t\t\t\n\n<h2 class=\"s-tit\">Have you found everything you needed?<\/h2>\n\n\t\t<\/div>\n\t\t\t\t\t<\/div>\n\n\t\n\n\t<div id=\"col-1189123299\" class=\"col pb-0 medium-12 small-12 large-7\"  >\n\t\t\t\t<div class=\"col-inner\"  >\n\t\t\t\n\t\t\t\n\n<p class=\"cta-desc\">If you need any information and assistance on how to use our products, feel free to contact us<\/p>\n<a href=\"\/en\/contact\/ask-more\/\" class=\"button primary btn-green ask-us\" >\n\t\t<span>CONTACT US<\/span>\n\t<\/a>\n\n\n<a href=\"tel:+38622284300\" class=\"button primary btn-out cont\" >\n\t\t<span>+386 2 22 843 00<\/span>\n\t<\/a>\n\n\n\n\t\t<\/div>\n\t\t\t\t\t<\/div>\n\n\t\n\n<\/div>\n\t<div id=\"gap-517886681\" class=\"gap-element clearfix\" style=\"display:block; height:auto;\">\n\t\t\n<style>\n#gap-517886681 {\n  padding-top: 100px;\n}\n<\/style>\n\t<\/div>\n\t\n\n\n\t\t<\/div>\n\n\t\t\n<style>\n#section_1808721396 {\n  padding-top: 65px;\n  padding-bottom: 65px;\n  background-color: rgb(248, 248, 248);\n}\n@media (min-width:850px) {\n  #section_1808721396 {\n    padding-top: 100px;\n    padding-bottom: 100px;\n  }\n}\n<\/style>\n\t<\/section>\n\t\n","protected":false},"excerpt":{"rendered":"","protected":false},"author":1,"featured_media":0,"parent":2852,"menu_order":0,"comment_status":"closed","ping_status":"closed","template":"","meta":{"footnotes":""},"class_list":["post-2855","page","type-page","status-publish","hentry"],"_links":{"self":[{"href":"https:\/\/www.plinarna-maribor.si\/en\/wp-json\/wp\/v2\/pages\/2855","targetHints":{"allow":["GET"]}}],"collection":[{"href":"https:\/\/www.plinarna-maribor.si\/en\/wp-json\/wp\/v2\/pages"}],"about":[{"href":"https:\/\/www.plinarna-maribor.si\/en\/wp-json\/wp\/v2\/types\/page"}],"author":[{"embeddable":true,"href":"https:\/\/www.plinarna-maribor.si\/en\/wp-json\/wp\/v2\/users\/1"}],"replies":[{"embeddable":true,"href":"https:\/\/www.plinarna-maribor.si\/en\/wp-json\/wp\/v2\/comments?post=2855"}],"version-history":[{"count":0,"href":"https:\/\/www.plinarna-maribor.si\/en\/wp-json\/wp\/v2\/pages\/2855\/revisions"}],"up":[{"embeddable":true,"href":"https:\/\/www.plinarna-maribor.si\/en\/wp-json\/wp\/v2\/pages\/2852"}],"wp:attachment":[{"href":"https:\/\/www.plinarna-maribor.si\/en\/wp-json\/wp\/v2\/media?parent=2855"}],"curies":[{"name":"wp","href":"https:\/\/api.w.org\/{rel}","templated":true}]}}