{"id":2837,"date":"2023-04-19T11:23:14","date_gmt":"2023-04-19T09:23:14","guid":{"rendered":"https:\/\/istrabenzplini.pakt.si\/?page_id=2837"},"modified":"2025-03-06T22:42:35","modified_gmt":"2025-03-06T21:42:35","slug":"points-of-sale-and-home-delivery","status":"publish","type":"page","link":"https:\/\/www.plinarna-maribor.si\/en\/lpg-in-cylinders\/for-households\/points-of-sale-and-home-delivery\/","title":{"rendered":"Points of sale and home delivery"},"content":{"rendered":"\n\t<section class=\"section\" id=\"section_855413900\">\n\t\t<div class=\"section-bg fill\" >\n\t\t\t<img loading=\"lazy\" decoding=\"async\" width=\"2000\" height=\"1196\" src=\"https:\/\/www.plinarna-maribor.si\/wp-content\/uploads\/UPN-v-jeklenkah-prodajna-mesta-in-dostava-na-dom.jpg\" class=\"bg attachment-original size-original\" alt=\"\" title=\"\">\t\t\t\t\t\t<div class=\"section-bg-overlay absolute fill\"><\/div>\n\t\t\t\n\n\t\t<\/div>\n\n\t\t\n\n\t\t<div class=\"section-content relative\">\n\t\t\t\n<div class=\"row\"  id=\"row-1917328286\">\n\n\t<div id=\"col-873523762\" class=\"col pb-0 mainsec-pl medium-12 small-12 large-7\"  >\n\t\t\t\t<div class=\"col-inner\"  >\n\t\t\t\n\t\t\t\n<div class=\"row\"  id=\"row-314557947\">\n\n\t<div id=\"col-470407036\" class=\"col pb-0 col-mainsec small-12 large-12\"  >\n\t\t\t\t<div class=\"col-inner\"  >\n\t\t\t\n\t\t\t\n\t<div id=\"text-1123801192\" class=\"text\">\n\t\t\n<h1 class=\"main-tit\">Prodajna mesta in dostava na dom<\/h1>\n<p class=\"main-desc bigger\">Jeklenka Plindom vam je na voljo na ve\u010d kot 900 prodajnih mestih po vsej Sloveniji. Izberete lahko tudi dostavo na dom.\n<\/p>\n\t\t\n<style>\n#text-1123801192 {\n  color: rgb(255,255,255);\n}\n#text-1123801192 > * {\n  color: rgb(255,255,255);\n}\n<\/style>\n\t<\/div>\n\t\n<div class=\"row\"  id=\"row-113860985\">\n\n\t<div id=\"col-1730626040\" class=\"col pb-0 small-12 large-12\"  >\n\t\t\t\t<div class=\"col-inner\"  >\n\t\t\t\n\t\t\t\n<a href=\"\/en\/contact\/lpg-cylinder-plindom-points-of-sales\/\" class=\"button primary btn-w\" >\n\t\t<span>Zemljevid prodajnih mest<\/span>\n\t<\/a>\n\n\t\t<\/div>\n\t\t\t\t\t<\/div>\n\n\t\n<\/div>\n\t\t<\/div>\n\t\t\t\t\t<\/div>\n\n\t\n<\/div>\n\t\t<\/div>\n\t\t\t\t\t<\/div>\n\n\t\n<\/div>\n\t\t<\/div>\n\n\t\t\n<style>\n#section_855413900 {\n  padding-top: 65px;\n  padding-bottom: 65px;\n  min-height: 0vh;\n}\n#section_855413900 .section-bg-overlay {\n  background-color: rgba(8, 63, 136, 0.575);\n}\n#section_855413900 .section-bg img {\n  object-position: 100% 84%;\n}\n@media (min-width:550px) {\n  #section_855413900 {\n    padding-top: 65px;\n    padding-bottom: 65px;\n  }\n}\n@media (min-width:850px) {\n  #section_855413900 {\n    padding-top: 100px;\n    padding-bottom: 100px;\n    min-height: 71vh;\n  }\n}\n<\/style>\n\t<\/section>\n\t\n<div class=\"row align-middle breadcrump\"  id=\"row-445074659\">\n\n\t<div id=\"col-678502857\" class=\"col pb-0 small-12 large-12\"  >\n\t\t\t\t<div class=\"col-inner\"  >\n\t\t\t\n\t\t\t\n\t\t<div class=\"pb-0\">\n\t\t\t\t\n<nav aria-label=\"breadcrumbs\" class=\"rank-math-breadcrumb\"><p><\/p><\/nav>\n\t\t<\/div>\n\t\n\t\t<\/div>\n\t\t\t\t\t<\/div>\n\n\t\n<\/div>\n<span class=\"scroll-to\" data-label=\"Scroll to: #pogodbeni-prodajalci\" data-bullet=\"false\" data-link=\"#pogodbeni-prodajalci\" data-title=\"Pogodbeni prodajalci\"><a name=\"pogodbeni-prodajalci\"><\/a><\/span>\n\n\t<section class=\"section\" id=\"section_220392804\">\n\t\t<div class=\"section-bg fill\" >\n\t\t\t\t\t\t\t\t\t\n\t\t\t\n\n\t\t<\/div>\n\n\t\t\n\n\t\t<div class=\"section-content relative\">\n\t\t\t\n<div class=\"row\"  id=\"row-1761561188\">\n\n\t<div id=\"col-561167889\" class=\"col pb-0 brd medium-12 small-12 large-9\"  >\n\t\t\t\t<div class=\"col-inner\"  >\n\t\t\t\n\t<div class=\"is-border\"\n\t\tstyle=\"border-width:0px 1px 0px 0px;margin:0px 1px 0px 0px;\">\n\t<\/div>\n\t\t\t\n<h2 class=\"s-tit bfr-blue\">Zemljevid prodajnih mest<\/h2>\n<p class=\"med\"><span style=\"font-weight: 400;\">Jeklenka Plindom ima najbolj razvejano prodajno mre\u017eo po vsej Sloveniji. Kupite jo lahko na ve\u010d kot 900 prodajnih mestih.<\/span><\/p>\n<a href=\"\/en\/contact\/lpg-cylinder-plindom-points-of-sales\/\" class=\"button primary btn-green ask-us\" >\n\t\t<span>Zemljevid pogodbenih prodajalcev<\/span>\n\t<\/a>\n\n\t<div id=\"gap-1974949905\" class=\"gap-element clearfix\" style=\"display:block; height:auto;\">\n\t\t\n<style>\n#gap-1974949905 {\n  padding-top: 30px;\n}\n<\/style>\n\t<\/div>\n\t\n<span class=\"scroll-to\" data-label=\"Scroll to: #dostava\" data-bullet=\"false\" data-link=\"#dostava\" data-title=\"Dostava na dom\"><a name=\"dostava\"><\/a><\/span>\n\t<div id=\"gap-505913073\" class=\"gap-element clearfix\" style=\"display:block; height:auto;\">\n\t\t\n<style>\n#gap-505913073 {\n  padding-top: 30px;\n}\n<\/style>\n\t<\/div>\n\t\n<h2 class=\"s-tit bfr-blue\">Dostava na dom<\/h2>\n<p><span style=\"font-weight: 400;\">Jeklenko Plindom vam lahko pripeljemo tudi na dom. Tako se izognete vo\u017enji do prodajnega mesta, prena\u0161anju te\u017eke jeklenke in skrbi o varnem prevozu ter priklopu.<\/span><\/p>\n<p><span style=\"font-weight: 400;\">Spodaj preverite na\u0161a redna dostavna obmo\u010dja in naro\u010dite dostavo plina v jeklenki Plindom.<\/span><\/p>\n<div class=\"row\"  id=\"row-759553272\">\n\n\t<div id=\"col-884437518\" class=\"col small-12 large-12\"  >\n\t\t\t\t<div class=\"col-inner\" style=\"background-color:rgb(242, 242, 242);\" >\n\t\t\t\n\t\t\t\n\t<div id=\"gap-1567070657\" class=\"gap-element clearfix\" style=\"display:block; height:auto;\">\n\t\t\n<style>\n#gap-1567070657 {\n  padding-top: 15px;\n}\n<\/style>\n\t<\/div>\n\t\n\n\t\t<div class=\"icon-box featured-box aligning icon-box-left text-left\"  >\n\t\t\t\t\t<div class=\"icon-box-img\" style=\"width: 100px\">\n\t\t\t\t<div class=\"icon\">\n\t\t\t\t\t<div class=\"icon-inner\" >\n\t\t\t\t\t\t<img loading=\"lazy\" decoding=\"async\" width=\"150\" height=\"150\" src=\"https:\/\/www.plinarna-maribor.si\/wp-content\/uploads\/2023\/08\/klic-dostava-na-dom.png\" class=\"attachment-medium size-medium\" alt=\"\" title=\"\">\t\t\t\t\t<\/div>\n\t\t\t\t<\/div>\n\t\t\t<\/div>\n\t\t\t\t<div class=\"icon-box-text last-reset\">\n\t\t\t\t\t\t\t\t\t\n<p>Za dostavo na dom pokli\u010dite na brezpla\u010dno telefonsko \u0161tevilko Plinarne Maribor <strong><span style=\"text-decoration: underline;\"><a href=\"tel:+386801248\">+386 80 1248<\/a><\/span><\/strong> in plin vam bomo v dogovorjenem terminu dostavili. Naro\u010dila za dostavo sprejemamo od ponedeljka do sobote med 7. in 20. uro. Preverite dostavna obmo\u010dja &#8211; spodaj.<\/p>\n\t\t<\/div>\n\t<\/div>\n\t\n\t\n\t\t<\/div>\n\t\t\t\t\n<style>\n#col-884437518 > .col-inner {\n  padding: 0px 30px 15px 30px;\n  border-radius: 5px;\n}\n<\/style>\n\t<\/div>\n\n\t\n<\/div>\n<span class=\"scroll-to\" data-label=\"Scroll to: #ugodnost\" data-bullet=\"false\" data-link=\"#ugodnost\" data-title=\"Ugodnost za kupce v storitvi dostave jeklenk na dom\"><a name=\"ugodnost\"><\/a><\/span>\n<h3 class=\"s-tit bfr-blue\">Ugodnost za kupce v storitvi dostave jeklenk na dom<\/h3>\n<p><span style=\"font-weight: 400;\">Ugodnost nakupa plina v 11. jeklenki Plindom. Ve\u010d informacij na brezpla\u010dni telefonski \u0161tevilki <\/span><span style=\"text-decoration: underline;\"><a href=\"tel:+386801248\"><span style=\"font-weight: 400;\">+386 80 1248<\/span><\/a><\/span><\/p>\n\t<div id=\"gap-1028534257\" class=\"gap-element clearfix\" style=\"display:block; height:auto;\">\n\t\t\n<style>\n#gap-1028534257 {\n  padding-top: 15px;\n}\n<\/style>\n\t<\/div>\n\t\n<span class=\"scroll-to\" data-label=\"Scroll to: #dostavna-obmocja\" data-bullet=\"false\" data-link=\"#dostavna-obmocja\" data-title=\"Dostavna obmo\u010dja\"><a name=\"dostavna-obmocja\"><\/a><\/span>\n<h3 class=\"s-tit bfr-blue\">Dostavna obmo\u010dja<\/h3>\n<div class=\"accordion\">\n\t<div id=\"accordion-1494579785\" class=\"accordion-item\">\n\t\t<a id=\"accordion-1494579785-label\" class=\"accordion-title plain\" href=\"#accordion-item-maribor-z-okolico\" aria-expanded=\"false\" aria-controls=\"accordion-1494579785-content\">\n\t\t\t<button class=\"toggle\" aria-label=\"Toggle\"><i class=\"icon-angle-down\" aria-hidden=\"true\"><\/i><\/button>\n\t\t\t<span>MARIBOR z okolico<\/span>\n\t\t<\/a>\n\t\t<div id=\"accordion-1494579785-content\" class=\"accordion-inner\" aria-labelledby=\"accordion-1494579785-label\">\n\t\t\t\n<div class=\"row\"  id=\"row-660144552\">\n\n\t<div id=\"col-1719385168\" class=\"col pb-0 medium-4 small-12 large-4\"  >\n\t\t\t\t<div class=\"col-inner\"  >\n\t\t\t\n\t\t\t\n<p><strong>2000<\/strong> MARIBOR<br \/><strong>2201<\/strong> ZGORNJA KUNGOTA<br \/><strong>2204<\/strong> MIKLAV\u017d NA DRAVSKEM POLJU<br \/><strong>2208<\/strong> POHORJE<br \/><strong>2211<\/strong> PESNICA PRI MARIBORU<br \/><strong>2212<\/strong> \u0160ENTILJ<br \/><strong>2213<\/strong> ZGORNJA VELKA<br \/><strong>2214<\/strong> SLADKI VRH<br \/><strong>2215<\/strong> CER\u0160AK<br \/><strong>2221<\/strong> JARENINA<br \/><strong>2222<\/strong> JAKOBSKI DOL<br \/><strong>2223<\/strong> JUROVSKI DOL<\/p>\n\t\t<\/div>\n\t\t\t\t\t<\/div>\n\n\t\n\n\t<div id=\"col-1720237889\" class=\"col pb-0 medium-4 small-12 large-4\"  >\n\t\t\t\t<div class=\"col-inner\"  >\n\t\t\t\n\t\t\t\n<p><strong>2229<\/strong> MALE\u010cNIK<br \/><strong>2231<\/strong> PERNICA<br \/><strong>2232<\/strong> VOLI\u010cINA<br \/><strong>2241<\/strong> SPODNJI DUPLEK<br \/><strong>2242<\/strong> ZGORNJA KORENA<br \/><strong>2310<\/strong> SLOVENSKA BISTRICA<br \/><strong>2311<\/strong> HO\u010cE<br \/><strong>2312<\/strong> OREHOVA VAS<br \/><strong>2313<\/strong> FRAM<br \/><strong>2314<\/strong> ZGORNJA POLSKAVA<br \/><strong>2327<\/strong> RA\u010cE<br \/><strong>2341<\/strong> LIMBU\u0160<br \/><strong>2342<\/strong> RU\u0160E<\/p>\n\t\t<\/div>\n\t\t\t\t\t<\/div>\n\n\t\n\n\t<div id=\"col-1784926900\" class=\"col pb-0 medium-4 small-12 large-4\"  >\n\t\t\t\t<div class=\"col-inner\"  >\n\t\t\t\n\t\t\t\n<p><strong>2343<\/strong> FALA<br \/><strong>2344<\/strong> LOVRENC NA POHORJU<br \/><strong>2345<\/strong> BISTRICA OB DRAVI<br \/><strong>2351<\/strong> KAMNICA<br \/><strong>2352<\/strong> SELNICA OB DRAVI<br \/><strong>2354<\/strong> BRESTERNICA<br \/><strong>2360<\/strong> RADLJE OB DRAVI<br \/><strong>2365<\/strong> VUHRED<br \/><strong>2366<\/strong> MUTA<br \/><strong>2370<\/strong> DRAVOGRAD<br \/><strong>2380<\/strong> SLOVENJ GRADEC<br \/><strong>2390<\/strong> RAVNE NA KORO\u0160KEM<\/p>\n\t\t<\/div>\n\t\t\t\t\t<\/div>\n\n\t\n<\/div>\n\t\t<\/div>\n\t<\/div>\n\t\n<\/div>\n\t<div id=\"gap-1656590039\" class=\"gap-element clearfix\" style=\"display:block; height:auto;\">\n\t\t\n<style>\n#gap-1656590039 {\n  padding-top: 30px;\n}\n<\/style>\n\t<\/div>\n\t\n<span class=\"scroll-to\" data-label=\"Scroll to: #katero-jeklenko-izbrati\" data-bullet=\"false\" data-link=\"#katero-jeklenko-izbrati\" data-title=\"Katero jeklenko izbrati?\"><a name=\"katero-jeklenko-izbrati\"><\/a><\/span>\n<h2 class=\"s-tit bfr-blue\">Katero jeklenko izbrati?<\/h2>\n<p><span style=\"font-weight: 400;\">Izberite pravo velikost jeklenke za uporabo plina doma (kuhinjski \u0161tedilnik in plinski \u017ear) ali v prostem \u010dasu: 5, 10 ali 35 kg.<\/span><\/p>\n<a href=\"\/en\/lpg-in-cylinders\/for-households\/diverse-selection-of-gas-cylinders\/\" class=\"button primary btn-green ask-us\" >\n\t\t<span>Prava jeklenka za vas<\/span>\n\t<\/a>\n\n\t<div id=\"gap-1796134771\" class=\"gap-element clearfix\" style=\"display:block; height:auto;\">\n\t\t\n<style>\n#gap-1796134771 {\n  padding-top: 30px;\n}\n<\/style>\n\t<\/div>\n\t\n<span class=\"scroll-to\" data-label=\"Scroll to: #varna-zamenjava\" data-bullet=\"false\" data-link=\"#varna-zamenjava\" data-title=\"Varna zamenjava\"><a name=\"varna-zamenjava\"><\/a><\/span>\n<h2 class=\"s-tit bfr-blue\">Varna zamenjava in priklju\u010ditev jeklenke Plindom<\/h2>\n<div class=\"video video-fit mb\" style=\"padding-top:56.25%;\"><p><iframe loading=\"lazy\" title=\"Varna zamenjava in priklju\u010ditev jeklenke Plindom\" width=\"1020\" height=\"574\" src=\"https:\/\/www.youtube.com\/embed\/pSzPTsfdJgg?feature=oembed\" frameborder=\"0\" allow=\"accelerometer; autoplay; clipboard-write; encrypted-media; gyroscope; picture-in-picture; web-share\" referrerpolicy=\"strict-origin-when-cross-origin\" allowfullscreen><\/iframe><\/p>\n<\/div>\n\t<div id=\"gap-909203439\" class=\"gap-element clearfix\" style=\"display:block; height:auto;\">\n\t\t\n<style>\n#gap-909203439 {\n  padding-top: 30px;\n}\n<\/style>\n\t<\/div>\n\t\n<span class=\"scroll-to\" data-label=\"Scroll to: #pomoc-in-podpora\" data-bullet=\"false\" data-link=\"#pomoc-in-podpora\" data-title=\"Pomo\u010d in podpora\"><a name=\"pomoc-in-podpora\"><\/a><\/span>\n<h2 class=\"s-tit bfr-blue\">Pomo\u010d in podpora<\/h2>\n<p><span style=\"text-decoration: underline;\"><span style=\"font-weight: 400;\">Poi\u0161\u010dite ve\u010d informacij o UNP v jeklenkah. Na enem mestu vas \u010dakajo:<\/span><\/span><\/p>\n<div class=\"row\"  id=\"row-671828785\">\n\n\t<div id=\"col-825675440\" class=\"col pb-0 medium-6 small-12 large-6\"  >\n\t\t\t\t<div class=\"col-inner\"  >\n\t\t\t\n\t\t\t\n<span class=\"scroll-to\" data-label=\"Scroll to: #splosni-pogoji-in-zakonodaja2\" data-bullet=\"false\" data-link=\"#splosni-pogoji-in-zakonodaja2\" data-title=\"Splo\u0161ni pogoji in zakonodaja\"><a name=\"splosni-pogoji-in-zakonodaja2\"><\/a><\/span>\n\n\t<a class=\"plain\" href=\"\/en\/help-and-support\/lpg-in-cylinders\/#splosni-pogoji-in-zakonodaja\" >\t<div class=\"icon-box featured-box aligning cta-grey icon-box-left text-left\"  >\n\t\t\t\t\t<div class=\"icon-box-img\" style=\"width: 90px\">\n\t\t\t\t<div class=\"icon\">\n\t\t\t\t\t<div class=\"icon-inner\" >\n\t\t\t\t\t\t<img loading=\"lazy\" decoding=\"async\" width=\"150\" height=\"150\" src=\"https:\/\/www.plinarna-maribor.si\/wp-content\/uploads\/2023\/08\/zakonodaja.png\" class=\"attachment-medium size-medium\" alt=\"\" title=\"\">\t\t\t\t\t<\/div>\n\t\t\t\t<\/div>\n\t\t\t<\/div>\n\t\t\t\t<div class=\"icon-box-text last-reset\">\n\t\t\t\t\t\t\t\t\t\n\t<div id=\"text-3268500444\" class=\"text\">\n\t\t\n<p class=\"mb-0\"><strong>Splo\u0161ni pogoji in zakonodaja<\/strong><\/p>\n\t\t\n<style>\n#text-3268500444 {\n  font-size: 1.1rem;\n}\n<\/style>\n\t<\/div>\n\t\n\t\t<\/div>\n\t<\/div>\n\t<\/a>\n\t\n\t<div id=\"gap-2039456600\" class=\"gap-element clearfix\" style=\"display:block; height:auto;\">\n\t\t\n<style>\n#gap-2039456600 {\n  padding-top: 15px;\n}\n<\/style>\n\t<\/div>\n\t\n<span class=\"scroll-to\" data-label=\"Scroll to: #predpisi-varnost-in-vzdrzevanje2\" data-bullet=\"false\" data-link=\"#predpisi-varnost-in-vzdrzevanje2\" data-title=\"Predpisi, varnost in vzdr\u017eevanje\"><a name=\"predpisi-varnost-in-vzdrzevanje2\"><\/a><\/span>\n\n\t<a class=\"plain\" href=\"\/en\/help-and-support\/lpg-in-cylinders\/#predpisi-varnost-in-vzdrzevanje\" >\t<div class=\"icon-box featured-box aligning cta-grey icon-box-left text-left\"  >\n\t\t\t\t\t<div class=\"icon-box-img\" style=\"width: 90px\">\n\t\t\t\t<div class=\"icon\">\n\t\t\t\t\t<div class=\"icon-inner\" >\n\t\t\t\t\t\t<img loading=\"lazy\" decoding=\"async\" width=\"150\" height=\"150\" src=\"https:\/\/www.plinarna-maribor.si\/wp-content\/uploads\/2023\/08\/vzdrzevanje-1.png\" class=\"attachment-medium size-medium\" alt=\"\" title=\"\">\t\t\t\t\t<\/div>\n\t\t\t\t<\/div>\n\t\t\t<\/div>\n\t\t\t\t<div class=\"icon-box-text last-reset\">\n\t\t\t\t\t\t\t\t\t\n\t<div id=\"text-1609269285\" class=\"text\">\n\t\t\n<p class=\"mb-0\"><strong>Predpisi, varnost in vzdr\u017eevanje<\/strong><\/p>\n\t\t\n<style>\n#text-1609269285 {\n  font-size: 1.1rem;\n}\n<\/style>\n\t<\/div>\n\t\n\t\t<\/div>\n\t<\/div>\n\t<\/a>\n\t\n\t<div id=\"gap-1189341531\" class=\"gap-element clearfix\" style=\"display:block; height:auto;\">\n\t\t\n<style>\n#gap-1189341531 {\n  padding-top: 15px;\n}\n<\/style>\n\t<\/div>\n\t\n<span class=\"scroll-to\" data-label=\"Scroll to: #vonj-po-plinu2\" data-bullet=\"false\" data-link=\"#vonj-po-plinu2\" data-title=\"Kako ravnati, \u010de zaznate vonj po plinu?\"><a name=\"vonj-po-plinu2\"><\/a><\/span>\n\n\t<a class=\"plain\" href=\"\/en\/help-and-support\/lpg-in-cylinders\/#vonj-po-plinu\" >\t<div class=\"icon-box featured-box aligning cta-grey icon-box-left text-left\"  >\n\t\t\t\t\t<div class=\"icon-box-img\" style=\"width: 90px\">\n\t\t\t\t<div class=\"icon\">\n\t\t\t\t\t<div class=\"icon-inner\" >\n\t\t\t\t\t\t<img loading=\"lazy\" decoding=\"async\" width=\"150\" height=\"150\" src=\"https:\/\/www.plinarna-maribor.si\/wp-content\/uploads\/2023\/08\/vonj.png\" class=\"attachment-medium size-medium\" alt=\"\" title=\"\">\t\t\t\t\t<\/div>\n\t\t\t\t<\/div>\n\t\t\t<\/div>\n\t\t\t\t<div class=\"icon-box-text last-reset\">\n\t\t\t\t\t\t\t\t\t\n\t<div id=\"text-489335513\" class=\"text\">\n\t\t\n<p class=\"mb-0\"><strong>Kako ravnati, \u010de zaznate vonj po plinu?<\/strong><\/p>\n\t\t\n<style>\n#text-489335513 {\n  font-size: 1.1rem;\n}\n<\/style>\n\t<\/div>\n\t\n\t\t<\/div>\n\t<\/div>\n\t<\/a>\n\t\n\t\t<\/div>\n\t\t\t\t\t<\/div>\n\n\t\n\n\t<div id=\"col-336146429\" class=\"col pb-0 medium-6 small-12 large-6\"  >\n\t\t\t\t<div class=\"col-inner\"  >\n\t\t\t\n\t\t\t\n<span class=\"scroll-to\" data-label=\"Scroll to: #ceniki2\" data-bullet=\"false\" data-link=\"#ceniki2\" data-title=\"Ceniki\"><a name=\"ceniki2\"><\/a><\/span>\n\n\t<a class=\"plain\" href=\"\/en\/help-and-support\/lpg-in-cylinders\/#ceniki\" >\t<div class=\"icon-box featured-box aligning cta-grey icon-box-left text-left\"  >\n\t\t\t\t\t<div class=\"icon-box-img\" style=\"width: 90px\">\n\t\t\t\t<div class=\"icon\">\n\t\t\t\t\t<div class=\"icon-inner\" >\n\t\t\t\t\t\t<img loading=\"lazy\" decoding=\"async\" width=\"150\" height=\"150\" src=\"https:\/\/www.plinarna-maribor.si\/wp-content\/uploads\/2023\/08\/ceniki.png\" class=\"attachment-medium size-medium\" alt=\"\" title=\"\">\t\t\t\t\t<\/div>\n\t\t\t\t<\/div>\n\t\t\t<\/div>\n\t\t\t\t<div class=\"icon-box-text last-reset\">\n\t\t\t\t\t\t\t\t\t\n\t<div id=\"text-3782548953\" class=\"text\">\n\t\t\n<p class=\"mb-0\"><strong>Ceniki<\/strong><\/p>\n\t\t\n<style>\n#text-3782548953 {\n  font-size: 1.1rem;\n}\n<\/style>\n\t<\/div>\n\t\n\t\t<\/div>\n\t<\/div>\n\t<\/a>\n\t\n\t<div id=\"gap-1515601226\" class=\"gap-element clearfix\" style=\"display:block; height:auto;\">\n\t\t\n<style>\n#gap-1515601226 {\n  padding-top: 15px;\n}\n<\/style>\n\t<\/div>\n\t\n<span class=\"scroll-to\" data-label=\"Scroll to: #varna-uporaba-plina-v-jeklenkah2\" data-bullet=\"false\" data-link=\"#varna-uporaba-plina-v-jeklenkah2\" data-title=\"Varna uporaba plina v jeklenkah\"><a name=\"varna-uporaba-plina-v-jeklenkah2\"><\/a><\/span>\n\n\t<a class=\"plain\" href=\"\/wp-content\/uploads\/2023\/10\/IBP_Navodila-za-varno-uporabo-jeklenke_avg23_final.pdf\" >\t<div class=\"icon-box featured-box aligning cta-grey icon-box-left text-left\"  >\n\t\t\t\t\t<div class=\"icon-box-img\" style=\"width: 90px\">\n\t\t\t\t<div class=\"icon\">\n\t\t\t\t\t<div class=\"icon-inner\" >\n\t\t\t\t\t\t<img loading=\"lazy\" decoding=\"async\" width=\"150\" height=\"150\" src=\"https:\/\/www.plinarna-maribor.si\/wp-content\/uploads\/2023\/06\/01-varna-jeklenka.png\" class=\"attachment-medium size-medium\" alt=\"\" title=\"\">\t\t\t\t\t<\/div>\n\t\t\t\t<\/div>\n\t\t\t<\/div>\n\t\t\t\t<div class=\"icon-box-text last-reset\">\n\t\t\t\t\t\t\t\t\t\n\t<div id=\"text-79966630\" class=\"text\">\n\t\t\n<p class=\"mb-0\"><strong>Varna uporaba plina v jeklenkah<\/strong><\/p>\n\t\t\n<style>\n#text-79966630 {\n  font-size: 1.1rem;\n}\n<\/style>\n\t<\/div>\n\t\n\t\t<\/div>\n\t<\/div>\n\t<\/a>\n\t\n\t\t<\/div>\n\t\t\t\t\n<style>\n#col-336146429 > .col-inner {\n  margin: 15px 0px 0px 0px;\n}\n@media (min-width:550px) {\n  #col-336146429 > .col-inner {\n    margin: 0px 0px 0px 0px;\n  }\n}\n@media (min-width:850px) {\n  #col-336146429 > .col-inner {\n    margin: 0px 0px 0px 0px;\n  }\n}\n<\/style>\n\t<\/div>\n\n\t\n<\/div>\n\t\t<\/div>\n\t\t\t\t\n<style>\n#col-561167889 > .col-inner {\n  padding: 0px 0px 0px 0px;\n}\n@media (min-width:550px) {\n  #col-561167889 > .col-inner {\n    padding: 0px 0px 0px 0px;\n  }\n}\n@media (min-width:850px) {\n  #col-561167889 > .col-inner {\n    padding: 0px 75px 0px 0px;\n  }\n}\n<\/style>\n\t<\/div>\n\n\t\n\n\t<div id=\"col-849084280\" class=\"col stck hide-for-medium medium-4 small-12 large-3 small-col-first\"  >\n\t\t<div class=\"is-sticky-column\"><div class=\"is-sticky-column__inner\">\t\t<div class=\"col-inner\"  >\n\t\t\t\n\t\t\t\n<ul class=\"page-menu\">\n<li><a href=\"#pogodbeni-prodajalci\">Pogodbeni prodajalci<\/a><\/li>\n<li><a href=\"#dostava\">Dostava na dom<\/a><\/li>\n<li><a href=\"#ugodnost\">Ugodnost za kupce v storitvi dostave jeklenk na dom<\/a><\/li>\n<li><a href=\"#dostavna-obmocja\">Dostavna obmo\u010dja<\/a><\/li>\n<li><a href=\"#katero-jeklenko-izbrati\">Katero jeklenko izbrati?<\/a><\/li>\n<li><a href=\"#varna-zamenjava\">Varna zamenjava in priklju\u010ditev jeklenke Plindom<\/a><\/li>\n<li><a href=\"#pomoc-in-podpora\">Pomo\u010d in podpora<\/a><\/li>\n<li><a href=\"#splosni-pogoji-in-zakonodaja2\">Splo\u0161ni pogoji in zakonodaja<\/a><\/li>\n<li><a href=\"#predpisi-varnost-in-vzdrzevanje2\">Predpisi, varnost in vzdr\u017eevanje<\/a><\/li>\n<li><a href=\"#vonj-po-plinu2\">Kako ravnati, \u010de zaznate vonj po plinu?<\/a><\/li>\n<li><a href=\"#ceniki2\">Ceniki<\/a><\/li>\n<li><a href=\"#varna-uporaba-plina-v-jeklenkah2\">Varna uporaba plina v jeklenkah<\/a><\/li>\n<\/ul>\n\t\t<\/div>\n\t\t<\/div><\/div>\t\t\t<\/div>\n\n\t\n<\/div>\n\t\t<\/div>\n\n\t\t\n<style>\n#section_220392804 {\n  padding-top: 65px;\n  padding-bottom: 65px;\n}\n@media (min-width:550px) {\n  #section_220392804 {\n    padding-top: 65px;\n    padding-bottom: 65px;\n  }\n}\n@media (min-width:850px) {\n  #section_220392804 {\n    padding-top: 100px;\n    padding-bottom: 100px;\n  }\n}\n<\/style>\n\t<\/section>\n\t\n\n\t<section class=\"section plindom\" id=\"section_1893952805\">\n\t\t<div class=\"section-bg fill\" >\n\t\t\t\t\t\t\t\t\t\n\t\t\t\n\n\t\t<\/div>\n\n\t\t\n\n\t\t<div class=\"section-content relative\">\n\t\t\t\n\n<div class=\"row align-middle align-right\"  id=\"row-952969675\">\n\n\n\t<div id=\"col-1527337238\" class=\"col pb-0 medium-12 small-12 large-8\"  >\n\t\t\t\t<div class=\"col-inner\"  >\n\t\t\t\n\t\t\t\n\n\t<div id=\"text-356570073\" class=\"text\">\n\t\t\n\n<h2 class=\"s-tit bfr-green\">Original filled Plindom cylinder<\/h2>\n<p class=\"med\"><span style=\"font-weight: 400;\">When buying gas in a Plindom cylinder, pay attention to the protective film on the cylinder valve. The original, filled Plindom cylinder has an undamaged thermostatic protective film mounted on the valve<\/span>.<a class=\"v-more\" href=\"\/en\/lpg-in-cylinders\/for-households\/diverse-selection-of-gas-cylinders\/#preverite-originalnost\">More<\/a><\/p>\n\n\t\t\n<style>\n#text-356570073 {\n  color: rgb(255,255,255);\n}\n#text-356570073 > * {\n  color: rgb(255,255,255);\n}\n<\/style>\n\t<\/div>\n\t\n\n\t\t<\/div>\n\t\t\t\t\t<\/div>\n\n\t\n\n<\/div>\n\n\t\t<\/div>\n\n\t\t\n<style>\n#section_1893952805 {\n  padding-top: 65px;\n  padding-bottom: 65px;\n  background-color: #083f88;\n}\n@media (min-width:550px) {\n  #section_1893952805 {\n    padding-top: 100px;\n    padding-bottom: 100px;\n  }\n}\n<\/style>\n\t<\/section>\n\t\n\n\t<section class=\"section\" id=\"section_1156708641\">\n\t\t<div class=\"section-bg fill\" >\n\t\t\t\t\t\t\t\t\t\n\t\t\t\n\n\t\t<\/div>\n\n\t\t\n\n\t\t<div class=\"section-content relative\">\n\t\t\t\n\n<div class=\"row\"  id=\"row-1105908819\">\n\n\n\t<div id=\"col-1802031201\" class=\"col pb-0 medium-12 small-12 large-5\"  >\n\t\t\t\t<div class=\"col-inner\"  >\n\t\t\t\n\t\t\t\n\n<h2 class=\"s-tit\">Have you found everything you needed?<\/h2>\n\n\t\t<\/div>\n\t\t\t\t\t<\/div>\n\n\t\n\n\t<div id=\"col-218415198\" class=\"col pb-0 medium-12 small-12 large-7\"  >\n\t\t\t\t<div class=\"col-inner\"  >\n\t\t\t\n\t\t\t\n\n<p class=\"cta-desc\">If you need any information and assistance on how to use our products, feel free to contact us<\/p>\n<a href=\"\/en\/contact\/ask-more\/\" class=\"button primary btn-green ask-us\" >\n\t\t<span>CONTACT US<\/span>\n\t<\/a>\n\n\n<a href=\"tel:+38622284300\" class=\"button primary btn-out cont\" >\n\t\t<span>+386 2 22 843 00<\/span>\n\t<\/a>\n\n\n\n\t\t<\/div>\n\t\t\t\t\t<\/div>\n\n\t\n\n<\/div>\n\t<div id=\"gap-532824435\" class=\"gap-element clearfix\" style=\"display:block; height:auto;\">\n\t\t\n<style>\n#gap-532824435 {\n  padding-top: 100px;\n}\n<\/style>\n\t<\/div>\n\t\n\n\n\t\t<\/div>\n\n\t\t\n<style>\n#section_1156708641 {\n  padding-top: 65px;\n  padding-bottom: 65px;\n  background-color: rgb(248, 248, 248);\n}\n@media (min-width:850px) {\n  #section_1156708641 {\n    padding-top: 100px;\n    padding-bottom: 100px;\n  }\n}\n<\/style>\n\t<\/section>\n\t\n","protected":false},"excerpt":{"rendered":"","protected":false},"author":1,"featured_media":0,"parent":2834,"menu_order":0,"comment_status":"closed","ping_status":"closed","template":"","meta":{"footnotes":""},"class_list":["post-2837","page","type-page","status-publish","hentry"],"_links":{"self":[{"href":"https:\/\/www.plinarna-maribor.si\/en\/wp-json\/wp\/v2\/pages\/2837","targetHints":{"allow":["GET"]}}],"collection":[{"href":"https:\/\/www.plinarna-maribor.si\/en\/wp-json\/wp\/v2\/pages"}],"about":[{"href":"https:\/\/www.plinarna-maribor.si\/en\/wp-json\/wp\/v2\/types\/page"}],"author":[{"embeddable":true,"href":"https:\/\/www.plinarna-maribor.si\/en\/wp-json\/wp\/v2\/users\/1"}],"replies":[{"embeddable":true,"href":"https:\/\/www.plinarna-maribor.si\/en\/wp-json\/wp\/v2\/comments?post=2837"}],"version-history":[{"count":0,"href":"https:\/\/www.plinarna-maribor.si\/en\/wp-json\/wp\/v2\/pages\/2837\/revisions"}],"up":[{"embeddable":true,"href":"https:\/\/www.plinarna-maribor.si\/en\/wp-json\/wp\/v2\/pages\/2834"}],"wp:attachment":[{"href":"https:\/\/www.plinarna-maribor.si\/en\/wp-json\/wp\/v2\/media?parent=2837"}],"curies":[{"name":"wp","href":"https:\/\/api.w.org\/{rel}","templated":true}]}}