{"id":2776,"date":"2023-04-19T11:50:27","date_gmt":"2023-04-19T09:50:27","guid":{"rendered":"https:\/\/istrabenzplini.pakt.si\/?page_id=2776"},"modified":"2025-09-04T15:25:49","modified_gmt":"2025-09-04T13:25:49","slug":"contact","status":"publish","type":"page","link":"https:\/\/www.plinarna-maribor.si\/en\/contact\/","title":{"rendered":"Contact"},"content":{"rendered":"\n\t<section class=\"section\" id=\"section_1286681328\">\n\t\t<div class=\"section-bg fill\" >\n\t\t\t\t\t\t\t\t\t\n\t\t\t\n\n\t\t<\/div>\n\n\t\t\n\n\t\t<div class=\"section-content relative\">\n\t\t\t\n<div class=\"row align-middle\"  id=\"row-2090667766\">\n\n\t<div id=\"col-888012927\" class=\"col pb-0 mainsec-pl medium-6 small-12 large-8\"  >\n\t\t\t\t<div class=\"col-inner\"  >\n\t\t\t\n\t\t\t\n<div class=\"row\"  id=\"row-486411182\">\n\n\t<div id=\"col-989531139\" class=\"col pb-0 col-mainsec medium-11 small-12 large-11\"  >\n\t\t\t\t<div class=\"col-inner\"  >\n\t\t\t\n\t\t\t\n\t<div id=\"text-1555127444\" class=\"text\">\n\t\t\n<h1 class=\"main-tit\">Contacts<\/h1>\n<p class=\"main-desc bigger\">Contact us. We are available for further information on our products and services.\n<\/p>\n\t\t\n<style>\n#text-1555127444 {\n  color: #083f88;\n}\n#text-1555127444 > * {\n  color: #083f88;\n}\n<\/style>\n\t<\/div>\n\t\n\t\t<\/div>\n\t\t\t\t\t<\/div>\n\n\t\n<\/div>\n\t\t<\/div>\n\t\t\t\t\t<\/div>\n\n\t\n\n\t<div id=\"col-859832587\" class=\"col pb-0 hide-for-small medium-4 small-12 large-4\"  >\n\t\t\t\t<div class=\"col-inner text-left\"  >\n\t\t\t\n\t\t\t\n\t<div class=\"img has-hover x md-x lg-x y md-y lg-y\" id=\"image_461611092\">\n\t\t\t\t\t\t\t\t<div class=\"img-inner dark\" >\n\t\t\t<img loading=\"lazy\" decoding=\"async\" width=\"800\" height=\"800\" src=\"https:\/\/www.plinarna-maribor.si\/wp-content\/uploads\/2023\/08\/kontakt-1.png\" class=\"attachment-original size-original\" alt=\"\" srcset=\"https:\/\/www.plinarna-maribor.si\/wp-content\/uploads\/2023\/08\/kontakt-1.png 800w, https:\/\/www.plinarna-maribor.si\/wp-content\/uploads\/2023\/08\/kontakt-1-400x400.png 400w, https:\/\/www.plinarna-maribor.si\/wp-content\/uploads\/2023\/08\/kontakt-1-280x280.png 280w, https:\/\/www.plinarna-maribor.si\/wp-content\/uploads\/2023\/08\/kontakt-1-768x768.png 768w\" sizes=\"auto, (max-width: 800px) 100vw, 800px\" title=\"\">\t\t\t\t\t\t\n\t\t\t\t\t<\/div>\n\t\t\t\t\t\t\t\t\n<style>\n#image_461611092 {\n  width: 50%;\n}\n@media (min-width:550px) {\n  #image_461611092 {\n    width: 100%;\n  }\n}\n<\/style>\n\t<\/div>\n\t\n\t\t<\/div>\n\t\t\t\t\n<style>\n#col-859832587 > .col-inner {\n  margin: 0px 0px 0px 0px;\n}\n<\/style>\n\t<\/div>\n\n\t\n<\/div>\n\t<div id=\"gap-924452103\" class=\"gap-element clearfix\" style=\"display:block; height:auto;\">\n\t\t\n<style>\n#gap-924452103 {\n  padding-top: 75px;\n}\n@media (min-width:550px) {\n  #gap-924452103 {\n    padding-top: 90px;\n  }\n}\n@media (min-width:850px) {\n  #gap-924452103 {\n    padding-top: 30px;\n  }\n}\n<\/style>\n\t<\/div>\n\t\n\t\t<\/div>\n\n\t\t\n<style>\n#section_1286681328 {\n  padding-top: 65px;\n  padding-bottom: 65px;\n  background-color: rgb(246, 247, 248);\n}\n@media (min-width:550px) {\n  #section_1286681328 {\n    padding-top: 65px;\n    padding-bottom: 65px;\n  }\n}\n@media (min-width:850px) {\n  #section_1286681328 {\n    padding-top: 100px;\n    padding-bottom: 100px;\n  }\n}\n<\/style>\n\t<\/section>\n\t\n\n\t<section class=\"section\" id=\"section_1837881030\">\n\t\t<div class=\"section-bg fill\" >\n\t\t\t\t\t\t\t\t\t\n\t\t\t\n\n\t\t<\/div>\n\n\t\t\n\n\t\t<div class=\"section-content relative\">\n\t\t\t\n<div class=\"row\"  id=\"row-124423535\">\n\n\t<div id=\"col-608853650\" class=\"col pb-0 brd bg-bord-cont medium-12 small-12 large-9\"  >\n\t\t\t\t<div class=\"col-inner\" style=\"background-color:rgb(255,255,255);\" >\n\t\t\t\n\t\t\t\n<p>PLINARNA MARIBOR d.o.o.<br \/>Plinarni\u0161ka ulica 9,<br \/>2000 Maribor, Slovenia<br \/>T: <span style=\"text-decoration: underline;\"><strong><a href=\"tel:+38622284300\">+386 2 22 843 00<\/a><\/strong><\/span><br \/><span style=\"text-decoration: underline;\"><strong><a href=\"mailto:info@plinarna-maribor.si\">info@plinarna-maribor.si<\/a><\/strong><\/span><\/p>\n<div class=\"accordion\">\n\t<div id=\"accordion-307421261\" class=\"accordion-item\">\n\t\t<a id=\"accordion-307421261-label\" class=\"accordion-title plain\" href=\"#accordion-item-contacts-for-natural-gas,-lpg-and-heat-customers\" aria-expanded=\"false\" aria-controls=\"accordion-307421261-content\">\n\t\t\t<button class=\"toggle\" aria-label=\"Toggle\"><i class=\"icon-angle-down\" aria-hidden=\"true\"><\/i><\/button>\n\t\t\t<span>Contacts for natural gas, LPG and heat customers<\/span>\n\t\t<\/a>\n\t\t<div id=\"accordion-307421261-content\" class=\"accordion-inner\" aria-labelledby=\"accordion-307421261-label\">\n\t\t\t\n<ul>\n<li>Customer support phone number: <span style=\"text-decoration: underline;\"><strong><a href=\"tel:022284300\">02 22 843 00<\/a><\/strong><\/span> \u2013 <strong>during<\/strong><br \/><strong>official office hours:<\/strong><br \/><strong>MON, TUE and THU:<\/strong> 9.00 &#8211; 11.00 and 12.00 &#8211; 14.30<br \/><strong>WED:<\/strong> 9.00 &#8211; 11.00 and 12.00 &#8211; 17.00<br \/><strong>FRI:<\/strong> 9.00 &#8211; 11.00<\/li>\n<li>E-mails:<br \/><strong style=\"color: #555555;\"><span style=\"text-decoration: underline;\"><a href=\"mailto:zp@plinarna-maribor.si\">zp@plinarna-maribor.si<\/a><\/span><\/strong><span style=\"color: #555555;\"> (for natural gas customers)<br \/><\/span><span style=\"text-decoration: underline;\"><a href=\"mailto:unp@plinarna-maribor.si\"><strong>unp@plinarna-maribor.si<\/strong><\/a><\/span><span style=\"color: #555555;\"> (for LPG customers)<br \/><\/span><span style=\"text-decoration: underline;\"><strong><a href=\"mailto:toplota@plinarna-maribor.si\">toplota@plinarna-maribor.si<\/a><\/strong><\/span><span style=\"color: #555555;\"> (for district heating customers)<\/span><\/li>\n<li>Postal address:<br \/><strong>PLINARNA MARIBOR d.o.o.<\/strong><br \/><strong>Plinarni\u0161ka ulica 9 <\/strong><br \/><strong>2000 Maribor<\/strong><\/li>\n<li><strong>In person at the headquarters of Plinarna Maribor<\/strong><br \/>(Plinarni\u0161ka ulica 9, 2000 Maribor) <strong>during official office hours<\/strong><\/li>\n<\/ul>\n\t\t<\/div>\n\t<\/div>\n\t\n\t<div id=\"accordion-2639770720\" class=\"accordion-item\">\n\t\t<a id=\"accordion-2639770720-label\" class=\"accordion-title plain\" href=\"#accordion-item-lpg-cylinder-plindom-points-of-sales\" aria-expanded=\"false\" aria-controls=\"accordion-2639770720-content\">\n\t\t\t<button class=\"toggle\" aria-label=\"Toggle\"><i class=\"icon-angle-down\" aria-hidden=\"true\"><\/i><\/button>\n\t\t\t<span>LPG cylinder Plindom points of sales<\/span>\n\t\t<\/a>\n\t\t<div id=\"accordion-2639770720-content\" class=\"accordion-inner\" aria-labelledby=\"accordion-2639770720-label\">\n\t\t\t\n<a href=\"\/en\/contact\/lpg-cylinder-plindom-points-of-sales\/\" class=\"button primary btn-green\" >\n\t\t<span>MAP POINTS OF SALES<\/span>\n\t<\/a>\n\n\t\t<\/div>\n\t<\/div>\n\t\n\t<div id=\"accordion-4117960028\" class=\"accordion-item\">\n\t\t<a id=\"accordion-4117960028-label\" class=\"accordion-title plain\" href=\"#accordion-item-points-of-sales-for-returning-the-lpg-cylinders-plindom\" aria-expanded=\"false\" aria-controls=\"accordion-4117960028-content\">\n\t\t\t<button class=\"toggle\" aria-label=\"Toggle\"><i class=\"icon-angle-down\" aria-hidden=\"true\"><\/i><\/button>\n\t\t\t<span>Points of sales for returning the LPG cylinders Plindom<\/span>\n\t\t<\/a>\n\t\t<div id=\"accordion-4117960028-content\" class=\"accordion-inner\" aria-labelledby=\"accordion-4117960028-label\">\n\t\t\t\n<a href=\"\/en\/contact\/points-of-sales-for-returning-the-lpg-cylinders-plindom\/\" class=\"button primary btn-green\" >\n\t\t<span>MAP POINTS OF SALES<\/span>\n\t<\/a>\n\n\t\t<\/div>\n\t<\/div>\n\t\n\t<div id=\"accordion-3217237610\" class=\"accordion-item\">\n\t\t<a id=\"accordion-3217237610-label\" class=\"accordion-title plain\" href=\"#accordion-item-gas-orders\" aria-expanded=\"false\" aria-controls=\"accordion-3217237610-content\">\n\t\t\t<button class=\"toggle\" aria-label=\"Toggle\"><i class=\"icon-angle-down\" aria-hidden=\"true\"><\/i><\/button>\n\t\t\t<span>Gas orders<\/span>\n\t\t<\/a>\n\t\t<div id=\"accordion-3217237610-content\" class=\"accordion-inner\" aria-labelledby=\"accordion-3217237610-label\">\n\t\t\t\n<p><strong>Plindom \u2013 Home delivery of cylinders:<\/strong><\/p>\n<ul>\n<li style=\"font-weight: 400;\" aria-level=\"1\"><span style=\"font-weight: 400;\">free phone number <span style=\"text-decoration: underline;\"><a href=\"tel:+386801248\">+38680 1248<\/a><\/span> (Monday \u2013 Saturday: 7.00 \u2013 20.00)<\/span><\/li>\n<\/ul>\n<p><strong>LPG Heating Order:<\/strong><\/p>\n<ul>\n<li style=\"font-weight: 400;\" aria-level=\"1\"><span style=\"font-weight: 400;\">via <\/span><span style=\"text-decoration: underline;\"><a href=\"https:\/\/www.plinarna-maribor.si\/en\/?page_id=2781\"><span style=\"font-weight: 400;\">the online form<\/span><\/a><\/span><span style=\"font-weight: 400;\">,<\/span><\/li>\n<li style=\"font-weight: 400;\" aria-level=\"1\"><span style=\"font-weight: 400;\">via e-mail address: <span style=\"text-decoration: underline;\"><a href=\"mailto:narocila@plinarna-maribor.si\">narocila@plinarna-maribor.si<\/a><\/span><\/span><\/li>\n<\/ul>\n<p><strong>Order of technical gases in cylinders:<\/strong><\/p>\n<ul>\n<li style=\"font-weight: 400;\" aria-level=\"1\"><span style=\"font-weight: 400;\">via e-mail address: <span style=\"text-decoration: underline;\"><a href=\"mailto:narocila@plinarna-maribor.si\">narocila@plinarna-maribor.si<\/a><\/span><\/span><\/li>\n<\/ul>\n<div style=\"text-align: left;\">\n<table class=\"tabela tabela-specs\">\n<tbody>\n<tr>\n<td>\n<p><strong><span style=\"color: #093f88;\">IINTERVENTION SERVICE \u2013 24\/7<\/span><\/strong><\/p>\n<\/td>\n<td>\n<p><a href=\"tel:+38622284300\">+3862 22 843 00<\/a><\/p>\n<\/td>\n<\/tr>\n<tr>\n<td>\n<p><strong><a style=\"color: #093f88; text-decoration: underline;\" href=\"mailto:unp@plinarna-maribor.si\">SALES OF LPG AND INDUSTRIAL GASES<\/a><\/strong><\/p>\n<\/td>\n<td style=\"background-color: #f6f7f8;\" colspan=\"3\">\n<p><a href=\"tel:+38622284308\"><span style=\"font-weight: 400;\">+3862 22 843 08<\/span><\/a><\/p>\n<p><a href=\"tel:+38622284329\">+3862 22 843 29<\/a><\/p>\n<p><a href=\"tel:+38622284368\">+3862 22 843 68<\/a><\/p>\n<\/td>\n<\/tr>\n<tr>\n<td>\n<p><span style=\"text-decoration: underline; color: #093f88;\"><strong><a style=\"color: #093f88; text-decoration: underline;\" href=\"mailto:energetske.resitve@plinarna-maribor.si\">SALES OF ENERGY SOLUTIONS AND GAS FURNACES<\/a><\/strong><\/span><\/p>\n<\/td>\n<td>\n<p><a href=\"tel:+38622284360\">+3862 228 43 60<\/a><\/p>\n<\/td>\n<\/tr>\n<tr>\n<td>\n<p><span style=\"text-decoration: underline; color: #093f88;\"><strong><a style=\"color: #093f88; text-decoration: underline;\" href=\"mailto:narocila@plinarna-maribor.si\">LPG ORDERS TO A GAS STORAGE FACILITY<\/a><\/strong><\/span><\/p>\n<\/td>\n<td>\n<p><a style=\"font-family: inherit; font-size: inherit;\" href=\"tel:+38622284356\">+3862 22 843 56<\/a><\/p>\n<\/td>\n<\/tr>\n<tr>\n<td>\n<p><span style=\"text-decoration: underline; color: #093f88;\"><strong><a style=\"color: #093f88; text-decoration: underline;\" href=\"mailto:narocila@plinarna-maribor.si\">ORDERS FOR LPG AND INDUSTRIAL GAS CYLINDERS<\/a><\/strong><\/span><\/p>\n<\/td>\n<td><a href=\"tel:+38626130668\">+3862 61 306 68<\/a><\/td>\n<\/tr>\n<tr>\n<td>\n<p><span style=\"color: #093f88;\"><strong>PLINDOM \u2013 HOME DELIVERY OF CYLINDERS<\/strong><\/span><\/p>\n<\/td>\n<td>\n<p><a href=\"tel:+386801248\">+38680 1248<\/a><\/p>\n<\/td>\n<\/tr>\n<tr>\n<td>\n<p><span style=\"text-decoration: underline; color: #093f88;\"><strong><a style=\"color: #093f88; text-decoration: underline;\" href=\"mailto:unp@plinarna-maribor.si\">BILLING OF PETROLEUM GAS IN A GAS STORAGE FACILITY<\/a><\/strong><\/span><\/p>\n<\/td>\n<td>\n<p><a href=\"tel:+38622284355\">+3862 22 843 55<\/a><\/p>\n<\/td>\n<\/tr>\n<tr>\n<td>\n<p><span style=\"color: #093f88;\"><strong>PARTNER LEDGER<\/strong><\/span><\/p>\n<\/td>\n<td>\n<p><a href=\"tel:+38622284327\">+3862 22 843 27<\/a><\/p>\n<\/td>\n<\/tr>\n<tr>\n<td>\n<p><strong><span style=\"color: #093f88;\">INTERVENTION SERVICE \u2013 24\/7<\/span><\/strong><\/p>\n<\/td>\n<td>\n<p><a href=\"tel:+38622284300\">+3862 22 843 00<\/a><\/p>\n<\/td>\n<\/tr>\n<\/tbody>\n<\/table>\n<\/div>\n\t\t<\/div>\n\t<\/div>\n\t\n\t<div id=\"accordion-2054970980\" class=\"accordion-item\">\n\t\t<a id=\"accordion-2054970980-label\" class=\"accordion-title plain\" href=\"#accordion-item-intervention-service-\u2013-24\/7\" aria-expanded=\"false\" aria-controls=\"accordion-2054970980-content\">\n\t\t\t<button class=\"toggle\" aria-label=\"Toggle\"><i class=\"icon-angle-down\" aria-hidden=\"true\"><\/i><\/button>\n\t\t\t<span>Intervention Service \u2013 24\/7<\/span>\n\t\t<\/a>\n\t\t<div id=\"accordion-2054970980-content\" class=\"accordion-inner\" aria-labelledby=\"accordion-2054970980-label\">\n\t\t\t\n<p>In case of an emergency or gas leak, please call our 24-hour on-call service:<\/p>\n<ul>\n<li><span style=\"text-decoration: underline;\"><strong><a href=\"tel:+38622284300\">+3862 22 843 00<\/a><\/strong><\/span><\/li>\n<\/ul>\n<a href=\"\/en\/help-and-support\/dso-network\/#ste-zaznali-vonj-po-plinu\" class=\"button primary btn-green\" >\n\t\t<span>Smell of gas outdoors<\/span>\n\t<\/a>\n\n\t\t<\/div>\n\t<\/div>\n\t\n\t<div id=\"accordion-2256281584\" class=\"accordion-item\">\n\t\t<a id=\"accordion-2256281584-label\" class=\"accordion-title plain\" href=\"#accordion-item-dso-network\" aria-expanded=\"false\" aria-controls=\"accordion-2256281584-content\">\n\t\t\t<button class=\"toggle\" aria-label=\"Toggle\"><i class=\"icon-angle-down\" aria-hidden=\"true\"><\/i><\/button>\n\t\t\t<span>DSO Network<\/span>\n\t\t<\/a>\n\t\t<div id=\"accordion-2256281584-content\" class=\"accordion-inner\" aria-labelledby=\"accordion-2256281584-label\">\n\t\t\t\n\t<div id=\"gap-593443203\" class=\"gap-element clearfix\" style=\"display:block; height:auto;\">\n\t\t\n<style>\n#gap-593443203 {\n  padding-top: 15px;\n}\n<\/style>\n\t<\/div>\n\t\n<a href=\"\/en\/natural-gas-and-dso\/dso-network\/\" class=\"button primary btn-green\" >\n\t\t<span>Help &amp; Support<\/span>\n\t<\/a>\n\n\t\t<\/div>\n\t<\/div>\n\t\n\t<div id=\"accordion-1743418110\" class=\"accordion-item\">\n\t\t<a id=\"accordion-1743418110-label\" class=\"accordion-title plain\" href=\"#accordion-item-energy-solutions-for-home-and-business\" aria-expanded=\"false\" aria-controls=\"accordion-1743418110-content\">\n\t\t\t<button class=\"toggle\" aria-label=\"Toggle\"><i class=\"icon-angle-down\" aria-hidden=\"true\"><\/i><\/button>\n\t\t\t<span>Energy solutions for home and business<\/span>\n\t\t<\/a>\n\t\t<div id=\"accordion-1743418110-content\" class=\"accordion-inner\" aria-labelledby=\"accordion-1743418110-label\">\n\t\t\t\n<ul>\n<li>Customer support phone number: <span style=\"text-decoration: underline;\"><strong><a href=\"tel:+38622284300\">+386 2 22 843 00<\/a><\/strong><\/span> \u2013 during official office hours<br \/><strong>MON, TUE and THU:<\/strong> 9.00 &#8211; 11.00 and 12.00 &#8211; 14.30<br \/><strong>WED:<\/strong> 9.00 &#8211; 11.00 and 12.00 &#8211; 17.00<br \/><strong>FRI:<\/strong> 9.00 &#8211; 11.00<\/li>\n<li>E-mail: <span style=\"text-decoration: underline;\"><strong><a href=\"mailto:energetske.resitve@plinarna-maribor.si\">energetske.resitve@plinarna-maribor.si<\/a><\/strong><\/span><\/li>\n<li>Postal address:<br \/><strong>PLINARNA MARIBOR d.o.o.<\/strong><br \/><strong>Plinarni\u0161ka ulica 9 <\/strong><br \/><strong>2000 Maribor<\/strong><\/li>\n<li><strong>In person at the headquarters of Plinarna Maribor<br \/><\/strong>(Plinarni\u0161ka ulica 9, 2000 Maribor) <strong>during official office hours <\/strong><\/li>\n<\/ul>\n\t\t<\/div>\n\t<\/div>\n\t\n\t<div id=\"accordion-1299171793\" class=\"accordion-item\">\n\t\t<a id=\"accordion-1299171793-label\" class=\"accordion-title plain\" href=\"#accordion-item-services\" aria-expanded=\"false\" aria-controls=\"accordion-1299171793-content\">\n\t\t\t<button class=\"toggle\" aria-label=\"Toggle\"><i class=\"icon-angle-down\" aria-hidden=\"true\"><\/i><\/button>\n\t\t\t<span>Services<\/span>\n\t\t<\/a>\n\t\t<div id=\"accordion-1299171793-content\" class=\"accordion-inner\" aria-labelledby=\"accordion-1299171793-label\">\n\t\t\t\n<a href=\"\/en\/lpg-in-bulks\/services\/#kontakti-storitve\" class=\"button primary btn-green\" >\n\t\t<span>Help &amp; support \u2013 contacts<\/span>\n\t<\/a>\n\n\t\t<\/div>\n\t<\/div>\n\t\n\t<div id=\"accordion-1065613414\" class=\"accordion-item\">\n\t\t<a id=\"accordion-1065613414-label\" class=\"accordion-title plain\" href=\"#accordion-item-reporting-gas-meter-readings---lpg-and-natural-gas\" aria-expanded=\"false\" aria-controls=\"accordion-1065613414-content\">\n\t\t\t<button class=\"toggle\" aria-label=\"Toggle\"><i class=\"icon-angle-down\" aria-hidden=\"true\"><\/i><\/button>\n\t\t\t<span>Reporting gas meter readings - LPG and Natural gas<\/span>\n\t\t<\/a>\n\t\t<div id=\"accordion-1065613414-content\" class=\"accordion-inner\" aria-labelledby=\"accordion-1065613414-label\">\n\t\t\t\n<p>Report your gas meter reading <strong>in the last five days of the current month:<\/strong><\/p>\n<p>pvia the <strong><span style=\"text-decoration: underline;\"><a href=\"https:\/\/mojplin.plinarna-maribor.si\/Prijava?ReturnUrl=%2f\" target=\"_blank\" rel=\"noopener\">MojPlin<\/a><\/span><\/strong> portal \u2013 the MojPlin user portal allows you to quickly and easily enter your meter balance, be reminded to enter your consumption, view your readings and monthly consumption, view your invoices and see the status of open items.<\/p>\n<ul>\n<li>\n<p><strong>To the e-mail address:<\/strong><\/p>\n<ul>\n<li>\n<p>for natural gas customers: <a href=\"mailto:zp@plinarna-maribor.si\"><span style=\"text-decoration: underline;\"><strong>zp@plinarna-maribor.si<\/strong><\/span><\/a><\/p>\n<\/li>\n<li>\n<p>for LPG customers: <a href=\"mailto:unp@plinarna-maribor.si\"><span style=\"text-decoration: underline;\"><strong>unp@plinarna-maribor.si<\/strong><\/span><\/a><\/p>\n<\/li>\n<\/ul>\n<\/li>\n<li>\n<p><strong>To the postal address::<\/strong> Plinarna Maribor d.o.o., Plinarni\u0161ka ulica 9, 2000 Maribor<\/p>\n<\/li>\n<\/ul>\n\t<div class=\"img has-hover x md-x lg-x y md-y lg-y\" id=\"image_1178063516\">\n\t\t\t\t\t\t\t\t<div class=\"img-inner dark\" >\n\t\t\t<img loading=\"lazy\" decoding=\"async\" width=\"940\" height=\"356\" src=\"https:\/\/www.plinarna-maribor.si\/wp-content\/uploads\/plinski-stevec.jpg\" class=\"attachment-large size-large\" alt=\"Sporo\u010danje od\u010ditkov plinskega \u0161tevca\" srcset=\"https:\/\/www.plinarna-maribor.si\/wp-content\/uploads\/plinski-stevec.jpg 940w, https:\/\/www.plinarna-maribor.si\/wp-content\/uploads\/plinski-stevec-300x114.jpg 300w, https:\/\/www.plinarna-maribor.si\/wp-content\/uploads\/plinski-stevec-768x291.jpg 768w\" sizes=\"auto, (max-width: 940px) 100vw, 940px\" title=\"\">\t\t\t\t\t\t\n\t\t\t\t\t<\/div>\n\t\t\t\t\t\t\t\t\n<style>\n#image_1178063516 {\n  width: 100%;\n}\n@media (min-width:550px) {\n  #image_1178063516 {\n    width: 70%;\n  }\n}\n@media (min-width:850px) {\n  #image_1178063516 {\n    width: 50%;\n  }\n}\n<\/style>\n\t<\/div>\n\t\n<p><em>The reading must be true and reflect the actual state of the gas meter. If you report your reading before the last day of the current month, the estimated consumption will be calculated for the remaining days until the end of that month.<\/em><\/p>\n\t\t<\/div>\n\t<\/div>\n\t\n<\/div>\n\t<div id=\"gap-1200512289\" class=\"gap-element clearfix\" style=\"display:block; height:auto;\">\n\t\t\n<style>\n#gap-1200512289 {\n  padding-top: 30px;\n}\n<\/style>\n\t<\/div>\n\t\n<a href=\"\/en\/contact\/ask-more\/\" class=\"button primary btn-green\" >\n\t\t<span>ASK MORE<\/span>\n\t<\/a>\n\n\t\t<\/div>\n\t\t\t\t\n<style>\n#col-608853650 > .col-inner {\n  padding: 20px 20px 20px 20px;\n  margin: -110px 0px 0px 0px;\n}\n@media (min-width:550px) {\n  #col-608853650 > .col-inner {\n    padding: 45px 45px 45px 45px;\n  }\n}\n<\/style>\n\t<\/div>\n\n\t\n\n\t<div id=\"col-484860597\" class=\"col stck hide-for-small medium-12 small-12 large-3 small-col-first\"  >\n\t\t<div class=\"is-sticky-column\"><div class=\"is-sticky-column__inner\">\t\t<div class=\"col-inner\"  >\n\t\t\t\n\t\t\t\n<div class=\"info-b\">\n<div class=\"info-ic\"><img decoding=\"async\" src=\"\/wp-content\/uploads\/2023\/05\/phone.svg\" alt=\"\" title=\"\"><\/div>\n<div class=\"info-cont\">\n<p>PHONE NUMBER<br \/><span style=\"text-transform: none;\">for customer support and emergencies<\/span><\/p>\n<p><a class=\"c-cont\" href=\"tel:+38622284300\">+3862 22 843 00<\/a><\/p>\n<\/div>\n<\/div>\n<div class=\"info-b\">\n<div class=\"info-ic\"><img decoding=\"async\" src=\"\/wp-content\/uploads\/2023\/05\/phone.svg\" alt=\"\" title=\"\"><\/div>\n<div class=\"info-cont\">\n<p>FREE<br \/>PHONE NUMBER<br \/><span style=\"text-transform: none;\">for ordering UNP cylinders<\/span><\/p>\n<p><a class=\"c-cont\" href=\"tel:+386801248\">+38680 1248<\/a><\/p>\n<\/div>\n<\/div>\n<div class=\"info-b\">\n<div class=\"info-ic\"><img decoding=\"async\" src=\"\/wp-content\/uploads\/2023\/05\/envelope.svg\" alt=\"\" title=\"\"><\/div>\n<div class=\"info-cont\">\n<p>E-MAIL<\/p>\n<p><a class=\"c-cont-txt\" href=\"mailto:info@plinarna-maribor.si\"><span style=\"text-transform: none;\">info@plinarna-maribor.si<\/span><\/a><\/p>\n<\/div>\n<\/div>\n\t\t<\/div>\n\t\t<\/div><\/div>\t\t\n<style>\n#col-484860597 > .is-sticky-column > .is-sticky-column__inner > .col-inner {\n  margin: 35px 0px 0px 0px;\n}\n@media (min-width:850px) {\n  #col-484860597 > .is-sticky-column > .is-sticky-column__inner > .col-inner {\n    margin: 0px 0px 0px 0px;\n  }\n}\n<\/style>\n\t<\/div>\n\n\t\n<\/div>\n\t<div id=\"gap-420417768\" class=\"gap-element clearfix\" style=\"display:block; height:auto;\">\n\t\t\n<style>\n#gap-420417768 {\n  padding-top: 15px;\n}\n@media (min-width:850px) {\n  #gap-420417768 {\n    padding-top: 70px;\n  }\n}\n<\/style>\n\t<\/div>\n\t\n\t\t<\/div>\n\n\t\t\n<style>\n#section_1837881030 {\n  padding-top: 65px;\n  padding-bottom: 65px;\n}\n@media (min-width:550px) {\n  #section_1837881030 {\n    padding-top: 30px;\n    padding-bottom: 30px;\n  }\n}\n<\/style>\n\t<\/section>\n\t\n\n\t<section class=\"section\" id=\"section_1985830773\">\n\t\t<div class=\"section-bg fill\" >\n\t\t\t\t\t\t\t\t\t\n\t\t\t\n\n\t\t<\/div>\n\n\t\t\n\n\t\t<div class=\"section-content relative\">\n\t\t\t\n\n<div class=\"row\"  id=\"row-340927278\">\n\n\n\t<div id=\"col-549497548\" class=\"col pb-0 medium-12 small-12 large-5\"  >\n\t\t\t\t<div class=\"col-inner\"  >\n\t\t\t\n\t\t\t\n\n<h2 class=\"s-tit\">Have you found everything you needed?<\/h2>\n\n\t\t<\/div>\n\t\t\t\t\t<\/div>\n\n\t\n\n\t<div id=\"col-1678968999\" class=\"col pb-0 medium-12 small-12 large-7\"  >\n\t\t\t\t<div class=\"col-inner\"  >\n\t\t\t\n\t\t\t\n\n<p class=\"cta-desc\">If you need any information and assistance on how to use our products, feel free to contact us<\/p>\n<a href=\"\/en\/contact\/ask-more\/\" class=\"button primary btn-green ask-us\" >\n\t\t<span>CONTACT US<\/span>\n\t<\/a>\n\n\n<a href=\"tel:+38622284300\" class=\"button primary btn-out cont\" >\n\t\t<span>+386 2 22 843 00<\/span>\n\t<\/a>\n\n\n\n\t\t<\/div>\n\t\t\t\t\t<\/div>\n\n\t\n\n<\/div>\n\t<div id=\"gap-716011861\" class=\"gap-element clearfix\" style=\"display:block; height:auto;\">\n\t\t\n<style>\n#gap-716011861 {\n  padding-top: 100px;\n}\n<\/style>\n\t<\/div>\n\t\n\n\n\t\t<\/div>\n\n\t\t\n<style>\n#section_1985830773 {\n  padding-top: 65px;\n  padding-bottom: 65px;\n  background-color: rgb(248, 248, 248);\n}\n@media (min-width:850px) {\n  #section_1985830773 {\n    padding-top: 100px;\n    padding-bottom: 100px;\n  }\n}\n<\/style>\n\t<\/section>\n\t\n","protected":false},"excerpt":{"rendered":"","protected":false},"author":1,"featured_media":0,"parent":0,"menu_order":0,"comment_status":"closed","ping_status":"closed","template":"","meta":{"footnotes":""},"class_list":["post-2776","page","type-page","status-publish","hentry"],"_links":{"self":[{"href":"https:\/\/www.plinarna-maribor.si\/en\/wp-json\/wp\/v2\/pages\/2776","targetHints":{"allow":["GET"]}}],"collection":[{"href":"https:\/\/www.plinarna-maribor.si\/en\/wp-json\/wp\/v2\/pages"}],"about":[{"href":"https:\/\/www.plinarna-maribor.si\/en\/wp-json\/wp\/v2\/types\/page"}],"author":[{"embeddable":true,"href":"https:\/\/www.plinarna-maribor.si\/en\/wp-json\/wp\/v2\/users\/1"}],"replies":[{"embeddable":true,"href":"https:\/\/www.plinarna-maribor.si\/en\/wp-json\/wp\/v2\/comments?post=2776"}],"version-history":[{"count":0,"href":"https:\/\/www.plinarna-maribor.si\/en\/wp-json\/wp\/v2\/pages\/2776\/revisions"}],"wp:attachment":[{"href":"https:\/\/www.plinarna-maribor.si\/en\/wp-json\/wp\/v2\/media?parent=2776"}],"curies":[{"name":"wp","href":"https:\/\/api.w.org\/{rel}","templated":true}]}}